{"id":10561,"date":"2025-05-26T10:31:49","date_gmt":"2025-05-26T08:31:49","guid":{"rendered":"https:\/\/mirrix.be\/mini-mirrix-loreli-5%e2%80%b3-13-cm-petit-metier-grandes-possibilites\/"},"modified":"2025-08-19T19:56:31","modified_gmt":"2025-08-19T17:56:31","slug":"mini-mirrix-loreli-5-13-cm","status":"publish","type":"product","link":"https:\/\/mirrix.be\/fr\/mini-mirrix-loreli-5-13-cm\/","title":{"rendered":"Mini Mirrix Loreli 5\u2033 = 13 cm \u2013 Petit m\u00e9tier, grandes possibilit\u00e9s"},"content":{"rendered":"<h2>Qu\u2019est-ce qui rend la Mini Mirrix Loreli unique ?<\/h2>\n<p>La Mini Mirrix Loreli est de petite taille, mais offre un grand confort d\u2019utilisation.<\/p>\n<p>Le Loreli p\u00e8se \u00e0 peine 700 grammes et se glisse facilement dans un sac ou une valise. Malgr\u00e9 sa taille, il est suffisamment robuste pour un tissage s\u00e9rieux.<\/p>\n<ul>\n<li><strong>Largeur de tissage:<\/strong> max 6,5 cm<\/li>\n<li><strong>Longueur de tissage standard:<\/strong> 18 cm \u2013 jusqu\u2019\u00e0 38 cm avec cha\u00eene continue<\/li>\n<li><strong>Largeur du m\u00e9tier:<\/strong> 13 cm<\/li>\n<\/ul>\n<h2><\/h2>\n<h2>Convient aux perles et aux fils<\/h2>\n<p>Gr\u00e2ce au <strong>kit<\/strong> de <strong>cha\u00eene sans finitions<\/strong>, vous pouvez enfiler des perles ou tisser de mini-tapisseries. \u00c0 la fin, vous n\u2019avez que deux fils de cha\u00eene \u00e0 rentrer. Cela signifie moins de travail de finition apr\u00e8s avoir retir\u00e9 votre pi\u00e8ce du m\u00e9tier.<\/p>\n<p>&nbsp;<\/p>\n<p>Vous souhaitez r\u00e9aliser une cr\u00e9ation plus longue ? Utilisez alors la <strong>cha\u00eene continue<\/strong>. Elle vous permet de travailler jusqu\u2019\u00e0 38 cm de longueur.<\/p>\n<p>&nbsp;<\/p>\n<p>\u27a1\ufe0f Vous cherchez un mod\u00e8le un peu plus grand ? D\u00e9couvrez le <a href=\"https:\/\/mirrix.be\/fr\/metier-a-tisser-zach-22-55-cm\/\" target=\"_blank\" rel=\"noopener\">Mirrix Zach<\/a>.<\/p>\n<p>&nbsp;<\/p>\n<p>&nbsp;<\/p>\n<h2>Contenu de la bo\u00eete<\/h2>\n<p>Vous recevez en standard :<\/p>\n<ul>\n<li>M\u00e9tier Mini Mirrix Loreli<\/li>\n<li>Pinces en \u00e9rable<\/li>\n<li>Tige filet\u00e9e pour cha\u00eene continue<\/li>\n<li>Peigne de 5,5 cm (ressort)<\/li>\n<li>1,8 m de corde Texsolv<\/li>\n<li>Deux tiges fines avec crochets en S (pour le syst\u00e8me sans finition)<\/li>\n<li>Instructions imprim\u00e9es claires<\/li>\n<\/ul>\n<p>&nbsp;<\/p>\n<h2>Mat\u00e9riaux et durabilit\u00e9<\/h2>\n<p>La Mini Mirrix Loreli est fabriqu\u00e9e avec des mat\u00e9riaux de haute qualit\u00e9 :<\/p>\n<ul>\n<li>Barres en aluminium (l\u00e9g\u00e8res et solides)<\/li>\n<li>Tiges en acier et cuivre (r\u00e9sistantes \u00e0 la rouille)<\/li>\n<\/ul>\n<p>&nbsp;<\/p>\n<p><strong>Vous achetez donc un m\u00e9tier \u00e0 tisser qui dure dans le temps et vous offre des ann\u00e9es de plaisir cr\u00e9atif.<\/strong><\/p>\n<p>&nbsp;<\/p>\n<h2>Pourquoi choisir Weefweelde ?<\/h2>\n<p><a href=\"https:\/\/mirrix.be\/\" target=\"_blank\" rel=\"noopener\">Weefweelde<\/a> est le distributeur officiel des m\u00e9tiers \u00e0 tisser <a href=\"https:\/\/mirrixlooms.com\/\" target=\"_blank\" rel=\"noopener\">Mirrix<\/a> dans l\u2019UE. Vous profitez chez nous de :<\/p>\n<ul>\n<li>Une <strong>livraison rapide<\/strong> depuis la Belgique<\/li>\n<li><strong>Une expertise interne : <\/strong>nous tissons nous-m\u00eames<\/li>\n<li><strong>Des conseils et soutien personnalis\u00e9s <\/strong><\/li>\n<\/ul>\n<p>&nbsp;<\/p>\n<p>\u27a1\ufe0f Des questions ? Contactez-nous via notre <a href=\"https:\/\/mirrix.be\/fr\/contact\/\" target=\"_blank\" rel=\"noopener\">page de contact<\/a><\/p>\n<p>&nbsp;<\/p>\n<p>&nbsp;<\/p>\n<h2>Vid\u00e9os : Bien d\u00e9marrer avec votre m\u00e9tier<\/h2>\n<p>Vous voulez savoir comment monter correctement le m\u00e9tier \u00e0 tisser Loreli 5\u201d ? D\u00e9couvrez comment monter correctement le Lani gr\u00e2ce \u00e0 nos tutoriels vid\u00e9o :<\/p>\n<ul>\n<li>Le montage avec cha\u00eene continue pour la tapisserie<\/li>\n<li>Le montage avec cha\u00eene continue pour le tissage de perles<\/li>\n<li>Le tissage de perles avec et sans syst\u00e8me de lisses<\/li>\n<\/ul>\n","protected":false},"excerpt":{"rendered":"<p>Le <strong>Mini Mirrix Loreli <\/strong>est le plus petit m\u00e9tier de la <a href=\"https:\/\/mirrixlooms.com\/\" target=\"_blank\" rel=\"noopener\">gamme Mirri<\/a>x.<\/p>\n<p>Avec une largeur de 13cm, ce m\u00e9tier compact est id\u00e9al pour le <strong>tissage de perles<\/strong> et les <strong>mini-tapisseries<\/strong>.<\/p>\n<p>Id\u00e9al \u00e0 emporter ou \u00e0 installer rapidement.<\/p>\n<p>Malgr\u00e9 son petit format, ce mod\u00e8le offre des possibilit\u00e9s \u00e9tonnantes.<\/p>\n<p>&nbsp;<\/p>\n<p>&nbsp;<\/p>\n<p><strong><em>Profitez-en : <\/em><\/strong><\/p>\n<p>&nbsp;<\/p>\n","protected":false},"featured_media":9929,"template":"","meta":[],"product_brand":[],"product_cat":[371,354],"product_tag":[],"merk":[],"class_list":{"0":"post-10561","1":"product","2":"type-product","3":"status-publish","4":"has-post-thumbnail","6":"product_cat-en-promotion","7":"product_cat-metiers-a-tisser-mirrix","9":"first","10":"instock","11":"sale","12":"taxable","13":"shipping-taxable","14":"purchasable","15":"product-type-simple"},"_links":{"self":[{"href":"https:\/\/mirrix.be\/fr\/wp-json\/wp\/v2\/product\/10561","targetHints":{"allow":["GET"]}}],"collection":[{"href":"https:\/\/mirrix.be\/fr\/wp-json\/wp\/v2\/product"}],"about":[{"href":"https:\/\/mirrix.be\/fr\/wp-json\/wp\/v2\/types\/product"}],"wp:featuredmedia":[{"embeddable":true,"href":"https:\/\/mirrix.be\/fr\/wp-json\/wp\/v2\/media\/9929"}],"wp:attachment":[{"href":"https:\/\/mirrix.be\/fr\/wp-json\/wp\/v2\/media?parent=10561"}],"wp:term":[{"taxonomy":"product_brand","embeddable":true,"href":"https:\/\/mirrix.be\/fr\/wp-json\/wp\/v2\/product_brand?post=10561"},{"taxonomy":"product_cat","embeddable":true,"href":"https:\/\/mirrix.be\/fr\/wp-json\/wp\/v2\/product_cat?post=10561"},{"taxonomy":"product_tag","embeddable":true,"href":"https:\/\/mirrix.be\/fr\/wp-json\/wp\/v2\/product_tag?post=10561"},{"taxonomy":"merk","embeddable":true,"href":"https:\/\/mirrix.be\/fr\/wp-json\/wp\/v2\/merk?post=10561"}],"curies":[{"name":"wp","href":"https:\/\/api.w.org\/{rel}","templated":true}]}}