{"id":10595,"date":"2024-09-15T19:18:35","date_gmt":"2024-09-15T17:18:35","guid":{"rendered":"https:\/\/mirrix.be\/metier-a-tisser-zach-22%e2%80%b3-55-cm-leger-mais-puissant-pour-les-grands-projets\/"},"modified":"2025-11-17T15:12:47","modified_gmt":"2025-11-17T14:12:47","slug":"metier-a-tisser-zach-22-55-cm","status":"publish","type":"product","link":"https:\/\/mirrix.be\/fr\/metier-a-tisser-zach-22-55-cm\/","title":{"rendered":"M\u00e9tier \u00e0 tisser Zach 22\u2033 = 55 cm \u2013 L\u00e9ger mais puissant pour les grands projets"},"content":{"rendered":"<h2>Qu\u2019est-ce qui rend le Zach unique ?<\/h2>\n<p>L\u00e9ger, mais con\u00e7u pour de grands projets de tissage.<\/p>\n<p>Avec seulement 3,2 kg, le Zach est facile \u00e0 d\u00e9placer, tout en \u00e9tant suffisamment robuste pour un usage intensif.<\/p>\n<p>&nbsp;<\/p>\n<p>\u27a1\ufe0f Vous pr\u00e9f\u00e9rez un mod\u00e8le encore plus l\u00e9ger et compact ? D\u00e9couvrez le <a href=\"https:\/\/mirrix.be\/fr\/metier-a-tisser-little-guy-12-30-cm\/\" target=\"_blank\" rel=\"noopener\">Little Guy.<\/a><\/p>\n<p>&nbsp;<\/p>\n<p>Le syst\u00e8me de lisse est inclus de s\u00e9rie.<\/p>\n<p>Le syst\u00e8me de lisses soul\u00e8ve alternativement les fils de cha\u00eene, ce qui rend le tissage plus rapide, plus pr\u00e9cis et plus ergonomique.<\/p>\n<p>La version allong\u00e9e augmente l\u2019ouverture de tissage de 2 cm \u00e0 4 cm.<\/p>\n<p>Comme tous les mod\u00e8les Mirrix, le Zach est \u00e9galement adapt\u00e9 au tissage de <strong>perles<\/strong>. Gr\u00e2ce \u00e0 sa largeur de 48 cm, vous pouvez m\u00eame cr\u00e9er plusieurs petits ouvrages <strong>c\u00f4te \u00e0 c\u00f4te<\/strong>.<\/p>\n<h2><\/h2>\n<h2>Sp\u00e9cifications du m\u00e9tier Zach<\/h2>\n<table>\n<thead>\n<tr>\n<td>Caract\u00e9ristique<\/td>\n<td>Standard<\/td>\n<td colspan=\"2\">Allong\u00e9<\/td>\n<\/tr>\n<\/thead>\n<tbody>\n<tr>\n<td>Largeur de tissage<\/td>\n<td colspan=\"2\" width=\"129\">48 cm<\/td>\n<td colspan=\"2\">48 cm<\/td>\n<\/tr>\n<tr>\n<td>Longueur avec lisse<\/td>\n<td colspan=\"2\" width=\"129\">120 cm<\/td>\n<td colspan=\"2\">145 cm<\/td>\n<\/tr>\n<tr>\n<td>Longueur sans lisse<\/td>\n<td>130 cm<\/td>\n<td colspan=\"2\">155 cm<\/td>\n<\/tr>\n<tr>\n<td>Poids<\/td>\n<td>3,2 kg<\/td>\n<td colspan=\"2\">2 kg<\/td>\n<\/tr>\n<tr>\n<td>Largeur du m\u00e9tier<\/td>\n<td>55 cm<\/td>\n<td colspan=\"2\">55 cm<\/td>\n<\/tr>\n<tr>\n<td><\/td>\n<td><\/td>\n<td colspan=\"2\"><\/td>\n<\/tr>\n<tr>\n<td width=\"167\"><\/td>\n<td width=\"95\"><\/td>\n<td width=\"36\"><\/td>\n<td width=\"55\"><\/td>\n<td width=\"3\"><\/td>\n<\/tr>\n<\/tbody>\n<\/table>\n<p>&nbsp;<\/p>\n<p>Les longueurs tiennent compte d\u2019une petite perte de fil de cha\u00eene au d\u00e9but et \u00e0 la fin de l\u2019ouvrage.<\/p>\n<p>&nbsp;<\/p>\n<p>\ud83d\udca1 Astuce : commencez avec le syst\u00e8me de lisses et retirez-le \u00e0 la fin pour profiter pleinement de la longueur disponible, jusqu\u2019\u00e0 130 cm.<\/p>\n<h2><\/h2>\n<p>&nbsp;<\/p>\n<h2>Contenu de la bo\u00eete Zach<\/h2>\n<ul>\n<li>M\u00e9tier Zach<\/li>\n<li>Syst\u00e8me de lisse avec poign\u00e9e<\/li>\n<li>Cl\u00e9 d\u2019ajustage plate et cl\u00e9 Allen<\/li>\n<li>4 ressorts (3, 5, 5,5 et 7 dents\/cm)<\/li>\n<li>Barre de ressort sup\u00e9rieure<\/li>\n<li>Manuel imprim\u00e9<\/li>\n<\/ul>\n<h2><\/h2>\n<h2>Extensions disponibles<\/h2>\n<ul>\n<li>Grand support<\/li>\n<li>Repose-pieds prolong\u00e9s<\/li>\n<li>Des peignes et barres de cha\u00eene suppl\u00e9mentaires<\/li>\n<li>Kit de ressorts inf\u00e9rieurs<\/li>\n<li>Cordons Texsolv<\/li>\n<\/ul>\n<h2><\/h2>\n<h2>Mat\u00e9riaux<\/h2>\n<ul>\n<li>Barres en aluminium<\/li>\n<li>Tiges en cuivre et acier<\/li>\n<li>Pinces en \u00e9rable<\/li>\n<\/ul>\n<h2><\/h2>\n<h2>Pourquoi acheter chez Weefweelde ?<\/h2>\n<p><a href=\"https:\/\/mirrix.be\/\" target=\"_blank\" rel=\"noopener\">Weefweelde<\/a> est le distributeur officiel des <a href=\"https:\/\/mirrixlooms.com\/\" target=\"_blank\" rel=\"noopener\">m\u00e9tiers Mirrix<\/a> dans l\u2019UE. Vous b\u00e9n\u00e9ficiez de :<\/p>\n<ul>\n<li>Une exp\u00e9dition rapide depuis la Belgique<\/li>\n<li>Des conseils et soutien personnalis\u00e9s<\/li>\n<li>Une expertise pratique du tissage<\/li>\n<\/ul>\n<h2><\/h2>\n<h2>Vid\u00e9os : Bien d\u00e9marrer avec votre m\u00e9tier<\/h2>\n<p>Vous voulez savoir comment monter correctement le m\u00e9tier \u00e0 tisser Zach ? Regardez les vid\u00e9os ci-dessous avec des instructions claires pour :<\/p>\n<ul>\n<li>Montage avec cha\u00eene continue pour la tapisserie<\/li>\n<li>Montage avec cha\u00eene continue pour le tissage de perles<\/li>\n<li>Tissage de perles avec ou sans syst\u00e8me de lisse<\/li>\n<\/ul>\n<p>&nbsp;<\/p>\n<p>\u27a1\ufe0f Des questions ? <a href=\"https:\/\/mirrix.be\/fr\/contact\/\" target=\"_blank\" rel=\"noopener\">Contactez-nous ici.<\/a><\/p>\n<p>&nbsp;<\/p>\n","protected":false},"excerpt":{"rendered":"<p>Le m\u00e9tier \u00e0 tisser <strong>Zach<\/strong> de Mirrix est id\u00e9al pour des projets de tissage plus ambitieux.<\/p>\n<p>Avec une largeur de tissage de 48 cm et jusqu\u2019\u00e0 155 cm de longueur, il offre une grande capacit\u00e9 dans un format \u00e9tonnamment l\u00e9ger.<\/p>\n<p>Facile \u00e0 transporter, ce m\u00e9tier est livr\u00e9 de s\u00e9rie avec le syst\u00e8me de lisses propre \u00e0 Mirrix.<\/p>\n<p>Et gr\u00e2ce \u00e0 son design astucieux avec pieds int\u00e9gr\u00e9s repliables, il se range aussi tr\u00e8s facilement.<\/p>\n","protected":false},"featured_media":10596,"template":"","meta":[],"product_brand":[],"product_cat":[354,394],"product_tag":[],"merk":[],"class_list":{"0":"post-10595","1":"product","2":"type-product","3":"status-publish","4":"has-post-thumbnail","6":"product_cat-metiers-a-tisser-mirrix","7":"product_cat-mirrix-metiers-a-tisser","9":"first","10":"instock","11":"sale","12":"taxable","13":"shipping-taxable","14":"purchasable","15":"product-type-variable"},"_links":{"self":[{"href":"https:\/\/mirrix.be\/fr\/wp-json\/wp\/v2\/product\/10595","targetHints":{"allow":["GET"]}}],"collection":[{"href":"https:\/\/mirrix.be\/fr\/wp-json\/wp\/v2\/product"}],"about":[{"href":"https:\/\/mirrix.be\/fr\/wp-json\/wp\/v2\/types\/product"}],"wp:featuredmedia":[{"embeddable":true,"href":"https:\/\/mirrix.be\/fr\/wp-json\/wp\/v2\/media\/10596"}],"wp:attachment":[{"href":"https:\/\/mirrix.be\/fr\/wp-json\/wp\/v2\/media?parent=10595"}],"wp:term":[{"taxonomy":"product_brand","embeddable":true,"href":"https:\/\/mirrix.be\/fr\/wp-json\/wp\/v2\/product_brand?post=10595"},{"taxonomy":"product_cat","embeddable":true,"href":"https:\/\/mirrix.be\/fr\/wp-json\/wp\/v2\/product_cat?post=10595"},{"taxonomy":"product_tag","embeddable":true,"href":"https:\/\/mirrix.be\/fr\/wp-json\/wp\/v2\/product_tag?post=10595"},{"taxonomy":"merk","embeddable":true,"href":"https:\/\/mirrix.be\/fr\/wp-json\/wp\/v2\/merk?post=10595"}],"curies":[{"name":"wp","href":"https:\/\/api.w.org\/{rel}","templated":true}]}}