{"id":10919,"date":"2024-09-17T20:18:54","date_gmt":"2024-09-17T18:18:54","guid":{"rendered":"https:\/\/mirrix.be\/support-chloe-pour-metiers-mirrix\/"},"modified":"2026-01-09T13:32:34","modified_gmt":"2026-01-09T12:32:34","slug":"support-chloe-pour-metiers-mirrix","status":"publish","type":"product","link":"https:\/\/mirrix.be\/fr\/support-chloe-pour-metiers-mirrix\/","title":{"rendered":"Support Chloe pour m\u00e9tiers Mirrix"},"content":{"rendered":"<h2>Qu\u2019est-ce que le support Chloe\u202f?<\/h2>\n<p>Le support Chloe est un accessoire compact et amovible qui se fixe \u00e0 l\u2019arri\u00e8re de votre m\u00e9tier Chloe.<\/p>\n<p>Il positionne le m\u00e9tier en angle inclin\u00e9. Id\u00e9al pour tisser assis(e), tout en gardant une bonne posture.<\/p>\n<p>&nbsp;<\/p>\n<h2>Pourquoi utiliser ce support\u202f?<\/h2>\n<ul>\n<li>Meilleure posture pendant le tissage<\/li>\n<li>Vue directe sur le projet de perles ou de tapisserie<\/li>\n<li>Moins de tension dans le cou et les \u00e9paules<\/li>\n<li>L\u00e9ger et d\u00e9montable et donc facile \u00e0 ranger<\/li>\n<\/ul>\n<p>&nbsp;<\/p>\n<h2>L\u2019inclinaison est-elle r\u00e9glable\u202f?<\/h2>\n<p>Oui\u202f! Il suffit de d\u00e9placer le support le long de la tige centrale du m\u00e9tier Chloe pour r\u00e9gler l\u2019angle. Choisissez la position qui vous convient le mieux.<\/p>\n<p>&nbsp;<\/p>\n<p>Vous cherchez plus d\u2019accessoires pour votre Chloe ? D\u00e9couvrez aussi les <a href=\"https:\/\/mirrix.be\/verlengde-schroefdraadstangen-voor-chloe-en-saffron\/\">tiges filet\u00e9es allong\u00e9es<\/a>.<\/p>\n<p>&nbsp;<\/p>\n<h2>Contenu du kit<\/h2>\n<p>1 support, 2 \u00e9crous hexagonaux, 2 rondelles, 2 butoirs en caoutchouc (pieds pour le bas du m\u00e9tier \u00e0 tisser)<\/p>\n<p><strong>Veuillez noter que pour le mod\u00e8le Chloe 10, deux supports sont n\u00e9cessaires.<\/strong><\/p>\n<h2><\/h2>\n<h2>Peut-on ajouter le support Chloe \u00e0 l\u2019achat du m\u00e9tier\u202f?<\/h2>\n<p>Oui, vous pouvez s\u00e9lectionner le support Chloe comme option lors de l\u2019achat de votre <a href=\"https:\/\/mirrix.be\/product\/chloe-pocket-loom\/\">m\u00e9tier \u00e0 tisser Chloe<\/a>.<\/p>\n<p>Un seul clic et tout est pr\u00eat \u00e0 l\u2019emploi.<\/p>\n<p>&nbsp;<\/p>\n<h2>Pourquoi choisir Weefweelde ?<\/h2>\n<p><a href=\"https:\/\/weefweelde.be\/\" target=\"_blank\" rel=\"noopener\">Weefweelde<\/a> est le distributeur officiel des <a href=\"https:\/\/mirrixlooms.com\/\" target=\"_blank\" rel=\"noopener\">m\u00e9tiers Mirrix <\/a>dans l\u2019Union europ\u00e9enne.<\/p>\n<p>Nous proposons :<\/p>\n<ul>\n<li>Des conseils experts et personnalis\u00e9s<\/li>\n<li>Une livraison rapide depuis notre stock<\/li>\n<li>On vous offre :<\/li>\n<\/ul>\n<p>&nbsp;<\/p>\n<h2>Instructions pour installer le support Chloe<\/h2>\n<p>Consultez notre guide illustr\u00e9 pour un montage pas \u00e0 pas.<\/p>\n<p>&nbsp;<\/p>\n<p>\u27a1\ufe0f Des questions ? <a href=\"https:\/\/mirrix.be\/contact\/\">Contactez-nous <\/a>ici.<\/p>\n","protected":false},"excerpt":{"rendered":"<p>Le <strong>support Chloe<\/strong> vous permet d\u2019incliner votre m\u00e9tier Chloe vers vous, sur une table.<\/p>\n<p>Un tissage ergonomique et confortable, avec une bonne visibilit\u00e9 sur votre ouvrage.<\/p>\n<p>&nbsp;<\/p>\n","protected":false},"featured_media":10920,"template":"","meta":[],"product_brand":[],"product_cat":[439,461],"product_tag":[442],"merk":[],"class_list":{"0":"post-10919","1":"product","2":"type-product","3":"status-publish","4":"has-post-thumbnail","6":"product_cat-accessoires-mirrix","7":"product_cat-mirrix-accessoires-fr","8":"product_tag-chloe-fr","10":"first","11":"instock","12":"sale","13":"taxable","14":"shipping-taxable","15":"purchasable","16":"product-type-variable"},"_links":{"self":[{"href":"https:\/\/mirrix.be\/fr\/wp-json\/wp\/v2\/product\/10919","targetHints":{"allow":["GET"]}}],"collection":[{"href":"https:\/\/mirrix.be\/fr\/wp-json\/wp\/v2\/product"}],"about":[{"href":"https:\/\/mirrix.be\/fr\/wp-json\/wp\/v2\/types\/product"}],"wp:featuredmedia":[{"embeddable":true,"href":"https:\/\/mirrix.be\/fr\/wp-json\/wp\/v2\/media\/10920"}],"wp:attachment":[{"href":"https:\/\/mirrix.be\/fr\/wp-json\/wp\/v2\/media?parent=10919"}],"wp:term":[{"taxonomy":"product_brand","embeddable":true,"href":"https:\/\/mirrix.be\/fr\/wp-json\/wp\/v2\/product_brand?post=10919"},{"taxonomy":"product_cat","embeddable":true,"href":"https:\/\/mirrix.be\/fr\/wp-json\/wp\/v2\/product_cat?post=10919"},{"taxonomy":"product_tag","embeddable":true,"href":"https:\/\/mirrix.be\/fr\/wp-json\/wp\/v2\/product_tag?post=10919"},{"taxonomy":"merk","embeddable":true,"href":"https:\/\/mirrix.be\/fr\/wp-json\/wp\/v2\/merk?post=10919"}],"curies":[{"name":"wp","href":"https:\/\/api.w.org\/{rel}","templated":true}]}}