{"id":11019,"date":"2024-09-17T10:49:13","date_gmt":"2024-09-17T08:49:13","guid":{"rendered":"https:\/\/mirrix.be\/kit-de-barre-de-chaine-supplementaire-pour-metiers-mirrix\/"},"modified":"2025-11-18T10:23:14","modified_gmt":"2025-11-18T09:23:14","slug":"kit-de-barre-de-chaine-supplementaire","status":"publish","type":"product","link":"https:\/\/mirrix.be\/fr\/kit-de-barre-de-chaine-supplementaire\/","title":{"rendered":"Kit de barre de cha\u00eene suppl\u00e9mentaire pour m\u00e9tiers Mirrix"},"content":{"rendered":"<h2>Qu\u2019est-ce que le kit de barre de cha\u00eene suppl\u00e9mentaire\u202f?<\/h2>\n<p>Ce kit de barre de cha\u00eene suppl\u00e9mentaire\u202f(Extra Warping Bar Kit en anglais) vous permet de cha\u00eener votre m\u00e9tier Mirrix uniquement \u00e0 l\u2019avant.<br \/>Vous \u00e9conomisez du fil de cha\u00eene tout en ayant un meilleur acc\u00e8s \u00e0 votre travail. Parfait pour les projets courts ou pr\u00e9cis. <\/p>\n<p>Id\u00e9al pour :<\/p>\n<ul>\n<li>tissage de perles avec main derri\u00e8re le m\u00e9tier<\/li>\n<li>tapisserie vue de dos<\/li>\n<li>projets avec peu de longueur de cha\u00eene<\/li>\n<\/ul>\n<h2><\/h2>\n<h2>Que contient le kit\u202f?<\/h2>\n<p>Chaque kit comprend :<\/p>\n<ul>\n<li>1 barre de cha\u00eene suppl\u00e9mentaire<\/li>\n<li>cordon Texsolv<\/li>\n<li>4 clips m\u00e9talliques pour fixer le cordon<\/li>\n<\/ul>\n<p>&nbsp;<\/p>\n<p>Avec la barre de cha\u00eene standard (utilis\u00e9e avec le syst\u00e8me de lisses), vous avez donc deux barres entre lesquelles tendre votre cha\u00eene continue.<\/p>\n<p>&nbsp;<\/p>\n<h2>Quelle longueur de cordon Texsolv\u202f?<\/h2>\n<p>La longueur du <a href=\"https:\/\/mirrix.be\/texsolv-koordjes-2\/\">cordon Texsolv<\/a> d\u00e9pend du mod\u00e8le de m\u00e9tier : <\/p>\n<table>\n<thead>\n<tr>\n<td>Largeur du m\u00e9tier<\/td>\n<td>Longueur du cordon<\/td>\n<\/tr>\n<\/thead>\n<tbody>\n<tr>\n<td>jusqu\u2019\u00e0 50 cm<\/td>\n<td>3 m\u00e8tres<\/td>\n<\/tr>\n<tr>\n<td>55 \u2013 90 cm<\/td>\n<td>5 m\u00e8tres<\/td>\n<\/tr>\n<\/tbody>\n<\/table>\n<p>&nbsp;<\/p>\n<p>Nous incluons toujours plus qu\u2019assez de cordon pour votre mod\u00e8le.<\/p>\n<p>&nbsp;<\/p>\n<h2>Compatibilit\u00e9<\/h2>\n<p>Ce kit est compatible avec les mod\u00e8les suivants :<\/p>\n<ul>\n<li><a href=\"https:\/\/mirrix.be\/lani-loom\/\">Lani<\/a><\/li>\n<li><a href=\"https:\/\/mirrix.be\/little-guy\/\">Little Guy<\/a><\/li>\n<li><a href=\"https:\/\/mirrix.be\/big-sister\/\">Big Sister<\/a><\/li>\n<li>Deb<\/li>\n<li><a href=\"https:\/\/mirrix.be\/zach\/\">Zach<\/a><\/li>\n<li>McKinley<\/li>\n<li><a href=\"https:\/\/mirrix.be\/joni\/\">Joni<\/a><\/li>\n<li><a href=\"https:\/\/mirrix.be\/fr\/metier-a-tisser-zeus-38-97-cm\/\">Zeus<\/a><\/li>\n<li><a href=\"https:\/\/mirrix.be\/lily-loom\/\">Lily<\/a>,<\/li>\n<\/ul>\n<p>&nbsp;<\/p>\n<p>V\u00e9rifiez bien votre mod\u00e8le avant de commander.<\/p>\n<p>&nbsp;<\/p>\n<h2>Pourquoi utiliser une cha\u00eene uniquement \u00e0 l\u2019avant\u202f?<\/h2>\n<ul>\n<li>Moins de fil utilis\u00e9, pas de perte derri\u00e8re le m\u00e9tier<\/li>\n<li>Meilleure visibilit\u00e9 sur l\u2019ouvrage<\/li>\n<li>Plus de place pour les mains derri\u00e8re la foule<\/li>\n<li>Id\u00e9al pour les tests, \u00e9chantillons ou projets tr\u00e8s fins<\/li>\n<\/ul>\n<p>&nbsp;<\/p>\n<h2>Pourquoi choisir Weefweelde ?<\/h2>\n<p><a href=\"https:\/\/weefweelde.be\/\" target=\"_blank\" rel=\"noopener\">Weefweelde<\/a> est le distributeur officiel des m\u00e9tiers \u00e0 tisser <a href=\"https:\/\/mirrixlooms.com\/\" target=\"_blank\" rel=\"noopener\">Mirrix <\/a>dans l\u2019UE.<\/p>\n<p>Nous proposons :<\/p>\n<ul>\n<li>Des conseils experts et personnalis\u00e9s<\/li>\n<li>Une livraison rapide depuis notre stock<\/li>\n<li>On vous offre :<\/li>\n<\/ul>\n<p>&nbsp;<\/p>\n<h2>Vid\u00e9os : D\u00e9marrer pas \u00e0 pas<\/h2>\n<p>Besoin d\u2019aide pour installer ce kit\u202f? Regardez notre tutoriel vid\u00e9o. <\/p>\n<p>Ou consultez le <a href=\"https:\/\/mirrix.be\/wp-content\/uploads\/2024\/09\/warping-with-the-Extra-Warping-Bar-Kit-3.pdf\">manuel en anglais<\/a>.<\/p>\n<p>&nbsp;<\/p>\n<p>Envie d\u2019un <a href=\"https:\/\/mirrix.be\/weefshop\/?jsf=epro-loop-builder:weefproducten&amp;tax=merk:176\">m\u00e9tier<\/a> ou d\u2019autres accessoires\u202f? D\u00e9couvrez notre collection Mirrix et nos <a href=\"https:\/\/mirrix.be\/algemene-toebehoren\/\">outils.<\/a>  <\/p>\n","protected":false},"excerpt":{"rendered":"<p>Souhaitez-vous installer une cha\u00eene plus courte ou \u00e0 simple face ?<\/p>\n<p>Le kit de barre de cha\u00eene suppl\u00e9mentaire vous permet de travailler de mani\u00e8re \u00e9conomique et efficace, ce qui est id\u00e9al pour les travaux de perlage ou de tapisserie \u00e0 partir de l&rsquo;arri\u00e8re.<\/p>\n","protected":false},"featured_media":11020,"template":"","meta":[],"product_brand":[],"product_cat":[461,439,672],"product_tag":[445],"merk":[176],"class_list":{"0":"post-11019","1":"product","2":"type-product","3":"status-publish","4":"has-post-thumbnail","6":"product_cat-mirrix-accessoires-fr","7":"product_cat-accessoires-mirrix","8":"product_cat-mirrix-accessoires-fr-2","9":"product_tag-kit-de-barre-de-chaine-supplementaire","10":"merk-mirrix","12":"first","13":"instock","14":"sale","15":"taxable","16":"shipping-taxable","17":"purchasable","18":"product-type-variable"},"_links":{"self":[{"href":"https:\/\/mirrix.be\/fr\/wp-json\/wp\/v2\/product\/11019","targetHints":{"allow":["GET"]}}],"collection":[{"href":"https:\/\/mirrix.be\/fr\/wp-json\/wp\/v2\/product"}],"about":[{"href":"https:\/\/mirrix.be\/fr\/wp-json\/wp\/v2\/types\/product"}],"wp:featuredmedia":[{"embeddable":true,"href":"https:\/\/mirrix.be\/fr\/wp-json\/wp\/v2\/media\/11020"}],"wp:attachment":[{"href":"https:\/\/mirrix.be\/fr\/wp-json\/wp\/v2\/media?parent=11019"}],"wp:term":[{"taxonomy":"product_brand","embeddable":true,"href":"https:\/\/mirrix.be\/fr\/wp-json\/wp\/v2\/product_brand?post=11019"},{"taxonomy":"product_cat","embeddable":true,"href":"https:\/\/mirrix.be\/fr\/wp-json\/wp\/v2\/product_cat?post=11019"},{"taxonomy":"product_tag","embeddable":true,"href":"https:\/\/mirrix.be\/fr\/wp-json\/wp\/v2\/product_tag?post=11019"},{"taxonomy":"merk","embeddable":true,"href":"https:\/\/mirrix.be\/fr\/wp-json\/wp\/v2\/merk?post=11019"}],"curies":[{"name":"wp","href":"https:\/\/api.w.org\/{rel}","templated":true}]}}