{"id":11112,"date":"2024-09-18T22:14:51","date_gmt":"2024-09-18T20:14:51","guid":{"rendered":"https:\/\/mirrix.be\/ressorts-supplementaires-pour-metiers-mirrix\/"},"modified":"2025-10-14T18:01:49","modified_gmt":"2025-10-14T16:01:49","slug":"ressorts-supplementaires-pour-metiers-mirrix","status":"publish","type":"product","link":"https:\/\/mirrix.be\/fr\/ressorts-supplementaires-pour-metiers-mirrix\/","title":{"rendered":"Ressorts suppl\u00e9mentaires pour m\u00e9tiers Mirrix"},"content":{"rendered":"<h2>Quand avez-vous besoin de ressorts suppl\u00e9mentaires\u202f?<\/h2>\n<p>Vous souhaitez changer l\u2019espacement des fils de cha\u00eene ou remplacer un ressort us\u00e9\u202f?<\/p>\n<p>Ces ressorts de cha\u00eene (warp coils ou springs en anglais) conviennent \u00e0 tous les m\u00e9tiers Mirrix.<\/p>\n<p>Tailles disponibles<\/p>\n<p>Chaque ressort correspond \u00e0 un \u00e9cart sp\u00e9cifique :<\/p>\n<table>\n<thead>\n<tr>\n<td>Espacement (dents)<\/td>\n<td>Id\u00e9al pour<\/td>\n<\/tr>\n<\/thead>\n<tbody>\n<tr>\n<td>2 dents\/cm<\/td>\n<td>fils \u00e9pais, foule large<\/td>\n<\/tr>\n<tr>\n<td>3 dents\/cm<\/td>\n<td>cha\u00eene textur\u00e9e standard<\/td>\n<\/tr>\n<tr>\n<td>4 dents\/cm<\/td>\n<td>petite tapisserie<\/td>\n<\/tr>\n<tr>\n<td>5 dents\/cm<\/td>\n<td>fils fins, tissage d\u00e9taill\u00e9<\/td>\n<\/tr>\n<tr>\n<td>5,5 dents\/cm<\/td>\n<td>entre fin et tr\u00e8s fin<\/td>\n<\/tr>\n<tr>\n<td>6,5 dents\/cm<\/td>\n<td>tissage ultra fin<\/td>\n<\/tr>\n<tr>\n<td>7 dents\/cm<\/td>\n<td>standard pour m\u00e9tiers avec lisses<\/td>\n<\/tr>\n<tr>\n<td>8 dents\/cm<\/td>\n<td>cha\u00eene ultra fine, tissage de perle<\/td>\n<p>s<br \/>\n<\/tr>\n<\/tbody>\n<\/table>\n<p>&nbsp;<\/p>\n<p>Tous les ressorts sont rev\u00eatus aux extr\u00e9mit\u00e9s et faciles \u00e0 installer.<\/p>\n<p>&nbsp;<\/p>\n<h2><strong>Comment utiliser ces ressorts\u202f?<\/strong><\/h2>\n<p>Fixez les ressorts \u00e0 la barre sup\u00e9rieure ou inf\u00e9rieure de votre m\u00e9tier Mirrix.<\/p>\n<p>Ils garantissent une tension et un espacement r\u00e9guliers pendant tout le tissage.<\/p>\n<p>Tous les m\u00e9tiers Mirrix \u00e0 partir du mod\u00e8le Lani sont livr\u00e9s avec au moins un ressort (5,5 dents\/cm) pr\u00e9install\u00e9 sur la barre sup\u00e9rieure.<\/p>\n<p>Votre m\u00e9tier a-t-il d\u00e9j\u00e0 des ressorts\u202f?<\/p>\n<p>Votre m\u00e9tier \u00e0 tisser n\u2019a pas de ressorts en haut ou en bas ? Commencez alors par le kit de ressorts inf\u00e9rieurs.<\/p>\n<p>Ce kit comprend :<\/p>\n<ul>\n<li>1 support m\u00e9tallique (pour barre sup\u00e9rieure ou inf\u00e9rieure)<\/li>\n<li>4 ressorts standards (3, 5, 5,5 et 7 dents\/cm)<\/li>\n<\/ul>\n<p>&nbsp;<\/p>\n<p>Vous pourrez ensuite ajouter d\u2019autres tailles selon vos besoins.<\/p>\n<p>&nbsp;<\/p>\n<h2>Ressorts inclus avec les m\u00e9tiers\u202f?<\/h2>\n<p>Oui. Les <strong>mod\u00e8les avec syst\u00e8me de lisse<\/strong> (<g id=\"gid_0\">Lani<\/g>, <a href=\"https:\/\/mirrix.be\/little-guy\/\">Little Guy<\/a>, <g id=\"gid_2\">Big Sister<\/g>, <a href=\"https:\/\/mirrix.be\/zach\/\">Zach<\/a>, <a href=\"https:\/\/mirrix.be\/joni\/\">Joni<\/a>, <a href=\"https:\/\/mirrix.be\/fr\/metier-a-tisser-zeus-38-97-cm\/\">Zeus<\/a>, <a href=\"https:\/\/mirrix.be\/lily-loom\/\">Lily<\/a>) sont livr\u00e9s avec 4 ressorts pour la barre sup\u00e9rieure : 3, 5, 5,5 et 7 dents\/cm    <\/p>\n<p>&nbsp;<\/p>\n<h2>Pourquoi choisir Weefweelde ?<\/h2>\n<p><a href=\"https:\/\/weefweelde.be\/\" target=\"_blank\" rel=\"noopener\">Weefweelde<\/a> est le distributeur officiel des m\u00e9tiers \u00e0 tisser <a href=\"https:\/\/mirrixlooms.com\/\" target=\"_blank\" rel=\"noopener\">Mirrix <\/a>dans l\u2019UE.<\/p>\n<p>Nous proposons :<\/p>\n<ul>\n<li>Des conseils experts et personnalis\u00e9s<\/li>\n<li>Une livraison rapide depuis notre stock<\/li>\n<li>On vous offre :<\/li>\n<\/ul>\n<p>&nbsp;<\/p>\n<p>\u27a1\ufe0f Des questions ? <a href=\"https:\/\/mirrix.be\/contact\/\">Contactez-nous <\/a>ici.<\/p>\n<p>&nbsp;<\/p>\n<p>Vous cherchez un m\u00e9tier ou des accessoires\u202f? D\u00e9couvrez notre collection de <a href=\"https:\/\/mirrix.be\/weefshop\/?jsf=epro-loop-builder:weefproducten&amp;tax=merk:176\">m\u00e9tiers Mirrix<\/a> et nos <a href=\"https:\/\/mirrix.be\/algemene-toebehoren\/\">outils et extensions<\/a> Alors n\u2019h\u00e9sitez pas \u00e0 consulter notre assortiment.<\/p>\n<p>&nbsp;<\/p>\n","protected":false},"excerpt":{"rendered":"<p>Utilisez des <strong>ressorts suppl\u00e9mentaires<\/strong> pour adapter l\u2019espacement des fils de cha\u00eene \u00e0 votre projet. Disponibles en 8 tailles, de 2 \u00e0 8 dents\/cm. <\/p>\n","protected":false},"featured_media":11113,"template":"","meta":[],"product_brand":[],"product_cat":[439,461],"product_tag":[],"merk":[176],"class_list":{"0":"post-11112","1":"product","2":"type-product","3":"status-publish","4":"has-post-thumbnail","6":"product_cat-accessoires-mirrix","7":"product_cat-mirrix-accessoires-fr","8":"merk-mirrix","10":"first","11":"instock","12":"sale","13":"taxable","14":"shipping-taxable","15":"purchasable","16":"product-type-variable"},"_links":{"self":[{"href":"https:\/\/mirrix.be\/fr\/wp-json\/wp\/v2\/product\/11112","targetHints":{"allow":["GET"]}}],"collection":[{"href":"https:\/\/mirrix.be\/fr\/wp-json\/wp\/v2\/product"}],"about":[{"href":"https:\/\/mirrix.be\/fr\/wp-json\/wp\/v2\/types\/product"}],"wp:featuredmedia":[{"embeddable":true,"href":"https:\/\/mirrix.be\/fr\/wp-json\/wp\/v2\/media\/11113"}],"wp:attachment":[{"href":"https:\/\/mirrix.be\/fr\/wp-json\/wp\/v2\/media?parent=11112"}],"wp:term":[{"taxonomy":"product_brand","embeddable":true,"href":"https:\/\/mirrix.be\/fr\/wp-json\/wp\/v2\/product_brand?post=11112"},{"taxonomy":"product_cat","embeddable":true,"href":"https:\/\/mirrix.be\/fr\/wp-json\/wp\/v2\/product_cat?post=11112"},{"taxonomy":"product_tag","embeddable":true,"href":"https:\/\/mirrix.be\/fr\/wp-json\/wp\/v2\/product_tag?post=11112"},{"taxonomy":"merk","embeddable":true,"href":"https:\/\/mirrix.be\/fr\/wp-json\/wp\/v2\/merk?post=11112"}],"curies":[{"name":"wp","href":"https:\/\/api.w.org\/{rel}","templated":true}]}}