{"id":11264,"date":"2024-09-16T15:49:22","date_gmt":"2024-09-16T13:49:22","guid":{"rendered":"https:\/\/mirrix.be\/crochets-en-s-pour-kit-chaine-sans-fin-mirrix\/"},"modified":"2025-08-19T21:20:42","modified_gmt":"2025-08-19T19:20:42","slug":"crochets-en-s-pour-kit-chaine-sans-fin-mirrix","status":"publish","type":"product","link":"https:\/\/mirrix.be\/fr\/crochets-en-s-pour-kit-chaine-sans-fin-mirrix\/","title":{"rendered":"Crochets en S pour kit cha\u00eene sans fin Mirrix"},"content":{"rendered":"<h2>\u00c0 quoi servent les crochets en S\u202f?<\/h2>\n<p>Les crochets en S sont de petits crochets m\u00e9talliques utilis\u00e9s avec le <a href=\"https:\/\/mirrix.be\/fr\/kit-de-chaine-sans-fin-pour-metiers-mirrix\/\" target=\"_blank\" rel=\"noopener\">kit de cha\u00eene sans fin<\/a> de Mirrix.<\/p>\n<p>Ils relient vos fils de cha\u00eene \u00e0 deux tiges m\u00e9talliques, maintenant la tension sans laisser de fils apparents.<\/p>\n<h2>Quand en avez-vous besoin en plus\u202f?<\/h2>\n<p>Le kit de base inclut des crochets, mais si vous tissez plus large, vous aurez peut-\u00eatre besoin de crochets suppl\u00e9mentaires pour r\u00e9partir la tension de mani\u00e8re homog\u00e8ne. Ces lots sont parfaits pour cela.<\/p>\n<h2>Que contient le lot\u202f?<\/h2>\n<p>Chaque lot comprend 20 crochets en S.<\/p>\n<p>Cela suffit g\u00e9n\u00e9ralement pour \u00e9largir consid\u00e9rablement votre zone de tissage.<\/p>\n<h2>Avantages en bref<\/h2>\n<ul>\n<li>\u00c0 utiliser avec le kit cha\u00eene sans fin Mirrix<\/li>\n<li>Id\u00e9al pour perles, bijoux et tapisserie \u00e9troite<\/li>\n<li>Tension r\u00e9guli\u00e8re sur toute la largeur<\/li>\n<li>Faciles \u00e0 utiliser et r\u00e9utilisables<\/li>\n<\/ul>\n<p>&nbsp;<\/p>\n<h2>Pourquoi choisir Weefweelde ?<\/h2>\n<p><a href=\"https:\/\/mirrix.be\/\" target=\"_blank\" rel=\"noopener\">Weefweelde<\/a> est le distributeur officiel des <a href=\"https:\/\/mirrixlooms.com\/\" target=\"_blank\" rel=\"noopener\">m\u00e9tiers \u00e0 tisser Mirrix<\/a> dans l\u2019UE.<\/p>\n<p>Nous proposons :<\/p>\n<ul>\n<li>Des conseils experts et personnalis\u00e9s<\/li>\n<li>Une livraison rapide depuis notre stock<\/li>\n<li>Un accompagnement en ligne et hors ligne par Weefweelde<\/li>\n<\/ul>\n<p>&nbsp;<\/p>\n<h2>Vid\u00e9os : D\u00e9marrer pas \u00e0 pas<\/h2>\n<p>Pr\u00eat(e) \u00e0 utiliser les crochets en S\u202f? Regardez notre tutoriel vid\u00e9o pas \u00e0 pas.<\/p>\n<p>&nbsp;<\/p>\n<p>\u27a1\ufe0f Des questions ? <a href=\"https:\/\/mirrix.be\/fr\/contact\/\" target=\"_blank\" rel=\"noopener\">Contactez-nou<\/a>s ici.<\/p>\n<p>&nbsp;<\/p>\n<p>Vous cherchez le <a href=\"https:\/\/mirrix.be\/fr\/kit-de-chaine-sans-fin-pour-metiers-mirrix\/\" target=\"_blank\" rel=\"noopener\">kit de cha\u00eene sans fin<\/a> ou d\u2019autres <a href=\"https:\/\/mirrix.be\/fr\/accessoires-mirrix\/\" target=\"_blank\" rel=\"noopener\">accessoires\u202f<\/a>? Retrouvez-les dans notre boutique en ligne.<\/p>\n","protected":false},"excerpt":{"rendered":"<p>Vous tissez en grand format avec le kit cha\u00eene sans fin\u202f? Ajoutez des <strong>crochets en S<\/strong> suppl\u00e9mentaires pour un espacement r\u00e9gulier et une tension uniforme de vos fils de cha\u00eene.<\/p>\n<p>Chaque lot contient 20 crochets en S.<\/p>\n","protected":false},"featured_media":11258,"template":"","meta":[],"product_brand":[],"product_cat":[439,461],"product_tag":[],"merk":[],"class_list":{"0":"post-11264","1":"product","2":"type-product","3":"status-publish","4":"has-post-thumbnail","6":"product_cat-accessoires-mirrix","7":"product_cat-mirrix-accessoires-fr","9":"first","10":"instock","11":"sale","12":"taxable","13":"shipping-taxable","14":"purchasable","15":"product-type-simple"},"_links":{"self":[{"href":"https:\/\/mirrix.be\/fr\/wp-json\/wp\/v2\/product\/11264","targetHints":{"allow":["GET"]}}],"collection":[{"href":"https:\/\/mirrix.be\/fr\/wp-json\/wp\/v2\/product"}],"about":[{"href":"https:\/\/mirrix.be\/fr\/wp-json\/wp\/v2\/types\/product"}],"wp:featuredmedia":[{"embeddable":true,"href":"https:\/\/mirrix.be\/fr\/wp-json\/wp\/v2\/media\/11258"}],"wp:attachment":[{"href":"https:\/\/mirrix.be\/fr\/wp-json\/wp\/v2\/media?parent=11264"}],"wp:term":[{"taxonomy":"product_brand","embeddable":true,"href":"https:\/\/mirrix.be\/fr\/wp-json\/wp\/v2\/product_brand?post=11264"},{"taxonomy":"product_cat","embeddable":true,"href":"https:\/\/mirrix.be\/fr\/wp-json\/wp\/v2\/product_cat?post=11264"},{"taxonomy":"product_tag","embeddable":true,"href":"https:\/\/mirrix.be\/fr\/wp-json\/wp\/v2\/product_tag?post=11264"},{"taxonomy":"merk","embeddable":true,"href":"https:\/\/mirrix.be\/fr\/wp-json\/wp\/v2\/merk?post=11264"}],"curies":[{"name":"wp","href":"https:\/\/api.w.org\/{rel}","templated":true}]}}