{"id":11281,"date":"2024-09-16T13:56:59","date_gmt":"2024-09-16T11:56:59","guid":{"rendered":"https:\/\/mirrix.be\/cordons-texsolv-pour-metiers-mirrix\/"},"modified":"2025-08-19T21:31:34","modified_gmt":"2025-08-19T19:31:34","slug":"cordons-texsolv-pour-metiers-mirrix","status":"publish","type":"product","link":"https:\/\/mirrix.be\/fr\/cordons-texsolv-pour-metiers-mirrix\/","title":{"rendered":"Cordons Texsolv pour m\u00e9tiers Mirrix"},"content":{"rendered":"<h2>Qu\u2019est-ce que les cordons Texsolv\u202f?<\/h2>\n<p>Les cordons Texsolv sont des cordons pr\u00eats \u00e0 l\u2019emploi con\u00e7us pour le syst\u00e8me de lisses des m\u00e9tiers Mirrix.<\/p>\n<p>Ils relient les fils de cha\u00eene en alternance \u00e0 la barre avant ou arri\u00e8re du syst\u00e8me.<\/p>\n<p>Lorsque vous tournez la manivelle, les fils impairs et pairs s\u2019\u00e9changent de place.<\/p>\n<p>Ce qui forme la foule n\u00e9cessaire au tissage.<\/p>\n<p>&nbsp;<\/p>\n<h2>Quel mod\u00e8le choisir\u202f?<\/h2>\n<p>Les m\u00e9tiers Mirrix utilisent deux variantes :<\/p>\n<table>\n<thead>\n<tr>\n<td>Type de lisse<\/td>\n<td>Largeur de la foule<\/td>\n<td>Conditionnement<\/td>\n<td>Quantit\u00e9<\/td>\n<\/tr>\n<\/thead>\n<tbody>\n<tr>\n<td>Standard<\/td>\n<td>2 cm<\/td>\n<td>Bobine<\/td>\n<td>100<\/td>\n<\/tr>\n<tr>\n<td>Prolong\u00e9es<\/td>\n<td>4 cm<\/td>\n<td>Pr\u00e9d\u00e9coup\u00e9s en lot<\/td>\n<td>100<\/td>\n<\/tr>\n<\/tbody>\n<\/table>\n<p>&nbsp;<\/p>\n<p><strong>Remarque<\/strong> : pour la version bobine, il faut d\u00e9couper les cordons au niveau de l\u2019ouverture courte.<\/p>\n<p>&nbsp;<\/p>\n<h2>Peut-on r\u00e9utiliser les cordons Texsolv\u202f?<\/h2>\n<p>Oui\u202f! Les cordons Texsolv sont :<\/p>\n<ul>\n<li>r\u00e9sistants \u00e0 l\u2019usure<\/li>\n<li>faciles \u00e0 attacher<\/li>\n<li>assez fins pour tous types de cha\u00eenes<\/li>\n<li>r\u00e9utilisables et alors une solution durable<\/li>\n<\/ul>\n<p>&nbsp;<\/p>\n<h2>Et pour les cha\u00eenes tr\u00e8s denses\u202f?<\/h2>\n<p>Si vous tissez avec plus de 7 fils par cm, surtout avec du fil \u00e9pais, nous recommandons de <strong>fabriquer vos propres cordons<\/strong>.<\/p>\n<p>Utilisez par exemple notre fil de lin <a href=\"https:\/\/mirrix.be\/en\/warp-yarn\/\" target=\"_blank\" rel=\"noopener\">Liina Seine Twine<\/a>.<\/p>\n<p>A la fois fin et solide.<\/p>\n<p>D\u00e9couvrez dans cette vid\u00e9o <a href=\"https:\/\/www.youtube.com\/watch?v=OCGXAvnKKq8\" target=\"_blank\" rel=\"noopener\">comment fabriquer vos propres cordons<\/a>.<\/p>\n<h2><\/h2>\n<h2><\/h2>\n<p>&nbsp;<\/p>\n<h2><\/h2>\n<h2>Pourquoi choisir Weefweelde ?<\/h2>\n<p><a href=\"https:\/\/mirrix.be\/\" target=\"_blank\" rel=\"noopener\">Weefweelde<\/a> est le distributeur officiel des <a href=\"https:\/\/mirrixlooms.com\/\" target=\"_blank\" rel=\"noopener\">m\u00e9tiers \u00e0 tisser Mirrix<\/a> dans l\u2019UE.<\/p>\n<p>Nous proposons :<\/p>\n<ul>\n<li>Des conseils experts et personnalis\u00e9s<\/li>\n<li>Une livraison rapide depuis notre stock<\/li>\n<li>Accompagnement en ligne et en boutique<\/li>\n<\/ul>\n<p>&nbsp;<\/p>\n<h2>Vid\u00e9os : D\u00e9marrer pas \u00e0 pas<\/h2>\n<p>Vous souhaitez fabriquer vos propres cordons\u202f?<\/p>\n<p>\ud83d\udcfd\ufe0f Regardez notre tutoriel vid\u00e9o, clair et accessible \u00e0 tous.<\/p>\n<p>&nbsp;<\/p>\n<p>\u27a1\ufe0f Des questions ? <a href=\"https:\/\/mirrix.be\/fr\/contact\/\" target=\"_blank\" rel=\"noopener\">Contactez-nou<\/a>s ici. Nous sommes l\u00e0 pour vous aider.<\/p>\n<p>&nbsp;<\/p>\n<p>Vous cherchez un m\u00e9tier ou des accessoires\u202f? D\u00e9couvrez notre collection de <a href=\"https:\/\/mirrix.be\/fr\/metiers-a-tisser-verticaux-mirrix\/\" target=\"_blank\" rel=\"noopener\">m\u00e9tiers Mirrix<\/a> et nos <a href=\"https:\/\/mirrix.be\/fr\/accessoires-mirrix\/\" target=\"_blank\" rel=\"noopener\">outils et extensions<\/a><\/p>\n","protected":false},"excerpt":{"rendered":"<p>Utilisez les <strong>cordons Texsolv<\/strong> pour relier facilement vos fils de cha\u00eene au syst\u00e8me de lisses Mirrix.<\/p>\n<p>Disponibles sur bobine ou en sachet de 100, pour lisses standard ou prolong\u00e9s.<\/p>\n<p>&nbsp;<\/p>\n","protected":false},"featured_media":11282,"template":"","meta":[],"product_brand":[],"product_cat":[439,461],"product_tag":[451,355,453,454,452],"merk":[],"class_list":{"0":"post-11281","1":"product","2":"type-product","3":"status-publish","4":"has-post-thumbnail","6":"product_cat-accessoires-mirrix","7":"product_cat-mirrix-accessoires-fr","8":"product_tag-cordons-texsolv","9":"product_tag-mirrix-fr","10":"product_tag-systeme-de-lisse","11":"product_tag-systeme-de-lisse-mirrix","12":"product_tag-texsolv-fr","14":"first","15":"instock","16":"sale","17":"taxable","18":"shipping-taxable","19":"purchasable","20":"product-type-variable"},"_links":{"self":[{"href":"https:\/\/mirrix.be\/fr\/wp-json\/wp\/v2\/product\/11281","targetHints":{"allow":["GET"]}}],"collection":[{"href":"https:\/\/mirrix.be\/fr\/wp-json\/wp\/v2\/product"}],"about":[{"href":"https:\/\/mirrix.be\/fr\/wp-json\/wp\/v2\/types\/product"}],"wp:featuredmedia":[{"embeddable":true,"href":"https:\/\/mirrix.be\/fr\/wp-json\/wp\/v2\/media\/11282"}],"wp:attachment":[{"href":"https:\/\/mirrix.be\/fr\/wp-json\/wp\/v2\/media?parent=11281"}],"wp:term":[{"taxonomy":"product_brand","embeddable":true,"href":"https:\/\/mirrix.be\/fr\/wp-json\/wp\/v2\/product_brand?post=11281"},{"taxonomy":"product_cat","embeddable":true,"href":"https:\/\/mirrix.be\/fr\/wp-json\/wp\/v2\/product_cat?post=11281"},{"taxonomy":"product_tag","embeddable":true,"href":"https:\/\/mirrix.be\/fr\/wp-json\/wp\/v2\/product_tag?post=11281"},{"taxonomy":"merk","embeddable":true,"href":"https:\/\/mirrix.be\/fr\/wp-json\/wp\/v2\/merk?post=11281"}],"curies":[{"name":"wp","href":"https:\/\/api.w.org\/{rel}","templated":true}]}}