{"id":11405,"date":"2024-09-17T18:04:05","date_gmt":"2024-09-17T16:04:05","guid":{"rendered":"https:\/\/mirrix.be\/support-harvey-pour-metiers-mirrix\/"},"modified":"2024-09-17T18:04:05","modified_gmt":"2024-09-17T16:04:05","slug":"support-harvey-pour-metiers-mirrix","status":"publish","type":"product","link":"https:\/\/mirrix.be\/fr\/support-harvey-pour-metiers-mirrix\/","title":{"rendered":"Support Harvey pour m\u00e9tiers Mirrix"},"content":{"rendered":"<h2>Qu\u2019est-ce que le support Harvey\u202f?<\/h2>\n<p>Le support Harvey est un tr\u00e9pied robuste pour m\u00e9tiers Mirrix (Harvey Sitting\/Standing Loom Stand en anglais).<\/p>\n<p>Il maintient le m\u00e9tier solidement en place et offre six hauteurs r\u00e9glables.<\/p>\n<p>Gr\u00e2ce \u00e0 sa forme de chevalet, vous tissez debout ou assis(e), comme sur une toile de peinture.<\/p>\n<p>&nbsp;<\/p>\n<h2>Quels m\u00e9tiers sont compatibles\u202f?<\/h2>\n<p>Le support Harvey est compatible avec tous les m\u00e9tiers Mirrix \u00e0 partir du mod\u00e8le <a href=\"https:\/\/mirrix.be\/fr\/metier-a-tisser-lani-loom\/\" target=\"_blank\" rel=\"noopener\">Lani<\/a>.<\/p>\n<p>Non compatible avec les mod\u00e8les Saffron et <a href=\"https:\/\/mirrix.be\/fr\/metier-a-tisser-chloe-pocket\/\" target=\"_blank\" rel=\"noopener\">Chloe Pocket Loom.<\/a><\/p>\n<p>&nbsp;<\/p>\n<h2>Pourquoi choisir le support Harvey\u202f?<\/h2>\n<ul>\n<li>Montage et d\u00e9montage rapides du m\u00e9tier<\/li>\n<li>Plateau int\u00e9gr\u00e9 pour fils, perles et outils<\/li>\n<li>Ergonomique : travail assis ou debout<\/li>\n<li>Alternative compacte \u00e0 une table de travail<\/li>\n<\/ul>\n<p>&nbsp;<\/p>\n<h2>Hauteurs r\u00e9glables<\/h2>\n<p>Le support offre six hauteurs de travail :<\/p>\n<table>\n<thead>\n<tr>\n<td>Hauteur<\/td>\n<td>Utilisation<\/td>\n<\/tr>\n<\/thead>\n<tbody>\n<tr>\n<td>55 cm<\/td>\n<td>Assis<\/td>\n<\/tr>\n<tr>\n<td>65 cm<\/td>\n<td>Assis<\/td>\n<\/tr>\n<tr>\n<td>75 cm<\/td>\n<td>Debout<\/td>\n<\/tr>\n<tr>\n<td>85 cm<\/td>\n<td>Debout<\/td>\n<\/tr>\n<tr>\n<td>95 cm<\/td>\n<td>Debout<\/td>\n<\/tr>\n<tr>\n<td>105 cm<\/td>\n<td>Debout<\/td>\n<\/tr>\n<\/tbody>\n<\/table>\n<p>&nbsp;<\/p>\n<p>Ajustez votre m\u00e9tier selon votre posture et votre espace de travail.<\/p>\n<p>&nbsp;<\/p>\n<h2>Contenu de la bo\u00eete<\/h2>\n<p>Le support Harvey comprend :<\/p>\n<ul>\n<li>un tr\u00e9pied stable en m\u00e9tal<\/li>\n<li>une tige centrale avec plateau de rangement<\/li>\n<li>deux pinces en C pour fixation s\u00e9curis\u00e9e<\/li>\n<\/ul>\n<p>&nbsp;<\/p>\n<p>Poids : 8 kg<\/p>\n<p>&nbsp;<\/p>\n<h2>Pourquoi choisir Weefweelde ?<\/h2>\n<p><a href=\"https:\/\/mirrix.be\/\" target=\"_blank\" rel=\"noopener\">Weefweelde<\/a> est le distributeur officiel des <a href=\"https:\/\/mirrixlooms.com\/\" target=\"_blank\" rel=\"noopener\">m\u00e9tiers \u00e0 tisser Mirrix<\/a> dans l\u2019UE.<\/p>\n<p>Nous proposons :<\/p>\n<ul>\n<li>Des conseils experts et personnalis\u00e9s<\/li>\n<li>Une livraison rapide depuis notre stock<\/li>\n<li>Accompagnement en ligne et en boutique<\/li>\n<\/ul>\n<p>&nbsp;<\/p>\n<p>\u27a1\ufe0f Des questions ? <a href=\"https:\/\/mirrix.be\/fr\/contact\/\" target=\"_blank\" rel=\"noopener\">Contactez-nou<\/a>s ici. Nous sommes l\u00e0 pour vous aider.<\/p>\n<p>&nbsp;<\/p>\n<p>D\u00e9couvrez aussi notre collection de <a href=\"https:\/\/mirrix.be\/fr\/metiers-a-tisser-verticaux-mirrix\/\" target=\"_blank\" rel=\"noopener\">m\u00e9tiers Mirrix<\/a> et <a href=\"https:\/\/mirrix.be\/fr\/accessoires-mirrix\/\" target=\"_blank\" rel=\"noopener\">accessoires.<\/a> <\/p>\n","protected":false},"excerpt":{"rendered":"<p>Tissez confortablement et avec une bonne posture gr\u00e2ce au <strong>support Harvey<\/strong>.<\/p>\n<p>Compatible avec tous les m\u00e9tiers Mirrix \u00e0 partir du mod\u00e8le Lani.<br \/>Choisissez la hauteur id\u00e9ale \u2014 assis(e) ou debout. <\/p>\n","protected":false},"featured_media":19994,"template":"","meta":[],"product_brand":[],"product_cat":[439,672,461],"product_tag":[],"merk":[176],"class_list":{"0":"post-11405","1":"product","2":"type-product","3":"status-publish","4":"has-post-thumbnail","6":"product_cat-accessoires-mirrix","7":"product_cat-mirrix-accessoires-fr-2","8":"product_cat-mirrix-accessoires-fr","9":"merk-mirrix","11":"first","12":"instock","13":"sale","14":"taxable","15":"shipping-taxable","16":"purchasable","17":"product-type-simple"},"_links":{"self":[{"href":"https:\/\/mirrix.be\/fr\/wp-json\/wp\/v2\/product\/11405","targetHints":{"allow":["GET"]}}],"collection":[{"href":"https:\/\/mirrix.be\/fr\/wp-json\/wp\/v2\/product"}],"about":[{"href":"https:\/\/mirrix.be\/fr\/wp-json\/wp\/v2\/types\/product"}],"wp:featuredmedia":[{"embeddable":true,"href":"https:\/\/mirrix.be\/fr\/wp-json\/wp\/v2\/media\/19994"}],"wp:attachment":[{"href":"https:\/\/mirrix.be\/fr\/wp-json\/wp\/v2\/media?parent=11405"}],"wp:term":[{"taxonomy":"product_brand","embeddable":true,"href":"https:\/\/mirrix.be\/fr\/wp-json\/wp\/v2\/product_brand?post=11405"},{"taxonomy":"product_cat","embeddable":true,"href":"https:\/\/mirrix.be\/fr\/wp-json\/wp\/v2\/product_cat?post=11405"},{"taxonomy":"product_tag","embeddable":true,"href":"https:\/\/mirrix.be\/fr\/wp-json\/wp\/v2\/product_tag?post=11405"},{"taxonomy":"merk","embeddable":true,"href":"https:\/\/mirrix.be\/fr\/wp-json\/wp\/v2\/merk?post=11405"}],"curies":[{"name":"wp","href":"https:\/\/api.w.org\/{rel}","templated":true}]}}