{"id":11430,"date":"2024-09-17T18:25:45","date_gmt":"2024-09-17T16:25:45","guid":{"rendered":"https:\/\/mirrix.be\/support-de-lisse-prolonge-pour-metiers-mirrix\/"},"modified":"2026-01-14T17:19:37","modified_gmt":"2026-01-14T16:19:37","slug":"support-de-lisse-prolonge-pour-metiers-mirrix","status":"publish","type":"product","link":"https:\/\/mirrix.be\/fr\/support-de-lisse-prolonge-pour-metiers-mirrix\/","title":{"rendered":"Support de lisse prolong\u00e9 pour m\u00e9tiers Mirrix"},"content":{"rendered":"<h2>\u00c0 quoi sert le support de lisse prolong\u00e9\u202f? (Shed Extender)<\/h2>\n<p>Cet accessoire double la taille de la foule sur votre m\u00e9tier Mirrix : de \u00b1 2 cm \u00e0 pr\u00e8s de 4 cm, et cela change tout. <\/p>\n<p>Cela facilite grandement les choses pour :<\/p>\n<ul>\n<li>utiliser une aiguille \u00e0 tapisserie<\/li>\n<li>faire passer une navette ou une bobine dans la foule<\/li>\n<li>ins\u00e9rer des fils \u00e9pais ou irr\u00e9guliers<\/li>\n<\/ul>\n<h2>Compatibilit\u00e9 des m\u00e9tiers<\/h2>\n<p>Le support de lisse prolong\u00e9 (Shed Extenders en anglais) est compatible avec tous les m\u00e9tiers Mirrix \u00e0 partir de 20\u202fcm de large, \u00e9quip\u00e9s d\u2019un syst\u00e8me de lisses.<\/p>\n<p>Vous tissez des tapisseries ou travaillez sur de grands projets\u202f? Cet accessoire est fait pour vous. <\/p>\n<h2><\/h2>\n<h2>Contenu du kit<\/h2>\n<p>Et chaque kit, il contient<\/p>\n<ul>\n<li>2 clips en bois faits main avec vis m\u00e9talliques<\/li>\n<li>des chevilles m\u00e9talliques pour le syst\u00e8me de lisse (selon le mod\u00e8le)<\/li>\n<li>2 boulons plastiques + 2 \u00e9crous papillon<\/li>\n<li>des pinces de fixation<\/li>\n<li>des instructions de montage claires<\/li>\n<\/ul>\n<p>Tout ce qu\u2019il faut pour commencer imm\u00e9diatement.<\/p>\n<p>&nbsp;<\/p>\n<h2>Pourquoi choisir une foule plus large\u202f?<\/h2>\n<p>Une foule \u00e9largie offre :<\/p>\n<ul>\n<li>un tissage plus rapide sur grands formats<\/li>\n<li>moins de blocages au passage des fils<\/li>\n<li>un meilleur acc\u00e8s aux outils entre les fils de cha\u00eene<\/li>\n<\/ul>\n<p>&nbsp;<\/p>\n<p>Id\u00e9al pour la tapisserie ou les tissages figuratifs o\u00f9 l\u2019on travaille en profondeur dans la foule.<\/p>\n<p>&nbsp;<\/p>\n<h2>Pourquoi choisir Weefweelde ?<\/h2>\n<p><a href=\"https:\/\/weefweelde.be\/\" target=\"_blank\" rel=\"noopener\">Weefweelde<\/a> est le distributeur officiel des m\u00e9tiers \u00e0 tisser <a href=\"https:\/\/mirrixlooms.com\/\" target=\"_blank\" rel=\"noopener\">Mirrix <\/a>dans l\u2019UE.<\/p>\n<p>Nous proposons :<\/p>\n<ul>\n<li>Des conseils experts et personnalis\u00e9s<\/li>\n<li>Une livraison rapide depuis notre stock<\/li>\n<li>On vous offre :<\/li>\n<\/ul>\n<p>&nbsp;<\/p>\n<h2>Instructions : bien d\u00e9marrer<\/h2>\n<p>Pr\u00eat(e) \u00e0 installer votre support prolong\u00e9\u202f? T\u00e9l\u00e9chargez notre guide avec instructions pas \u00e0 pas. <\/p>\n<p>&nbsp;<\/p>\n<p>\u27a1\ufe0f Des questions ? <a href=\"https:\/\/mirrix.be\/contact\/\">Contactez-nous <\/a>ici.<\/p>\n<p>&nbsp;<\/p>\n<p>Vous cherchez un <a href=\"https:\/\/mirrix.be\/product-categorie\/mirrix-tapisseriegetouwen\/\">m\u00e9tier Mirrix<\/a> ou des <a href=\"https:\/\/mirrix.be\/texsolv-koordjes-2\/\">cordons Texsolv<\/a>\u202f? Parcourez notre collection compl\u00e8te <\/p>\n","protected":false},"excerpt":{"rendered":"<p>Aimez-vous tisser avec une bobine, un bobinage ou une pelote de fil et poss\u00e9dez-vous un syst\u00e8me de levier standard ?<\/p>\n<p>Le syst\u00e8me de lisses de support \u00e9tendues pour les m\u00e9tiers \u00e0 tisser Mirrix offre une plus grande ouverture entre les fils de cha\u00eene.<\/p>\n<p>Cette extension transforme votre syst\u00e8me de lisses standard en syst\u00e8me prolong\u00e9. Pour un tissage plus rapide et plus fluide. <\/p>\n","protected":false},"featured_media":11431,"template":"","meta":[],"product_brand":[],"product_cat":[439,461],"product_tag":[],"merk":[],"class_list":{"0":"post-11430","1":"product","2":"type-product","3":"status-publish","4":"has-post-thumbnail","6":"product_cat-accessoires-mirrix","7":"product_cat-mirrix-accessoires-fr","9":"first","10":"instock","11":"sale","12":"taxable","13":"shipping-taxable","14":"purchasable","15":"product-type-variable"},"_links":{"self":[{"href":"https:\/\/mirrix.be\/fr\/wp-json\/wp\/v2\/product\/11430","targetHints":{"allow":["GET"]}}],"collection":[{"href":"https:\/\/mirrix.be\/fr\/wp-json\/wp\/v2\/product"}],"about":[{"href":"https:\/\/mirrix.be\/fr\/wp-json\/wp\/v2\/types\/product"}],"wp:featuredmedia":[{"embeddable":true,"href":"https:\/\/mirrix.be\/fr\/wp-json\/wp\/v2\/media\/11431"}],"wp:attachment":[{"href":"https:\/\/mirrix.be\/fr\/wp-json\/wp\/v2\/media?parent=11430"}],"wp:term":[{"taxonomy":"product_brand","embeddable":true,"href":"https:\/\/mirrix.be\/fr\/wp-json\/wp\/v2\/product_brand?post=11430"},{"taxonomy":"product_cat","embeddable":true,"href":"https:\/\/mirrix.be\/fr\/wp-json\/wp\/v2\/product_cat?post=11430"},{"taxonomy":"product_tag","embeddable":true,"href":"https:\/\/mirrix.be\/fr\/wp-json\/wp\/v2\/product_tag?post=11430"},{"taxonomy":"merk","embeddable":true,"href":"https:\/\/mirrix.be\/fr\/wp-json\/wp\/v2\/merk?post=11430"}],"curies":[{"name":"wp","href":"https:\/\/api.w.org\/{rel}","templated":true}]}}