{"id":11486,"date":"2025-06-06T21:14:01","date_gmt":"2025-06-06T19:14:01","guid":{"rendered":"https:\/\/mirrix.be\/tiges-filetees-prolongees-pour-chloe-et-saffron\/"},"modified":"2025-08-19T21:36:34","modified_gmt":"2025-08-19T19:36:34","slug":"tiges-filetees-prolongees-pour-chloe-et-saffron","status":"publish","type":"product","link":"https:\/\/mirrix.be\/fr\/tiges-filetees-prolongees-pour-chloe-et-saffron\/","title":{"rendered":"Tiges filet\u00e9es prolong\u00e9es pour Chloe et Saffron"},"content":{"rendered":"<h2>Quelle longueur choisir ?<\/h2>\n<table>\n<thead>\n<tr>\n<td>Longueur de la tige<\/td>\n<td>Longueur max. Chloe<\/td>\n<td>Longueur max. Saffron<\/td>\n<\/tr>\n<\/thead>\n<tbody>\n<tr>\n<td>20 cm (courte)<\/td>\n<td>13 cm<\/td>\n<td>15 cm<\/td>\n<\/tr>\n<tr>\n<td>30 cm (standard)<\/td>\n<td>20 cm<\/td>\n<td>23 cm<\/td>\n<\/tr>\n<tr>\n<td>37 cm (longue)<\/td>\n<td>28 cm<\/td>\n<td>30 cm<\/td>\n<\/tr>\n<tr>\n<td>50 cm (extra longue \u2013 20&Prime;)<\/td>\n<td>42 cm<\/td>\n<td>45 cm<\/td>\n<\/tr>\n<\/tbody>\n<\/table>\n<p><strong>Remarque<\/strong> : la longueur maximale varie selon le m\u00e9tier, car le montage est diff\u00e9rent sur les mod\u00e8les Chlo\u00eb et Saffron.<\/p>\n<p>\u27a1\ufe0f Un doute ? N\u2019h\u00e9sitez pas \u00e0 <a href=\"https:\/\/mirrix.be\/fr\/contact\/\" target=\"_blank\" rel=\"noopener\">nous contacter<\/a><\/p>\n<p>&nbsp;<\/p>\n<h2>Compatibilit\u00e9 des tiges filet\u00e9es prolong\u00e9es<\/h2>\n<p>Ces tiges sont compatibles avec :<\/p>\n<ul>\n<li><a href=\"https:\/\/mirrix.be\/fr\/metier-a-tisser-chloe-pocket\/\" target=\"_blank\" rel=\"noopener\">Chloe Loom<\/a><\/li>\n<li>Saffron Loom<\/li>\n<\/ul>\n<p>&nbsp;<\/p>\n<p>\u00c0 combiner avec d\u2019autres accessoires comme les <a href=\"https:\/\/mirrix.be\/fr\/cordons-texsolv-pour-metiers-mirrix\/\" target=\"_blank\" rel=\"noopener\">cordons Texsolv<\/a>.<\/p>\n<p>&nbsp;<\/p>\n<h2>Pourquoi choisir Weefweelde ?<\/h2>\n<p><a href=\"https:\/\/mirrix.be\/\" target=\"_blank\" rel=\"noopener\">Weefweelde<\/a> est le distributeur officiel des <a href=\"https:\/\/mirrixlooms.com\/\" target=\"_blank\" rel=\"noopener\">m\u00e9tiers \u00e0 tisser Mirrix<\/a> dans l\u2019UE.<\/p>\n<p>Nous proposons :<\/p>\n<ul>\n<li>Des conseils experts et personnalis\u00e9s<\/li>\n<li>Une livraison rapide depuis notre stock<\/li>\n<li>Un accompagnement en ligne et hors ligne par Weefweelde<\/li>\n<\/ul>\n<p>&nbsp;<\/p>\n<p>\u27a1\ufe0f Des questions ? <a href=\"https:\/\/mirrix.be\/fr\/contact\/\" target=\"_blank\" rel=\"noopener\">Contactez-nou<\/a>s ici. Nous serons ravis de vous aider.<\/p>\n","protected":false},"excerpt":{"rendered":"<p>Vous utilisez un <a href=\"https:\/\/mirrix.be\/fr\/metier-a-tisser-chloe-pocket\/\" target=\"_blank\" rel=\"noopener\">Chloe<\/a> Loom ou un Saffron Loom ? Ces <strong>tiges filet\u00e9es prolong\u00e9es<\/strong> vous permettent d\u2019augmenter facilement la longueur maximale de tissage de votre m\u00e9tier. Vous b\u00e9n\u00e9ficiez ainsi de plus de hauteur sur votre mini-m\u00e9tier.<\/p>\n<p>Disponibles en quatre longueurs : 20, 30, 37 et 50 cm. Il vous suffit de remplacer la tige d\u2019origine par une version plus longue au choix.<\/p>\n","protected":false},"featured_media":11476,"template":"","meta":[],"product_brand":[],"product_cat":[439,461],"product_tag":[],"merk":[],"class_list":{"0":"post-11486","1":"product","2":"type-product","3":"status-publish","4":"has-post-thumbnail","6":"product_cat-accessoires-mirrix","7":"product_cat-mirrix-accessoires-fr","9":"first","10":"instock","11":"sale","12":"taxable","13":"shipping-taxable","14":"purchasable","15":"product-type-variable"},"_links":{"self":[{"href":"https:\/\/mirrix.be\/fr\/wp-json\/wp\/v2\/product\/11486","targetHints":{"allow":["GET"]}}],"collection":[{"href":"https:\/\/mirrix.be\/fr\/wp-json\/wp\/v2\/product"}],"about":[{"href":"https:\/\/mirrix.be\/fr\/wp-json\/wp\/v2\/types\/product"}],"wp:featuredmedia":[{"embeddable":true,"href":"https:\/\/mirrix.be\/fr\/wp-json\/wp\/v2\/media\/11476"}],"wp:attachment":[{"href":"https:\/\/mirrix.be\/fr\/wp-json\/wp\/v2\/media?parent=11486"}],"wp:term":[{"taxonomy":"product_brand","embeddable":true,"href":"https:\/\/mirrix.be\/fr\/wp-json\/wp\/v2\/product_brand?post=11486"},{"taxonomy":"product_cat","embeddable":true,"href":"https:\/\/mirrix.be\/fr\/wp-json\/wp\/v2\/product_cat?post=11486"},{"taxonomy":"product_tag","embeddable":true,"href":"https:\/\/mirrix.be\/fr\/wp-json\/wp\/v2\/product_tag?post=11486"},{"taxonomy":"merk","embeddable":true,"href":"https:\/\/mirrix.be\/fr\/wp-json\/wp\/v2\/merk?post=11486"}],"curies":[{"name":"wp","href":"https:\/\/api.w.org\/{rel}","templated":true}]}}