{"id":11626,"date":"2025-07-25T17:32:20","date_gmt":"2025-07-25T15:32:20","guid":{"rendered":"https:\/\/mirrix.be\/systeme-de-lisse-supplementaire-a-foule-prolongee\/"},"modified":"2025-11-23T12:20:47","modified_gmt":"2025-11-23T11:20:47","slug":"systeme-de-lisse-a-foule-prolongee","status":"publish","type":"product","link":"https:\/\/mirrix.be\/fr\/systeme-de-lisse-a-foule-prolongee\/","title":{"rendered":"syst\u00e8me de lisse avec course prolong\u00e9"},"content":{"rendered":"<ul>\n<li>Pour Lani, Little Guy, Big Sister, Deb, Zach, McKinley, Joni, Zeus<\/li>\n<\/ul>\n<p>Dit is een extra hevelsysteem voor uw Mirrix-weefgetouw voor zij die<\/p>\n<ul>\n<li>er oorspronkelijk geen hebben gekocht of<\/li>\n<li>voor degenen die een tweede hevelsysteem willen voor hun getouw.<\/li>\n<\/ul>\n<p>En ajoutant un deuxi\u00e8me syst\u00e8me de lisse \u00e0 votre Mirrix, vous pouvez utiliser des techniques de tissage de tapisserie, telles que le tissage \u00e0 armure crois\u00e9e.<\/p>\n<p>Je ontvangt het hevelsysteem emet verlengde pinnen, een set verlengde steun, een handvat en een inbussleutel.<\/p>\n<p>&nbsp;<\/p>\n<p>Zo plaats je houten clips op uw weefgetouw:<\/p>\n<ul>\n<li>Faites glisser la tige en cuivre vers le haut et retirez-la de la partie viss\u00e9e.<\/li>\n<li>\u00c0 l&rsquo;aide d&rsquo;une pince fine, retirez les petits tubes situ\u00e9s au bas des tubes en cuivre.<\/li>\n<li>Verwijder de oude klemmen (als er al houten klemmen op het weefgetouw zaten).<\/li>\n<li>Glissez les nouveaux clips sur les barres lat\u00e9rales en cuivre.<\/li>\n<li>Remettez les douilles m\u00e9talliques dans les barres lat\u00e9rales en cuivre.<\/li>\n<li>Remontez les deux moiti\u00e9s du m\u00e9tier \u00e0 tisser.<\/li>\n<\/ul>\n<p>&nbsp;<\/p>\n","protected":false},"excerpt":{"rendered":"<p>Vous souhaitez exp\u00e9rimenter plus de techniques de tissage sur votre m\u00e9tier Mirrix ? Ce <strong>syst\u00e8me de lisse suppl\u00e9mentaire \u00e0 foule prolong\u00e9e<\/strong> ajoute de nouvelles fonctionnalit\u00e9s \u00e0 votre Lani, Little Guy, Big Sister, Zach, Joni ou Zeus. <\/p>\n","protected":false},"featured_media":10024,"template":"","meta":[],"product_brand":[],"product_cat":[439,461],"product_tag":[],"merk":[176],"class_list":{"0":"post-11626","1":"product","2":"type-product","3":"status-publish","4":"has-post-thumbnail","6":"product_cat-accessoires-mirrix","7":"product_cat-mirrix-accessoires-fr","8":"merk-mirrix","10":"first","11":"instock","12":"sale","13":"taxable","14":"shipping-taxable","15":"purchasable","16":"product-type-variable"},"_links":{"self":[{"href":"https:\/\/mirrix.be\/fr\/wp-json\/wp\/v2\/product\/11626","targetHints":{"allow":["GET"]}}],"collection":[{"href":"https:\/\/mirrix.be\/fr\/wp-json\/wp\/v2\/product"}],"about":[{"href":"https:\/\/mirrix.be\/fr\/wp-json\/wp\/v2\/types\/product"}],"wp:featuredmedia":[{"embeddable":true,"href":"https:\/\/mirrix.be\/fr\/wp-json\/wp\/v2\/media\/10024"}],"wp:attachment":[{"href":"https:\/\/mirrix.be\/fr\/wp-json\/wp\/v2\/media?parent=11626"}],"wp:term":[{"taxonomy":"product_brand","embeddable":true,"href":"https:\/\/mirrix.be\/fr\/wp-json\/wp\/v2\/product_brand?post=11626"},{"taxonomy":"product_cat","embeddable":true,"href":"https:\/\/mirrix.be\/fr\/wp-json\/wp\/v2\/product_cat?post=11626"},{"taxonomy":"product_tag","embeddable":true,"href":"https:\/\/mirrix.be\/fr\/wp-json\/wp\/v2\/product_tag?post=11626"},{"taxonomy":"merk","embeddable":true,"href":"https:\/\/mirrix.be\/fr\/wp-json\/wp\/v2\/merk?post=11626"}],"curies":[{"name":"wp","href":"https:\/\/api.w.org\/{rel}","templated":true}]}}