{"id":11808,"date":"2025-07-24T17:35:23","date_gmt":"2025-07-24T15:35:23","guid":{"rendered":"https:\/\/mirrix.be\/barre-inferieure-supplementaire\/"},"modified":"2025-12-14T19:24:59","modified_gmt":"2025-12-14T18:24:59","slug":"barre-inferieure-supplementaire","status":"publish","type":"product","link":"https:\/\/mirrix.be\/fr\/barre-inferieure-supplementaire\/","title":{"rendered":"barre inf\u00e9rieure suppl\u00e9mentaire"},"content":{"rendered":"<h2>\u00c0 quoi sert la barre inf\u00e9rieure suppl\u00e9mentaire ?<\/h2>\n<p>Fixez cette barre \u00e0 l\u2019arri\u00e8re de la barre inf\u00e9rieure de votre m\u00e9tier \u00e0 l\u2019aide des pinces fournies.<\/p>\n<p>Elle augmente la distance entre les fils de cha\u00eene avant et arri\u00e8re de presque 4 cm.<\/p>\n<p>Vous obtenez ainsi plus d\u2019espace entre les deux couches de fils de cha\u00eene.<\/p>\n<h2>Pourquoi choisir une barre inf\u00e9rieure suppl\u00e9mentaire ?<\/h2>\n<ul>\n<li><strong>Parfait pour les perleurs<\/strong> : vous pouvez plus facilement passer la main derri\u00e8re les fils de cha\u00eene pour placer les perles.<\/li>\n<li><strong>Pratique pour les tapissiers<\/strong> : plus d\u2019espace entre les couches vous donne plus de libert\u00e9 de mouvement.<\/li>\n<li><strong>Montage facile<\/strong> : la barre est livr\u00e9e avec des pinces et se fixe facilement.<\/li>\n<\/ul>\n<p>&nbsp;<\/p>\n<p>Remarque : cette barre n\u2019augmente pas la hauteur de la foule, uniquement l\u2019espace entre les deux couches de cha\u00eene.<\/p>\n<p>Avec cette barre inf\u00e9rieure suppl\u00e9mentaire, vous exploitez encore mieux votre <a href=\"https:\/\/mirrixlooms.com\/\" target=\"_blank\" rel=\"noopener\">m\u00e9tier Mirrix<\/a>, qu\u2019il s\u2019agisse d\u2019un <a href=\"https:\/\/mirrix.be\/fr\/metier-a-tisser-lani-loom\/\" target=\"_blank\" rel=\"noopener\">Lani<\/a>, <a href=\"https:\/\/mirrix.be\/fr\/metier-a-tisser-little-guy-12-30-cm\/\" target=\"_blank\" rel=\"noopener\">Little Guy<\/a>, <a href=\"https:\/\/mirrix.be\/fr\/metier-a-tisser-big-sister\/\" target=\"_blank\" rel=\"noopener\">Big Sister<\/a>, <a href=\"https:\/\/mirrix.be\/fr\/metier-a-tisser-zach-22-55-cm\/\" target=\"_blank\" rel=\"noopener\">Zach<\/a>, <a href=\"https:\/\/mirrix.be\/fr\/metier-a-tisser-joni-80-cm\/\">Joni<\/a> ou <a href=\"https:\/\/mirrix.be\/fr\/metier-a-tisser-zeus-38-97-cm\/\" target=\"_blank\" rel=\"noopener\">Zeus<\/a>.<\/p>\n<p>Laissez libre cours \u00e0 votre cr\u00e9ativit\u00e9 !<\/p>\n<h2>Des questions ? Besoin d\u2019aide ?<\/h2>\n<p><a href=\"https:\/\/mirrix.be\/fr\/contact\/\" target=\"_blank\" rel=\"noopener\">Contactez-nous<\/a>. Nous sommes l\u00e0 pour vous aider.<\/p>\n<p>&nbsp;<\/p>\n","protected":false},"excerpt":{"rendered":"<p>Fixez cette barre suppl\u00e9mentaire \u00e0 l&rsquo;arri\u00e8re de la barre inf\u00e9rieure de votre m\u00e9tier \u00e0 tisser \u00e0 l&rsquo;aide des pinces fournies.<\/p>\n<p>La distance entre les fils de cha\u00eene avant et arri\u00e8re augmente ainsi d&rsquo;un peu moins de 4 cm, ce qui cr\u00e9e un espace total de plus d&rsquo;un centim\u00e8tre entre les deux couches de fils de cha\u00eene.<\/p>\n<p>C&rsquo;est parfait pour ceux qui tissent de larges pi\u00e8ces de perles selon la m\u00e9thode traditionnelle, car vous pouvez facilement passer votre main derri\u00e8re les fils de la cha\u00eene pour maintenir les perles en place.<\/p>\n<p>Il convient \u00e9galement tr\u00e8s bien aux tisserands de tapisserie qui souhaitent obtenir plus d&rsquo;espace entre les fils de cha\u00eene avant et arri\u00e8re.<\/p>\n<p>Remarque : la barre inf\u00e9rieure n&rsquo;augmente pas l&rsquo;ouverture entre les deux couches de fils de cha\u00eene.<\/p>\n","protected":false},"featured_media":9966,"template":"","meta":[],"product_brand":[],"product_cat":[461,439],"product_tag":[],"merk":[176],"class_list":{"0":"post-11808","1":"product","2":"type-product","3":"status-publish","4":"has-post-thumbnail","6":"product_cat-mirrix-accessoires-fr","7":"product_cat-accessoires-mirrix","8":"merk-mirrix","10":"first","11":"instock","12":"sale","13":"taxable","14":"shipping-taxable","15":"purchasable","16":"product-type-variable"},"_links":{"self":[{"href":"https:\/\/mirrix.be\/fr\/wp-json\/wp\/v2\/product\/11808","targetHints":{"allow":["GET"]}}],"collection":[{"href":"https:\/\/mirrix.be\/fr\/wp-json\/wp\/v2\/product"}],"about":[{"href":"https:\/\/mirrix.be\/fr\/wp-json\/wp\/v2\/types\/product"}],"wp:featuredmedia":[{"embeddable":true,"href":"https:\/\/mirrix.be\/fr\/wp-json\/wp\/v2\/media\/9966"}],"wp:attachment":[{"href":"https:\/\/mirrix.be\/fr\/wp-json\/wp\/v2\/media?parent=11808"}],"wp:term":[{"taxonomy":"product_brand","embeddable":true,"href":"https:\/\/mirrix.be\/fr\/wp-json\/wp\/v2\/product_brand?post=11808"},{"taxonomy":"product_cat","embeddable":true,"href":"https:\/\/mirrix.be\/fr\/wp-json\/wp\/v2\/product_cat?post=11808"},{"taxonomy":"product_tag","embeddable":true,"href":"https:\/\/mirrix.be\/fr\/wp-json\/wp\/v2\/product_tag?post=11808"},{"taxonomy":"merk","embeddable":true,"href":"https:\/\/mirrix.be\/fr\/wp-json\/wp\/v2\/merk?post=11808"}],"curies":[{"name":"wp","href":"https:\/\/api.w.org\/{rel}","templated":true}]}}