{"id":11851,"date":"2025-08-07T12:10:14","date_gmt":"2025-08-07T10:10:14","guid":{"rendered":"https:\/\/mirrix.be\/?post_type=product&#038;p=11851"},"modified":"2025-08-21T15:24:46","modified_gmt":"2025-08-21T13:24:46","slug":"fibre-de-bambou","status":"publish","type":"product","link":"https:\/\/mirrix.be\/fr\/fibre-de-bambou\/","title":{"rendered":"Fibre de 100% Bambou"},"content":{"rendered":"<p>Ce paquet contient une collection de 15 magnifiques couleurs chaudes de fibres de m\u00e8che fabriqu\u00e9es \u00e0 partir de bambou \u00e0 100 %.<\/p>\n<p>Fibre de 100% Bambou<\/p>\n<p>Le pack contient :<\/p>\n<ul>\n<li>25g Amelia<\/li>\n<li>25g Beatrix<\/li>\n<li>25g Clara<\/li>\n<li>25g Delilah<\/li>\n<li>25g Ella<\/li>\n<li>25g Francesca<\/li>\n<li>25g Gabriella<\/li>\n<li>25g Harrietta<\/li>\n<li>25g Isabella<\/li>\n<li>25g Juliet<\/li>\n<li>25g Kylie<\/li>\n<li>25g Lily<\/li>\n<li>25g Margot<\/li>\n<li>25g Naomi<\/li>\n<li>25g Olivia<\/li>\n<\/ul>\n<p>&nbsp;<\/p>\n","protected":false},"excerpt":{"rendered":"<p>Une collection de 15 couleurs chaudes de fibres de 100 % bambou.<\/p>\n<p>Id\u00e9al pour donner une touche suppl\u00e9mentaire \u00e0 vos projects de tapisserie.<\/p>\n<p>Le paquet contient 25 grammes par couleur.<\/p>\n<p>&nbsp;<\/p>\n","protected":false},"featured_media":11752,"template":"","meta":[],"product_brand":[],"product_cat":[475,474,650,371],"product_tag":[599],"merk":[221],"class_list":{"0":"post-11851","1":"product","2":"type-product","3":"status-publish","4":"has-post-thumbnail","6":"product_cat-divers-fr-fr","7":"product_cat-divers-fr","8":"product_cat-divers","9":"product_cat-en-promotion","10":"product_tag-fibre-100-bambou","11":"merk-weefweelde","13":"first","14":"instock","15":"sale","16":"taxable","17":"shipping-taxable","18":"purchasable","19":"product-type-simple"},"_links":{"self":[{"href":"https:\/\/mirrix.be\/fr\/wp-json\/wp\/v2\/product\/11851","targetHints":{"allow":["GET"]}}],"collection":[{"href":"https:\/\/mirrix.be\/fr\/wp-json\/wp\/v2\/product"}],"about":[{"href":"https:\/\/mirrix.be\/fr\/wp-json\/wp\/v2\/types\/product"}],"wp:featuredmedia":[{"embeddable":true,"href":"https:\/\/mirrix.be\/fr\/wp-json\/wp\/v2\/media\/11752"}],"wp:attachment":[{"href":"https:\/\/mirrix.be\/fr\/wp-json\/wp\/v2\/media?parent=11851"}],"wp:term":[{"taxonomy":"product_brand","embeddable":true,"href":"https:\/\/mirrix.be\/fr\/wp-json\/wp\/v2\/product_brand?post=11851"},{"taxonomy":"product_cat","embeddable":true,"href":"https:\/\/mirrix.be\/fr\/wp-json\/wp\/v2\/product_cat?post=11851"},{"taxonomy":"product_tag","embeddable":true,"href":"https:\/\/mirrix.be\/fr\/wp-json\/wp\/v2\/product_tag?post=11851"},{"taxonomy":"merk","embeddable":true,"href":"https:\/\/mirrix.be\/fr\/wp-json\/wp\/v2\/merk?post=11851"}],"curies":[{"name":"wp","href":"https:\/\/api.w.org\/{rel}","templated":true}]}}