{"id":11873,"date":"2024-09-05T16:14:33","date_gmt":"2024-09-05T14:14:33","guid":{"rendered":"https:\/\/mirrix.be\/?post_type=product&#038;p=11873"},"modified":"2025-08-24T17:17:21","modified_gmt":"2025-08-24T15:17:21","slug":"navette-ondulee","status":"publish","type":"product","link":"https:\/\/mirrix.be\/fr\/navette-ondulee\/","title":{"rendered":"Navette Ondul\u00e9e"},"content":{"rendered":"<p>La navette ondul\u00e9e, en finition laqu\u00e9e de haute qualit\u00e9, est disponible en trois tailles : 40, 50 et 70 cm.<br \/>\nElles sont pointues \u00e0 la base, ce qui permet de plaquer parfaitement les fils de cha\u00eene contre le tissu.<br \/>\nLa distance entre les arcs d\u00e9pend naturellement de la longueur de la latte.<br \/>\nCet outil pratique est une valeur s\u00fbre pour tous les m\u00e9tiers \u00e0 tisser !<\/p>\n","protected":false},"excerpt":{"rendered":"<p>La navette ondul\u00e9e, avec une finition laqu\u00e9e de haute qualit\u00e9, existe en 3 formats : 40, 50 et 70 cm.<\/p>\n<p>Elle est pointue \u00e0 l&rsquo;extr\u00e9mit\u00e9 inf\u00e9rieure ce qui permet de plaquer parfaitement appuyer les fils de cha\u00eene contre le tissu.<\/p>\n<p>La distance entre les arcs d\u00e9pend bien s\u00fbr de la longueur de la latte.<\/p>\n<p>Cet outil pratique est un atout majeur pour tous les types de m\u00e9tiers \u00e0 tisser !<\/p>\n","protected":false},"featured_media":9595,"template":"","meta":[],"product_brand":[],"product_cat":[650,475,474],"product_tag":[634,635],"merk":[221],"class_list":{"0":"post-11873","1":"product","2":"type-product","3":"status-publish","4":"has-post-thumbnail","6":"product_cat-divers","7":"product_cat-divers-fr-fr","8":"product_cat-divers-fr","9":"product_tag-vrij-weven-fr","10":"product_tag-zen-weven-fr","11":"merk-weefweelde","13":"first","14":"instock","15":"taxable","16":"shipping-taxable","17":"purchasable","18":"product-type-variable"},"_links":{"self":[{"href":"https:\/\/mirrix.be\/fr\/wp-json\/wp\/v2\/product\/11873","targetHints":{"allow":["GET"]}}],"collection":[{"href":"https:\/\/mirrix.be\/fr\/wp-json\/wp\/v2\/product"}],"about":[{"href":"https:\/\/mirrix.be\/fr\/wp-json\/wp\/v2\/types\/product"}],"wp:featuredmedia":[{"embeddable":true,"href":"https:\/\/mirrix.be\/fr\/wp-json\/wp\/v2\/media\/9595"}],"wp:attachment":[{"href":"https:\/\/mirrix.be\/fr\/wp-json\/wp\/v2\/media?parent=11873"}],"wp:term":[{"taxonomy":"product_brand","embeddable":true,"href":"https:\/\/mirrix.be\/fr\/wp-json\/wp\/v2\/product_brand?post=11873"},{"taxonomy":"product_cat","embeddable":true,"href":"https:\/\/mirrix.be\/fr\/wp-json\/wp\/v2\/product_cat?post=11873"},{"taxonomy":"product_tag","embeddable":true,"href":"https:\/\/mirrix.be\/fr\/wp-json\/wp\/v2\/product_tag?post=11873"},{"taxonomy":"merk","embeddable":true,"href":"https:\/\/mirrix.be\/fr\/wp-json\/wp\/v2\/merk?post=11873"}],"curies":[{"name":"wp","href":"https:\/\/api.w.org\/{rel}","templated":true}]}}