{"id":11897,"date":"2025-06-06T15:55:07","date_gmt":"2025-06-06T13:55:07","guid":{"rendered":"https:\/\/mirrix.be\/?post_type=product&#038;p=11897"},"modified":"2025-08-21T12:16:43","modified_gmt":"2025-08-21T10:16:43","slug":"seine-twine","status":"publish","type":"product","link":"https:\/\/mirrix.be\/fr\/seine-twine\/","title":{"rendered":"fil de cha\u00eene Seine Twine"},"content":{"rendered":"<p>Le fil de cha\u00eene \u00ab Seine Twine \u00bb est 100 % coton et se d\u00e9cline en \u00e9cru, beige et noir.<\/p>\n<p>Ce fil est extr\u00eamement solide, durable, et r\u00e9siste \u00e0 la tension et \u00e0 l&rsquo;usure. Il est donc parfait pour le fil de cha\u00eene.<\/p>\n<p>Son \u00e9paisseur convient parfaitement pour une densit\u00e9 allant jusqu&rsquo;\u00e0 7 fils par cm.<\/p>\n<p>Le fait qu&rsquo;il ne peluche pas permet de placer les fils de cha\u00eene tr\u00e8s pr\u00e8s les uns des autres sans qu&rsquo;ils s&rsquo;influencent mutuellement ni g\u00e9n\u00e8rent d&rsquo;\u00e9lectricit\u00e9 statique, ce qui rendrait le tissage extr\u00eamement difficile.<\/p>\n","protected":false},"excerpt":{"rendered":"<p>Le fil de cha\u00eene La ficelle de Seine est \u00e9galement connu sous le nom de \u00ab fil de p\u00eacheur \u00bb.<\/p>\n<p>Malgr\u00e9 sa finesse, c&rsquo;est un fil tr\u00e8s solide, durable et r\u00e9sistant.<\/p>\n<p>Une bobine contient environ 2 600 m\u00e8tres de fil et est disponible en \u00e9cru, beige ou noir.<\/p>\n","protected":false},"featured_media":9038,"template":"","meta":[],"product_brand":[],"product_cat":[474,475],"product_tag":[],"merk":[221],"class_list":{"0":"post-11897","1":"product","2":"type-product","3":"status-publish","4":"has-post-thumbnail","6":"product_cat-divers-fr","7":"product_cat-divers-fr-fr","8":"merk-weefweelde","10":"first","11":"instock","12":"featured","13":"taxable","14":"shipping-taxable","15":"purchasable","16":"product-type-variable"},"_links":{"self":[{"href":"https:\/\/mirrix.be\/fr\/wp-json\/wp\/v2\/product\/11897","targetHints":{"allow":["GET"]}}],"collection":[{"href":"https:\/\/mirrix.be\/fr\/wp-json\/wp\/v2\/product"}],"about":[{"href":"https:\/\/mirrix.be\/fr\/wp-json\/wp\/v2\/types\/product"}],"wp:featuredmedia":[{"embeddable":true,"href":"https:\/\/mirrix.be\/fr\/wp-json\/wp\/v2\/media\/9038"}],"wp:attachment":[{"href":"https:\/\/mirrix.be\/fr\/wp-json\/wp\/v2\/media?parent=11897"}],"wp:term":[{"taxonomy":"product_brand","embeddable":true,"href":"https:\/\/mirrix.be\/fr\/wp-json\/wp\/v2\/product_brand?post=11897"},{"taxonomy":"product_cat","embeddable":true,"href":"https:\/\/mirrix.be\/fr\/wp-json\/wp\/v2\/product_cat?post=11897"},{"taxonomy":"product_tag","embeddable":true,"href":"https:\/\/mirrix.be\/fr\/wp-json\/wp\/v2\/product_tag?post=11897"},{"taxonomy":"merk","embeddable":true,"href":"https:\/\/mirrix.be\/fr\/wp-json\/wp\/v2\/merk?post=11897"}],"curies":[{"name":"wp","href":"https:\/\/api.w.org\/{rel}","templated":true}]}}