{"id":12604,"date":"2024-08-14T09:30:14","date_gmt":"2024-08-14T07:30:14","guid":{"rendered":"https:\/\/mirrix.be\/navette-plate\/"},"modified":"2025-08-24T17:28:53","modified_gmt":"2025-08-24T15:28:53","slug":"navette-plate","status":"publish","type":"product","link":"https:\/\/mirrix.be\/fr\/navette-plate\/","title":{"rendered":"Navette Plate"},"content":{"rendered":"<p>Les navettes plates poss\u00e8dent une encoche pour chaque fil de trame. <br \/>Elles sont parfaites pour le tissage sur un m\u00e9tier \u00e0 tisser \u00e0 lames, ainsi que pour les fils plus \u00e9pais. Elles peuvent contenir plus de fil qu&rsquo;une bobine classique et sont disponibles en diff\u00e9rentes longueurs. <br \/>Cela permet de mettre et de retirer facilement les fils. <br \/>L&rsquo;enroulement du fil de trame est rapide. Vous enroulez une longueur de fil compl\u00e8te d&rsquo;un seul coup.<\/p>\n<p>Nous avons opt\u00e9 pour les navettes plates de la marque Kromski, car elles poss\u00e8dent une belle finition vernie et sont propos\u00e9es \u00e0 un prix tr\u00e8s comp\u00e9titif.   <\/p>\n","protected":false},"excerpt":{"rendered":"<p>La nevette plate est probablement la plus ancienne et la plus pr\u00e9cise m\u00e9thode qui est utilis\u00e9e pour le tissage des fils de trame sur votre projet de tissage. <br \/>Nous avons opt\u00e9 pour les navettes plates de la marque Kromski, car elles poss\u00e8dent une belle finition vernie et sont propos\u00e9es \u00e0 un prix tr\u00e8s comp\u00e9titif.<br \/>Ellles sont disponibles en longueur 10-80 cm.<\/p>\n","protected":false},"featured_media":9250,"template":"","meta":[],"product_brand":[],"product_cat":[606,650,475,474],"product_tag":[607,611,609,610,608],"merk":[168,221],"class_list":{"0":"post-12604","1":"product","2":"type-product","3":"status-publish","4":"has-post-thumbnail","6":"product_cat-accessoires-kromski","7":"product_cat-divers","8":"product_cat-divers-fr-fr","9":"product_cat-divers-fr","10":"product_tag-kromski-fr","11":"product_tag-metier-a-tisser-a-sangle","12":"product_tag-metier-a-tisser-manuel","13":"product_tag-tapisserie-fr-3","14":"product_tag-tissage","15":"merk-kromski","16":"merk-weefweelde","18":"first","19":"instock","20":"taxable","21":"shipping-taxable","22":"purchasable","23":"product-type-variable"},"_links":{"self":[{"href":"https:\/\/mirrix.be\/fr\/wp-json\/wp\/v2\/product\/12604","targetHints":{"allow":["GET"]}}],"collection":[{"href":"https:\/\/mirrix.be\/fr\/wp-json\/wp\/v2\/product"}],"about":[{"href":"https:\/\/mirrix.be\/fr\/wp-json\/wp\/v2\/types\/product"}],"wp:featuredmedia":[{"embeddable":true,"href":"https:\/\/mirrix.be\/fr\/wp-json\/wp\/v2\/media\/9250"}],"wp:attachment":[{"href":"https:\/\/mirrix.be\/fr\/wp-json\/wp\/v2\/media?parent=12604"}],"wp:term":[{"taxonomy":"product_brand","embeddable":true,"href":"https:\/\/mirrix.be\/fr\/wp-json\/wp\/v2\/product_brand?post=12604"},{"taxonomy":"product_cat","embeddable":true,"href":"https:\/\/mirrix.be\/fr\/wp-json\/wp\/v2\/product_cat?post=12604"},{"taxonomy":"product_tag","embeddable":true,"href":"https:\/\/mirrix.be\/fr\/wp-json\/wp\/v2\/product_tag?post=12604"},{"taxonomy":"merk","embeddable":true,"href":"https:\/\/mirrix.be\/fr\/wp-json\/wp\/v2\/merk?post=12604"}],"curies":[{"name":"wp","href":"https:\/\/api.w.org\/{rel}","templated":true}]}}