{"id":12638,"date":"2024-08-29T09:40:32","date_gmt":"2024-08-29T07:40:32","guid":{"rendered":"https:\/\/mirrix.be\/broche-a-tapisserie\/"},"modified":"2025-08-26T11:34:03","modified_gmt":"2025-08-26T09:34:03","slug":"broche-a-tapisserie","status":"publish","type":"product","link":"https:\/\/mirrix.be\/fr\/broche-a-tapisserie\/","title":{"rendered":"broche \u00e0 tapisserie"},"content":{"rendered":"<p>Nos broches \u00e0 tapisserie sont des aiguilles ou des bobines en bois pointues \u00e0 l&rsquo;avant pour faciliter le tissage des fils et arrondies \u00e0 l&rsquo;arri\u00e8re pour battre les fils par la suite. La partie centrale comporte un creux dans lequel vous pouvez enrouler votre fil. Une fois le tissage termin\u00e9, vous pouvez simplement laisser cette aiguille sur le c\u00f4t\u00e9 de votre ouvrage et \u00ab reprendre le fil \u00bb plus tard pour tisser la partie suivante.<\/p>\n<p>Nous proposons trois mod\u00e8les :<\/p>\n<p>&#8211; de petits d&rsquo;une longueur totale de 10,5 cm ;<\/p>\n<p>&#8211; avec une boule \u00e9mouss\u00e9e et une pointe fine \u00e0 l&rsquo;avant, d&rsquo;une longueur totale de 15,5 cm, sur laquelle vous pouvez enrouler une plus grande quantit\u00e9 de fil, mais qui n\u00e9cessite plus d&rsquo;espace pour tisser.<\/p>\n<p>&#8211; avec une pointe plus fine et plus longue (17,5 cm), qui permet de tisser plus facilement les fils, mais sur laquelle on peut enrouler moins de fil.<\/p>\n<p>&nbsp;<\/p>\n","protected":false},"excerpt":{"rendered":"<p>Les broches \u00e0 tapisserie sont utilis\u00e9es pour tisser des tapisseries murales.<br \/>\nId\u00e9ale pour les tissages fins avec de petits d\u00e9tails !<br \/>\nNous les proposons en trois longueurs et \u00e9paisseurs diff\u00e9rentes.<\/p>\n","protected":false},"featured_media":9688,"template":"","meta":[],"product_brand":[],"product_cat":[474,475,650],"product_tag":[621,620,378],"merk":[],"class_list":{"0":"post-12638","1":"product","2":"type-product","3":"status-publish","4":"has-post-thumbnail","6":"product_cat-divers-fr","7":"product_cat-divers-fr-fr","8":"product_cat-divers","9":"product_tag-bobine","10":"product_tag-broche-a-tapisserie","11":"product_tag-tissage-de-tapis","13":"first","14":"instock","15":"taxable","16":"shipping-taxable","17":"purchasable","18":"product-type-variable"},"_links":{"self":[{"href":"https:\/\/mirrix.be\/fr\/wp-json\/wp\/v2\/product\/12638","targetHints":{"allow":["GET"]}}],"collection":[{"href":"https:\/\/mirrix.be\/fr\/wp-json\/wp\/v2\/product"}],"about":[{"href":"https:\/\/mirrix.be\/fr\/wp-json\/wp\/v2\/types\/product"}],"wp:featuredmedia":[{"embeddable":true,"href":"https:\/\/mirrix.be\/fr\/wp-json\/wp\/v2\/media\/9688"}],"wp:attachment":[{"href":"https:\/\/mirrix.be\/fr\/wp-json\/wp\/v2\/media?parent=12638"}],"wp:term":[{"taxonomy":"product_brand","embeddable":true,"href":"https:\/\/mirrix.be\/fr\/wp-json\/wp\/v2\/product_brand?post=12638"},{"taxonomy":"product_cat","embeddable":true,"href":"https:\/\/mirrix.be\/fr\/wp-json\/wp\/v2\/product_cat?post=12638"},{"taxonomy":"product_tag","embeddable":true,"href":"https:\/\/mirrix.be\/fr\/wp-json\/wp\/v2\/product_tag?post=12638"},{"taxonomy":"merk","embeddable":true,"href":"https:\/\/mirrix.be\/fr\/wp-json\/wp\/v2\/merk?post=12638"}],"curies":[{"name":"wp","href":"https:\/\/api.w.org\/{rel}","templated":true}]}}