{"id":12679,"date":"2024-08-29T09:26:19","date_gmt":"2024-08-29T07:26:19","guid":{"rendered":"https:\/\/mirrix.be\/battoir\/"},"modified":"2025-09-09T12:34:47","modified_gmt":"2025-09-09T10:34:47","slug":"battoir","status":"publish","type":"product","link":"https:\/\/mirrix.be\/fr\/battoir\/","title":{"rendered":"Battoir"},"content":{"rendered":"<p>Gr\u00e2ce \u00e0 un battoir, vous pouvez facilement presser votre tissu localement, l\u00e0 o\u00f9 c&rsquo;est n\u00e9cessaire.<br \/>\nIl est indispensable pour la tapisserie, notamment pour le travail de pressage r\u00e9gulier.<br \/>\nNos battoirs ne sont pas trop larges, ce qui vous permet de travailler localement.<br \/>\nPour les travaux fins ou une densit\u00e9 de cha\u00eene \u00e9lev\u00e9e (nombre \u00e9lev\u00e9 de fils par cm), nous vous recommandons le mod\u00e8le \u00e0 picots m\u00e9talliques.<br \/>\nPour les travaux plus grossiers, le battoir en bois -qui est moins cher- suffit.<\/p>\n","protected":false},"excerpt":{"rendered":"<p>Le battoir permet d&rsquo;appuyer localement sur les fils de trame de votre tissu.<br \/>\nIl est absolument indispensable, en particulier pour le tissage de tapisseries murales.<\/p>\n","protected":false},"featured_media":9233,"template":"","meta":[],"product_brand":[],"product_cat":[474,475,650,371],"product_tag":[629,628,380,627],"merk":[],"class_list":{"0":"post-12679","1":"product","2":"type-product","3":"status-publish","4":"has-post-thumbnail","6":"product_cat-divers-fr","7":"product_cat-divers-fr-fr","8":"product_cat-divers","9":"product_cat-en-promotion","10":"product_tag-appuyer-les-fils-de-trame","11":"product_tag-metier-a-tisser-fr","12":"product_tag-tapisserie-fr","13":"product_tag-tisser","15":"first","16":"instock","17":"sale","18":"taxable","19":"shipping-taxable","20":"purchasable","21":"product-type-variable"},"_links":{"self":[{"href":"https:\/\/mirrix.be\/fr\/wp-json\/wp\/v2\/product\/12679","targetHints":{"allow":["GET"]}}],"collection":[{"href":"https:\/\/mirrix.be\/fr\/wp-json\/wp\/v2\/product"}],"about":[{"href":"https:\/\/mirrix.be\/fr\/wp-json\/wp\/v2\/types\/product"}],"wp:featuredmedia":[{"embeddable":true,"href":"https:\/\/mirrix.be\/fr\/wp-json\/wp\/v2\/media\/9233"}],"wp:attachment":[{"href":"https:\/\/mirrix.be\/fr\/wp-json\/wp\/v2\/media?parent=12679"}],"wp:term":[{"taxonomy":"product_brand","embeddable":true,"href":"https:\/\/mirrix.be\/fr\/wp-json\/wp\/v2\/product_brand?post=12679"},{"taxonomy":"product_cat","embeddable":true,"href":"https:\/\/mirrix.be\/fr\/wp-json\/wp\/v2\/product_cat?post=12679"},{"taxonomy":"product_tag","embeddable":true,"href":"https:\/\/mirrix.be\/fr\/wp-json\/wp\/v2\/product_tag?post=12679"},{"taxonomy":"merk","embeddable":true,"href":"https:\/\/mirrix.be\/fr\/wp-json\/wp\/v2\/merk?post=12679"}],"curies":[{"name":"wp","href":"https:\/\/api.w.org\/{rel}","templated":true}]}}