{"id":12701,"date":"2024-09-10T18:16:28","date_gmt":"2024-09-10T16:16:28","guid":{"rendered":"https:\/\/mirrix.be\/ciseaux\/"},"modified":"2024-09-10T18:16:28","modified_gmt":"2024-09-10T16:16:28","slug":"ciseaux","status":"publish","type":"product","link":"https:\/\/mirrix.be\/fr\/ciseaux\/","title":{"rendered":"Ciseaux"},"content":{"rendered":"<p>Ces ciseaux sont pour la broderie et la tapisserie. Ils ont une pointe tr\u00e8s fine et sont tr\u00e8s tranchants pour des d\u00e9coupes tr\u00e8s pr\u00e9cises. Les lames sont en acier inoxydable de haute qualit\u00e9.  <\/p>\n<p>Ne les utilisez jamais pour couper du papier ou d&rsquo;autres mat\u00e9riaux. Utilisez les ciseaux \u00e0 tissu uniquement pour couper ou d\u00e9couper du tissu. Sinon, ils s&rsquo;\u00e9moussent tr\u00e8s vite. <\/p>\n","protected":false},"excerpt":{"rendered":"<p>Ciseaux de tisserand en acier inoxydable pour les travaux de coupe tr\u00e8s fins et pr\u00e9cis. <\/p>\n<p>Le tranchant de la lame et la fine pointe sont id\u00e9aux pour la tapisserie. <\/p>\n<p>Disponible en couleur argent avec motif floral ou noir.<\/p>\n","protected":false},"featured_media":9130,"template":"","meta":[],"product_brand":[],"product_cat":[474,475,650],"product_tag":[637,607,636,611,633,627,634,635],"merk":[],"class_list":{"0":"post-12701","1":"product","2":"type-product","3":"status-publish","4":"has-post-thumbnail","6":"product_cat-divers-fr","7":"product_cat-divers-fr-fr","8":"product_cat-divers","9":"product_tag-ciseaux","10":"product_tag-kromski-fr","11":"product_tag-metier-a-tapisserie","12":"product_tag-metier-a-tisser-a-sangle","13":"product_tag-tapisserie-fr-4","14":"product_tag-tisser","15":"product_tag-vrij-weven-fr","16":"product_tag-zen-weven-fr","18":"first","19":"instock","20":"taxable","21":"shipping-taxable","22":"purchasable","23":"product-type-variable"},"_links":{"self":[{"href":"https:\/\/mirrix.be\/fr\/wp-json\/wp\/v2\/product\/12701","targetHints":{"allow":["GET"]}}],"collection":[{"href":"https:\/\/mirrix.be\/fr\/wp-json\/wp\/v2\/product"}],"about":[{"href":"https:\/\/mirrix.be\/fr\/wp-json\/wp\/v2\/types\/product"}],"wp:featuredmedia":[{"embeddable":true,"href":"https:\/\/mirrix.be\/fr\/wp-json\/wp\/v2\/media\/9130"}],"wp:attachment":[{"href":"https:\/\/mirrix.be\/fr\/wp-json\/wp\/v2\/media?parent=12701"}],"wp:term":[{"taxonomy":"product_brand","embeddable":true,"href":"https:\/\/mirrix.be\/fr\/wp-json\/wp\/v2\/product_brand?post=12701"},{"taxonomy":"product_cat","embeddable":true,"href":"https:\/\/mirrix.be\/fr\/wp-json\/wp\/v2\/product_cat?post=12701"},{"taxonomy":"product_tag","embeddable":true,"href":"https:\/\/mirrix.be\/fr\/wp-json\/wp\/v2\/product_tag?post=12701"},{"taxonomy":"merk","embeddable":true,"href":"https:\/\/mirrix.be\/fr\/wp-json\/wp\/v2\/merk?post=12701"}],"curies":[{"name":"wp","href":"https:\/\/api.w.org\/{rel}","templated":true}]}}