{"id":12807,"date":"2024-09-05T10:59:53","date_gmt":"2024-09-05T08:59:53","guid":{"rendered":"https:\/\/mirrix.be\/templets-metailliques\/"},"modified":"2024-09-05T10:59:53","modified_gmt":"2024-09-05T08:59:53","slug":"templets-metailliques","status":"publish","type":"product","link":"https:\/\/mirrix.be\/fr\/templets-metailliques\/","title":{"rendered":"Templets m\u00e9tailliques"},"content":{"rendered":"<p>Le templet m\u00e9tallique est un outil pratique pour les tisserands d\u00e9butants qui permet de maintenir la tension du fil de cha\u00eene, et donc la bordure, \u00e0 un niveau constant. Il est \u00e9galement id\u00e9al pour conserver une largeur r\u00e9guli\u00e8re \u00e0 votre tissage, mais vous pouvez aussi l&rsquo;utiliser pour cr\u00e9er de l\u00e9g\u00e8res diff\u00e9rences de largeur. <\/p>\n<p>Ils sont disponibles en diff\u00e9rentes tailles, chacune couvrant une largeur de tissu de 5 \u00e0 10 cm.<\/p>\n<p>Il vous suffit de r\u00e9gler ce templet sur la largeur finale souhait\u00e9e de votre tissu, puis de le fixer \u00e0 l&rsquo;aide des \u00e9pingles pointues situ\u00e9es \u00e0 ses extr\u00e9mit\u00e9s.<br \/>Vous pouvez ainsi v\u00e9rifier r\u00e9guli\u00e8rement que votre tissu conserve la m\u00eame largeur en le pla\u00e7ant sur un nouveau morceau de tissu tiss\u00e9.<br \/>Ils sont disponibles dans les largeurs suivantes : 15-20 cm, 20-27 cm, 25-32 cm, 30-43 cm et 40-60 cm.  <\/p>\n<p>L&rsquo;intervalle d&rsquo;ajustement est de 8 mm \u00e0 chaque fois.<\/p>\n<p>Probeer zeker de voordelen in \u00e9\u00e9n van onze weefshops of open weefmomenten!<\/p>\n","protected":false},"excerpt":{"rendered":"<p>Nos templets m\u00e9talliques sont des outils pratiques pour maintenir votre tissu \u00e0 une largeur fixe. Ils sont \u00e9galement id\u00e9aux si vous souhaitez que votre tissage conserve une largeur uniforme, mais vous pouvez aussi les utiliser pour cr\u00e9er des diff\u00e9rences de largeur ! <\/p>\n","protected":false},"featured_media":12768,"template":"","meta":[],"product_brand":[],"product_cat":[474,475,650],"product_tag":[],"merk":[],"class_list":{"0":"post-12807","1":"product","2":"type-product","3":"status-publish","4":"has-post-thumbnail","6":"product_cat-divers-fr","7":"product_cat-divers-fr-fr","8":"product_cat-divers","10":"first","11":"instock","12":"taxable","13":"shipping-taxable","14":"purchasable","15":"product-type-variable"},"_links":{"self":[{"href":"https:\/\/mirrix.be\/fr\/wp-json\/wp\/v2\/product\/12807","targetHints":{"allow":["GET"]}}],"collection":[{"href":"https:\/\/mirrix.be\/fr\/wp-json\/wp\/v2\/product"}],"about":[{"href":"https:\/\/mirrix.be\/fr\/wp-json\/wp\/v2\/types\/product"}],"wp:featuredmedia":[{"embeddable":true,"href":"https:\/\/mirrix.be\/fr\/wp-json\/wp\/v2\/media\/12768"}],"wp:attachment":[{"href":"https:\/\/mirrix.be\/fr\/wp-json\/wp\/v2\/media?parent=12807"}],"wp:term":[{"taxonomy":"product_brand","embeddable":true,"href":"https:\/\/mirrix.be\/fr\/wp-json\/wp\/v2\/product_brand?post=12807"},{"taxonomy":"product_cat","embeddable":true,"href":"https:\/\/mirrix.be\/fr\/wp-json\/wp\/v2\/product_cat?post=12807"},{"taxonomy":"product_tag","embeddable":true,"href":"https:\/\/mirrix.be\/fr\/wp-json\/wp\/v2\/product_tag?post=12807"},{"taxonomy":"merk","embeddable":true,"href":"https:\/\/mirrix.be\/fr\/wp-json\/wp\/v2\/merk?post=12807"}],"curies":[{"name":"wp","href":"https:\/\/api.w.org\/{rel}","templated":true}]}}