{"id":20247,"date":"2025-10-13T09:47:31","date_gmt":"2025-10-13T07:47:31","guid":{"rendered":"https:\/\/mirrix.be\/19-metier-a-tisser-mirrix-deb\/"},"modified":"2025-11-17T13:44:21","modified_gmt":"2025-11-17T12:44:21","slug":"19-metier-a-tisser-mirrix-deb","status":"publish","type":"product","link":"https:\/\/mirrix.be\/fr\/19-metier-a-tisser-mirrix-deb\/","title":{"rendered":"19&Prime; M\u00e9tier \u00e0 tisser Mirrix Deb"},"content":{"rendered":"<h2>Format compact, grand potentiel<\/h2>\n<p>Nous avons remarqu\u00e9 que de nombreux tisserands recherchaient quelque chose entre le m\u00e9tier <a href=\"https:\/\/mirrix.be\/fr\/metier-a-tisser-big-sister\/\" target=\"_blank\" rel=\"noopener\">Big Sister<\/a> (40 cm) et le m\u00e9tier <a href=\"https:\/\/mirrix.be\/fr\/metier-a-tisser-zach-22-55-cm\/\" target=\"_blank\" rel=\"noopener\">Zach<\/a> (55 cm).<\/p>\n<p>Le r\u00e9sultat ? Le m\u00e9tier \u00e0 tisser Mirrix Deb, ultra-l\u00e9ger (\u00e0 peine 2,7 kg), qui vous permet de tisser des ouvrages jusqu\u2019\u00e0 40 cm de large et 90 cm de long.<\/p>\n<p>Parfait pour les ateliers, les voyages ou les petits espaces.<\/p>\n<p>\u27a1\ufe0f Vous cherchez un mod\u00e8le encore plus compact ? D\u00e9couvrez le <a href=\"https:\/\/mirrix.be\/fr\/metier-a-tisser-little-guy-12-30-cm\/\" target=\"_blank\" rel=\"noopener\">m\u00e9tier \u00e0 tisser Little Guy<\/a>.<br \/>\n\u27a1\ufe0f Vous voulez voir plus grand ? D\u00e9couvrez le <a href=\"https:\/\/mirrix.be\/fr\/metier-a-tisser-zach-22-55-cm\/\" target=\"_blank\" rel=\"noopener\">m\u00e9tier \u00e0 tisser Zach<\/a>.<\/p>\n<h2>Qu\u2019est-ce qui rend le m\u00e9tier Deb unique ?<\/h2>\n<ul>\n<li>L\u00e9ger et portable : seulement 2,7 kg<\/li>\n<li>Tension professionnelle gr\u00e2ce au syst\u00e8me Mirrix<\/li>\n<li>Mat\u00e9riaux durables : aluminium, acier, cuivre et bois d\u2019\u00e9rable<\/li>\n<li>Polyvalent : adapt\u00e9 \u00e0 la tapisserie et au tissage de perles<\/li>\n<\/ul>\n<p>&nbsp;<\/p>\n<p>Le m\u00e9tier Deb peut se placer verticalement sur une table gr\u00e2ce aux deux pieds pliables fournis, ou s\u2019utiliser avec le <a href=\"https:\/\/mirrix.be\/fr\/support-harvey-pour-metiers-mirrix\/\" target=\"_blank\" rel=\"noopener\">support Mirrix Harvey<\/a> pour plus de stabilit\u00e9.<\/p>\n<h2>Caract\u00e9ristiques techniques<\/h2>\n<table>\n<thead>\n<tr>\n<td><strong>Caract\u00e9ristique<\/strong><\/td>\n<td><strong>Sp\u00e9cification<\/strong><\/td>\n<\/tr>\n<\/thead>\n<tbody>\n<tr>\n<td>Largeur de tissage<\/td>\n<td>40 cm<\/td>\n<\/tr>\n<tr>\n<td>Longueur de tissage (sans syst\u00e8me de lisses)<\/td>\n<td>90 cm (avec cha\u00eene continue)<\/td>\n<\/tr>\n<tr>\n<td>Longueur de tissage (avec syst\u00e8me de lisses)<\/td>\n<td>80 cm (avec cha\u00eene continue)<\/td>\n<\/tr>\n<tr>\n<td>Largeur du m\u00e9tier<\/td>\n<td>48 cm<\/td>\n<\/tr>\n<tr>\n<td>Poids<\/td>\n<td>2,7 kg<\/td>\n<\/tr>\n<tr>\n<td>Mat\u00e9riaux<\/td>\n<td>Aluminium, acier, cuivre, \u00e9rable<\/td>\n<\/tr>\n<tr>\n<td>Position<\/td>\n<td>Verticale, avec pieds ou <a href=\"https:\/\/mirrix.be\/fr\/support-harvey-pour-metiers-mirrix\/\" target=\"_blank\" rel=\"noopener\">support Harvey<\/a><\/td>\n<\/tr>\n<\/tbody>\n<\/table>\n<p>\ud83d\udca1 Astuce : La largeur indiqu\u00e9e tient d\u00e9j\u00e0 compte de la perte de cha\u00eene, c\u2019est \u00e0 dire le petit bout de fil inutilisable au d\u00e9but et \u00e0 la fin de votre tissage.<\/p>\n<h2>Inclus avec le mod\u00e8le standard<\/h2>\n<p>Avec syst\u00e8me de lisses standard :<\/p>\n<ul>\n<li>Quatre ressorts : 3, 5, 5.5 et 7 fils par cm<\/li>\n<li>Syst\u00e8me de lisses standard et poign\u00e9e<\/li>\n<li>Deux pinces en bois<\/li>\n<li>Barre de cha\u00eene, cl\u00e9 plate, cl\u00e9 Allen et tige \u00e0 ressort<\/li>\n<li>Instructions imprim\u00e9es<\/li>\n<\/ul>\n<p>&nbsp;<\/p>\n<p>Avec syst\u00e8me de lisses prolong\u00e9 :<\/p>\n<ul>\n<li>Quatre ressorts : 3, 5, 5.5 et 7 fils par cm<\/li>\n<li>Syst\u00e8me de lisses prolong\u00e9 et poign\u00e9e<\/li>\n<li>Deux pinces en bois prolong\u00e9es<\/li>\n<li>Barre de cha\u00eene, cl\u00e9 plate, cl\u00e9 Allen et tige \u00e0 ressort<\/li>\n<li>Instructions imprim\u00e9es<\/li>\n<\/ul>\n<h2>Syst\u00e8me de lisses standard ou prolong\u00e9 ?<\/h2>\n<p>Le <a href=\"https:\/\/mirrix.be\/fr\/blog\/quest-ce-quun-systeme-de-lisse\/\" target=\"_blank\" rel=\"noopener\">syst\u00e8me de lisses<\/a> (ou shedding device) aide \u00e0 soulever alternativement les fils de cha\u00eene en avant pour cr\u00e9er la foule, c\u2019est l\u2019ouverture dans laquelle vous passez le fil de trame. Cela rend le tissage plus rapide et plus ergonomique.<\/p>\n<table width=\"565\">\n<thead>\n<tr>\n<td><strong>Situation d\u2019utilisation<\/strong><\/td>\n<td><strong>Meilleur choix<\/strong><\/td>\n<td><strong>Avantage<\/strong><\/td>\n<\/tr>\n<\/thead>\n<tbody>\n<tr>\n<td>Tissages courts<\/td>\n<td>Syst\u00e8me de lisses standard<\/td>\n<td>Compact, id\u00e9al pour le voyage<\/td>\n<\/tr>\n<tr>\n<td>Tissages longs<\/td>\n<td>Syst\u00e8me de lisses prolong\u00e9<\/td>\n<td>Plus d\u2019espace de travail et tension plus stable<\/td>\n<\/tr>\n<\/tbody>\n<\/table>\n<h2>Extensions suppl\u00e9mentaires<\/h2>\n<p>Vous voulez tisser plus long ?<br \/>\nAjoutez des <a href=\"https:\/\/mirrix.be\/fr\/tiges-filetees-dextension-pour-metiers-mirrix\/\" target=\"_blank\" rel=\"noopener\">tiges d\u2019extension<\/a> pour m\u00e9tiers Mirrix pour obtenir jusqu\u2019\u00e0 60 cm de longueur de tissage suppl\u00e9mentaire.<\/p>\n<h2>Pourquoi choisir le m\u00e9tier Deb ?<\/h2>\n<p>\u2705Compact et l\u00e9ger : id\u00e9al pour les voyages<br \/>\n\u2705 Tension pr\u00e9cise gr\u00e2ce au syst\u00e8me Mirrix<br \/>\n\u2705 Convient \u00e0 la tapisserie et au tissage de perles<br \/>\n\u2705 Disponible avec syst\u00e8me de lisses standard ou prolong\u00e9<br \/>\n\u2705 Enti\u00e8rement fabriqu\u00e9 \u00e0 partir de mat\u00e9riaux durables<\/p>\n<h2>Commandez votre m\u00e9tier Deb d\u00e8s aujourd\u2019hui<\/h2>\n<p>Vous cherchez un m\u00e9tier portable avec des possibilit\u00e9s professionnelles ?<br \/>\nLe m\u00e9tier \u00e0 tisser Mirrix Deb est votre compagnon cr\u00e9atif id\u00e9al en voyage.<\/p>\n<p>\ud83d\udc46 Ajoutez ce produit \u00e0 votre <strong>panier<\/strong>.<\/p>\n<p>Des questions ?<\/p>\n<p>. Nous serons ravis de vous aider.<\/p>\n","protected":false},"excerpt":{"rendered":"<p>Le <strong>m\u00e9tier \u00e0 tisser Mirrix Deb<\/strong> (19\u201d \/ 40 cm de largeur de tissage) comble l\u2019\u00e9cart entre le <a href=\"https:\/\/mirrix.be\/fr\/metier-a-tisser-big-sister\/\" target=\"_blank\" rel=\"noopener\">Big Sister<\/a> et le <a href=\"https:\/\/mirrix.be\/fr\/metier-a-tisser-zach-22-55-cm\/\" target=\"_blank\" rel=\"noopener\">Zach<\/a>.<\/p>\n<p>L\u00e9ger, portable et pourtant \u00e9tonnamment spacieux : id\u00e9al pour les tisserands qui aiment cr\u00e9er en d\u00e9placement, sans compromis sur la qualit\u00e9 ni sur la largeur de tissage.<\/p>\n","protected":false},"featured_media":20043,"template":"","meta":[],"product_brand":[],"product_cat":[354],"product_tag":[],"merk":[176],"class_list":{"0":"post-20247","1":"product","2":"type-product","3":"status-publish","4":"has-post-thumbnail","6":"product_cat-metiers-a-tisser-mirrix","7":"merk-mirrix","9":"first","10":"instock","11":"sale","12":"taxable","13":"shipping-taxable","14":"purchasable","15":"product-type-variable"},"_links":{"self":[{"href":"https:\/\/mirrix.be\/fr\/wp-json\/wp\/v2\/product\/20247","targetHints":{"allow":["GET"]}}],"collection":[{"href":"https:\/\/mirrix.be\/fr\/wp-json\/wp\/v2\/product"}],"about":[{"href":"https:\/\/mirrix.be\/fr\/wp-json\/wp\/v2\/types\/product"}],"wp:featuredmedia":[{"embeddable":true,"href":"https:\/\/mirrix.be\/fr\/wp-json\/wp\/v2\/media\/20043"}],"wp:attachment":[{"href":"https:\/\/mirrix.be\/fr\/wp-json\/wp\/v2\/media?parent=20247"}],"wp:term":[{"taxonomy":"product_brand","embeddable":true,"href":"https:\/\/mirrix.be\/fr\/wp-json\/wp\/v2\/product_brand?post=20247"},{"taxonomy":"product_cat","embeddable":true,"href":"https:\/\/mirrix.be\/fr\/wp-json\/wp\/v2\/product_cat?post=20247"},{"taxonomy":"product_tag","embeddable":true,"href":"https:\/\/mirrix.be\/fr\/wp-json\/wp\/v2\/product_tag?post=20247"},{"taxonomy":"merk","embeddable":true,"href":"https:\/\/mirrix.be\/fr\/wp-json\/wp\/v2\/merk?post=20247"}],"curies":[{"name":"wp","href":"https:\/\/api.w.org\/{rel}","templated":true}]}}