{"id":20262,"date":"2025-10-13T09:55:27","date_gmt":"2025-10-13T07:55:27","guid":{"rendered":"https:\/\/mirrix.be\/28-metier-a-tisser-mirrix-mckinley\/"},"modified":"2025-11-17T14:59:08","modified_gmt":"2025-11-17T13:59:08","slug":"28-metier-a-tisser-mckinley-mirrix","status":"publish","type":"product","link":"https:\/\/mirrix.be\/fr\/28-metier-a-tisser-mckinley-mirrix\/","title":{"rendered":"28&Prime; M\u00e9tier \u00e0 tisser Mirrix McKinley"},"content":{"rendered":"<h2>\u00c0 qui s\u2019adresse le m\u00e9tier \u00e0 tisser McKinley ?<\/h2>\n<p>Le m\u00e9tier McKinley est id\u00e9al pour les tisserands qui souhaitent r\u00e9aliser de grands projets de tapisserie ou de vastes tentures murales.<\/p>\n<p>Gr\u00e2ce \u00e0 ses <strong>proportions uniques<\/strong>, vous pouvez tisser des pi\u00e8ces plus larges et plus longues que sur la plupart des m\u00e9tiers de table.<\/p>\n<p>\u27a1\ufe0f Vous pr\u00e9f\u00e9rez un format plus compact ? D\u00e9couvrez le <a href=\"https:\/\/mirrix.be\/fr\/19-metier-a-tisser-mirrix-deb\/\" target=\"_blank\" rel=\"noopener\">m\u00e9tier \u00e0 tisser Deb<\/a> (40 cm de largeur).<br \/>\n\u27a1\ufe0f Ou optez pour le <a href=\"https:\/\/mirrix.be\/fr\/metier-a-tisser-joni-80-cm\/\" target=\"_blank\" rel=\"noopener\">m\u00e9tier \u00e0 tisser Joni <\/a>pour la m\u00eame hauteur, mais une surface de tissage plus large.<\/p>\n<h2>Qu\u2019est-ce qui rend le McKinley si sp\u00e9cial ?<\/h2>\n<ul>\n<li>Doubles barres sup\u00e9rieure et inf\u00e9rieure pour plus de stabilit\u00e9<\/li>\n<li>Largeur de tissage de 63,5 cm : parfaite pour les grands projets de tapisserie<\/li>\n<li>Longueur de tissage jusqu\u2019\u00e0 150 cm avec cha\u00eene continue<\/li>\n<li>Tension parfaite gr\u00e2ce au syst\u00e8me Mirrix<\/li>\n<li>Utilisable sur table ou avec le <a href=\"https:\/\/mirrix.be\/harvey-staander\/\" target=\"_blank\" rel=\"noopener\">support Mirrix Harvey<\/a><\/li>\n<\/ul>\n<p>&nbsp;<\/p>\n<p>En r\u00e9sum\u00e9, le McKinley est un m\u00e9tier professionnel qui allie puissance et finesse.<\/p>\n<h2>Caract\u00e9ristiques techniques<\/h2>\n<table>\n<thead>\n<tr>\n<td><strong><br \/>\nCaract\u00e9ristique<\/strong><\/td>\n<td><strong>Sp\u00e9cification<\/strong><\/td>\n<\/tr>\n<\/thead>\n<tbody>\n<tr>\n<td>Largeur de tissage<\/td>\n<td>63,5 cm<\/td>\n<\/tr>\n<tr>\n<td>Longueur de tissage (sans syst\u00e8me de lisses)<\/td>\n<td>150 cm (avec cha\u00eene continue)<\/td>\n<\/tr>\n<tr>\n<td>Longueur de tissage (avec syst\u00e8me de lisses)<\/td>\n<td>140 cm (avec cha\u00eene continue)<\/td>\n<\/tr>\n<tr>\n<td>Largeur du m\u00e9tier<\/td>\n<td>71 cm<\/td>\n<\/tr>\n<tr>\n<td>Poids<\/td>\n<td>5 kg<\/td>\n<\/tr>\n<tr>\n<td>Mat\u00e9riaux<\/td>\n<td>Aluminium, acier, cuivre, bois d&rsquo;\u00e9rable<\/td>\n<\/tr>\n<tr>\n<td>Position<\/td>\n<td>Verticale, sur table ou avec le <a href=\"https:\/\/mirrix.be\/fr\/support-harvey-pour-metiers-mirrix\/\" target=\"_blank\" rel=\"noopener\">support Mirrix Harvey<\/a><\/td>\n<\/tr>\n<\/tbody>\n<\/table>\n<p>&nbsp;<\/p>\n<p>\ud83d\udca1 Astuce : La largeur indiqu\u00e9e tient d\u00e9j\u00e0 compte de la perte de cha\u00eene, c\u2019est \u00e0 dire le petit bout de fil inutilisable au d\u00e9but et \u00e0 la fin de votre tissage.<\/p>\n<h2>Inclus avec le m\u00e9tier McKinley<\/h2>\n<p>Avec syst\u00e8me de lisses standard :<\/p>\n<ul>\n<li>Quatre ressorts : 3, 5, 5.5 et 7 fils par cm<\/li>\n<li>Syst\u00e8me de lisses standard et poign\u00e9e<\/li>\n<li>Deux pinces en bois<\/li>\n<li>Barre de cha\u00eene, cl\u00e9 plate, cl\u00e9 Allen et tige \u00e0 ressort<\/li>\n<li>Instructions imprim\u00e9es<\/li>\n<\/ul>\n<p>&nbsp;<\/p>\n<p>Avec syst\u00e8me de lisses prolong\u00e9 :<\/p>\n<ul>\n<li>Quatre ressorts : 3, 5, 5.5 et 7 fils par cm<\/li>\n<li>Syst\u00e8me de lisses prolong\u00e9 et poign\u00e9e<\/li>\n<li>Deux pinces en bois prolong\u00e9es<\/li>\n<li>Barre de cha\u00eene, cl\u00e9 plate, cl\u00e9 Allen et tige \u00e0 ressort<\/li>\n<li>Instructions imprim\u00e9es<\/li>\n<\/ul>\n<h2>Syst\u00e8me de lisses standard ou prolong\u00e9 ?<\/h2>\n<p>Le syst\u00e8me de lisses (ou shedding device) vous aide \u00e0 soulever alternativement les fils de cha\u00eene en avant pour cr\u00e9er la foule, c\u2019est l\u2019ouverture dans laquelle vous passez le fil de trame. Il permet un tissage plus rapide et plus ergonomique.<\/p>\n<p>&nbsp;<\/p>\n<table>\n<thead>\n<tr>\n<td><strong>Situation d\u2019utilisation<\/strong><\/td>\n<td><strong>Meilleur choix<\/strong><\/td>\n<td><strong>Avantage<\/strong><\/td>\n<\/tr>\n<\/thead>\n<tbody>\n<tr>\n<td>Tissages courts ou petits<\/td>\n<td>Syst\u00e8me de lisses standard<\/td>\n<td>Compact et l\u00e9ger, id\u00e9al pour une utilisation sur table<\/td>\n<\/tr>\n<tr>\n<td>Tissages longs<\/td>\n<td>Syst\u00e8me de lisses prolong\u00e9<\/td>\n<td>Plus d\u2019espace de travail et tension plus stable<\/td>\n<\/tr>\n<\/tbody>\n<\/table>\n<h2>Construit pour durer<\/h2>\n<p>Les barres sup\u00e9rieure et inf\u00e9rieure du m\u00e9tier McKinley sont en aluminium anodis\u00e9 : l\u00e9g\u00e8res mais solides.<\/p>\n<p>Les montants lat\u00e9raux sont en acier et en cuivre, et les pinces sont en bois d\u2019\u00e9rable.<\/p>\n<p>Cette combinaison offre un m\u00e9tier stable, durable et \u00e9l\u00e9gant, fait pour durer de nombreuses ann\u00e9es.<\/p>\n<h2>Pourquoi choisir le m\u00e9tier McKinley ?<\/h2>\n<p>\u2705 Largeur de tissage de 63,5 cm<br \/>\n\u2705 Doubles barres pour plus de stabilit\u00e9<br \/>\n\u2705 Tension professionnelle gr\u00e2ce au syst\u00e8me Mirrix<br \/>\n\u2705 Choix entre syst\u00e8me de lisses standard ou prolong\u00e9<br \/>\n\u2705 Parfait pour les grands projets de tapisserie<\/p>\n<h2>Commandez votre m\u00e9tier McKinley d\u00e8s aujourd\u2019hui<\/h2>\n<p>Envie de tisser en grand, avec pr\u00e9cision et confort ?<br \/>\nLe m\u00e9tier \u00e0 tisser McKinley vous offre litt\u00e9ralement tout l\u2019espace dont vous avez besoin.<\/p>\n<p>\ud83d\udc46 Ajoutez ce produit \u00e0 votre <strong>panier<\/strong>.<\/p>\n<p>Des questions ? <a href=\"https:\/\/mirrix.be\/fr\/contact\/\" target=\"_blank\" rel=\"noopener\">Contactez-nous.<\/a> Nous serons ravis de vous aider.<\/p>\n","protected":false},"excerpt":{"rendered":"<p>De grands projets en t\u00eate ? Le <strong>m\u00e9tier \u00e0 tisser Mirrix McKinley (<\/strong>63,5 cm largeur de tissage) est con\u00e7u pour les grandes et longues cr\u00e9ations.<\/p>\n<p>Gr\u00e2ce \u00e0 ses doubles barres et \u00e0 sa tension professionnelle, ce mod\u00e8le robuste est parfait pour celles et ceux qui aiment travailler en grand, sans sacrifier la pr\u00e9cision ni le contr\u00f4le.<\/p>\n","protected":false},"featured_media":20058,"template":"","meta":[],"product_brand":[],"product_cat":[354],"product_tag":[],"merk":[176],"class_list":{"0":"post-20262","1":"product","2":"type-product","3":"status-publish","4":"has-post-thumbnail","6":"product_cat-metiers-a-tisser-mirrix","7":"merk-mirrix","9":"first","10":"instock","11":"sale","12":"taxable","13":"shipping-taxable","14":"purchasable","15":"product-type-variable"},"_links":{"self":[{"href":"https:\/\/mirrix.be\/fr\/wp-json\/wp\/v2\/product\/20262","targetHints":{"allow":["GET"]}}],"collection":[{"href":"https:\/\/mirrix.be\/fr\/wp-json\/wp\/v2\/product"}],"about":[{"href":"https:\/\/mirrix.be\/fr\/wp-json\/wp\/v2\/types\/product"}],"wp:featuredmedia":[{"embeddable":true,"href":"https:\/\/mirrix.be\/fr\/wp-json\/wp\/v2\/media\/20058"}],"wp:attachment":[{"href":"https:\/\/mirrix.be\/fr\/wp-json\/wp\/v2\/media?parent=20262"}],"wp:term":[{"taxonomy":"product_brand","embeddable":true,"href":"https:\/\/mirrix.be\/fr\/wp-json\/wp\/v2\/product_brand?post=20262"},{"taxonomy":"product_cat","embeddable":true,"href":"https:\/\/mirrix.be\/fr\/wp-json\/wp\/v2\/product_cat?post=20262"},{"taxonomy":"product_tag","embeddable":true,"href":"https:\/\/mirrix.be\/fr\/wp-json\/wp\/v2\/product_tag?post=20262"},{"taxonomy":"merk","embeddable":true,"href":"https:\/\/mirrix.be\/fr\/wp-json\/wp\/v2\/merk?post=20262"}],"curies":[{"name":"wp","href":"https:\/\/api.w.org\/{rel}","templated":true}]}}