{"id":20282,"date":"2025-10-12T14:01:51","date_gmt":"2025-10-12T12:01:51","guid":{"rendered":"https:\/\/mirrix.be\/shasta-combs-pour-grands-metiers-a-tisser\/"},"modified":"2025-11-18T13:50:22","modified_gmt":"2025-11-18T12:50:22","slug":"shasta-combs-pour-grands-metiers-a-tisser","status":"publish","type":"product","link":"https:\/\/mirrix.be\/fr\/shasta-combs-pour-grands-metiers-a-tisser\/","title":{"rendered":"Shasta combs pour grands m\u00e9tiers \u00e0 tisser"},"content":{"rendered":"<h2>Que sont les Shasta combs pour grands m\u00e9tiers ?<\/h2>\n<p>Les Shasta combs, ou Double Beam Shasta combs, sont des peignes en aluminium pour votre m\u00e9tier Mirrix. Il suffit d\u2019enrouler le fil de cha\u00eene d\u2019avant en arri\u00e8re sur les peignes, et votre m\u00e9tier est pr\u00eat \u00e0 l\u2019emploi. <\/p>\n<p>Votre tissage est ainsi presque enti\u00e8rement termin\u00e9, \u00e0 l\u2019exception des fils de d\u00e9part et de fin que vous pouvez facilement ins\u00e9rer.<\/p>\n<p>Ces <strong>peignes<\/strong> ont \u00e9t\u00e9 sp\u00e9cialement d\u00e9velopp\u00e9s pour <strong>pour les grands m\u00e9tiers Mirrix \u00e0 double barre,  <\/strong>une am\u00e9lioration tr\u00e8s demand\u00e9e par les tisserands exp\u00e9riment\u00e9s.<\/p>\n<p>\u27a1\ufe0f Vous pr\u00e9f\u00e9rez un m\u00e9tier plus petit ? D\u00e9couvrez les <a href=\"https:\/\/mirrix.be\/shasta-combs-voor-kleinere-mirrix-weefgetouwen\/\" target=\"_blank\" rel=\"noopener\">Shasta combs pour petits et moyens m\u00e9tiers \u00e0 tisser<\/a>. <\/p>\n<h2>Qu\u2019est-ce qui rend ces peignes si particuliers ?<\/h2>\n<p>Les Shasta combs pour grands m\u00e9tiers allient la simplicit\u00e9 d\u2019un <a href=\"https:\/\/mirrix.be\/fr\/metier-a-tisser-chloe-pocket\/\" target=\"_blank\" rel=\"noopener\">m\u00e9tier Chloe<\/a> \u00e0 la pr\u00e9cision du <strong>syst\u00e8me de tension Mirrix<\/strong>.<\/p>\n<p>Avec les Shasta combs, vous pouvez tendre votre cha\u00eene r<strong>apidement, fermement et de mani\u00e8re uniforme<\/strong>, sans \u00e9tapes compliqu\u00e9es.<\/p>\n<p>Remarque : ces peignes ne remplacent pas le syst\u00e8me de cha\u00eene existant, mais offrent <strong>une m\u00e9thode alternative<\/strong> id\u00e9ale pour les <strong>cha\u00eenes courtes ou les projets d\u2019essai.<\/strong><\/p>\n<h2>Bon \u00e0 savoir<\/h2>\n<ul>\n<li>Non compatibles avec la <strong>m\u00e9thode de cha\u00eene sans finitio<\/strong>n (utilis\u00e9e avec les <a href=\"https:\/\/mirrix.be\/shasta-combs-voor-kleinere-mirrix-weefgetouwen\/\" target=\"_blank\" rel=\"noopener\">Shasta combs pour simple barre<\/a>)<\/li>\n<li>Fabriqu\u00e9s en <strong>aluminium thermolaqu\u00e9, l\u00e9ger et durable<\/strong><\/li>\n<li><strong>Fixation par bandes Velcro, sans modification permanente du cadre<\/strong><\/li>\n<li>Disponibles avec <strong>3, 4 ou 5 dents par cm <\/strong>: choisissez la densit\u00e9 adapt\u00e9e \u00e0 votre fil<\/li>\n<\/ul>\n<h2>Quel Shasta comb vous convient le mieux ?<\/h2>\n<table>\n<thead>\n<tr>\n<td><strong>Situation d\u2019utilisation<\/strong><\/td>\n<td><strong>Meilleur choix<\/strong><\/td>\n<td><strong>Avantage<\/strong><\/td>\n<\/tr>\n<\/thead>\n<tbody>\n<tr>\n<td>Grands m\u00e9tiers Mirrix \u00e0 double barre<\/td>\n<td>Double Beam Shasta combs\n<\/td>\n<td>Tension parfaite, installation rapide<\/td>\n<\/tr>\n<tr>\n<td>Petits et moyens m\u00e9tiers Mirrix<\/td>\n<td>Shasta combs standard<\/td>\n<td>Compatible avec la cha\u00eene sans finition<\/td>\n<\/tr>\n<tr>\n<td>Projets courts ou tests<\/td>\n<td>Double Beam Shasta combs<\/td>\n<td>Mise en place rapide, pas de longue cha\u00eene n\u00e9cessaire<\/td>\n<\/tr>\n<\/tbody>\n<\/table>\n<h3><strong><strong>Pourquoi choisir les Shasta combs pour grands m\u00e9tiers ?<\/strong><\/strong><\/h3>\n<p>\u2705 Mise en cha\u00eene plus rapide et plus simple<br \/>\n\u2705 Tension de cha\u00eene ferme et r\u00e9guli\u00e8re<br \/>\n\u2705 Aucune modification permanente requise<br \/>\n\u2705 Trois tailles de dents au choix<br \/>\n\u2705 Accessoire Mirrix d\u2019origine \u2013 qualit\u00e9 garantie \u00e0 100 %<\/p>\n<h2>Commandez vos Shasta combs d\u00e8s aujourd\u2019hui<\/h2>\n<p>Simplifiez la mise en cha\u00eene et d\u00e9couvrez la fluidit\u00e9 du travail avec les <strong>Shasta combs pour grands m\u00e9tiers Mirri<\/strong>x.<\/p>\n<p>\ud83d\udc46 Ajoutez ce produit \u00e0 votre <strong>panier<\/strong>.<\/p>\n<p>Des questions ? <a href=\"https:\/\/mirrix.be\/contact\/\" target=\"_blank\" rel=\"noopener\">Contactez-nous.<\/a> Nous serons ravis de vous aider.<\/p>\n","protected":false},"excerpt":{"rendered":"<p>D\u00e9couvrez les <strong>Shasta combs pour grands m\u00e9tiers Mirrix,<\/strong> une extension ing\u00e9nieuse pour une mise en cha\u00eene plus rapide et plus simple. Id\u00e9al pour les tisserands qui pr\u00e9f\u00e8rent travailler avec une cha\u00eene plus courte ou qui veulent commencer \u00e0 tisser sans attendre. <\/p>\n","protected":false},"featured_media":19956,"template":"","meta":[],"product_brand":[],"product_cat":[439,461,672,394],"product_tag":[],"merk":[176],"class_list":{"0":"post-20282","1":"product","2":"type-product","3":"status-publish","4":"has-post-thumbnail","6":"product_cat-accessoires-mirrix","7":"product_cat-mirrix-accessoires-fr","8":"product_cat-mirrix-accessoires-fr-2","9":"product_cat-mirrix-metiers-a-tisser","10":"merk-mirrix","12":"first","13":"onbackorder","14":"sale","15":"taxable","16":"shipping-taxable","17":"purchasable","18":"product-type-variable"},"_links":{"self":[{"href":"https:\/\/mirrix.be\/fr\/wp-json\/wp\/v2\/product\/20282","targetHints":{"allow":["GET"]}}],"collection":[{"href":"https:\/\/mirrix.be\/fr\/wp-json\/wp\/v2\/product"}],"about":[{"href":"https:\/\/mirrix.be\/fr\/wp-json\/wp\/v2\/types\/product"}],"wp:featuredmedia":[{"embeddable":true,"href":"https:\/\/mirrix.be\/fr\/wp-json\/wp\/v2\/media\/19956"}],"wp:attachment":[{"href":"https:\/\/mirrix.be\/fr\/wp-json\/wp\/v2\/media?parent=20282"}],"wp:term":[{"taxonomy":"product_brand","embeddable":true,"href":"https:\/\/mirrix.be\/fr\/wp-json\/wp\/v2\/product_brand?post=20282"},{"taxonomy":"product_cat","embeddable":true,"href":"https:\/\/mirrix.be\/fr\/wp-json\/wp\/v2\/product_cat?post=20282"},{"taxonomy":"product_tag","embeddable":true,"href":"https:\/\/mirrix.be\/fr\/wp-json\/wp\/v2\/product_tag?post=20282"},{"taxonomy":"merk","embeddable":true,"href":"https:\/\/mirrix.be\/fr\/wp-json\/wp\/v2\/merk?post=20282"}],"curies":[{"name":"wp","href":"https:\/\/api.w.org\/{rel}","templated":true}]}}