{"id":20318,"date":"2025-10-12T13:37:26","date_gmt":"2025-10-12T11:37:26","guid":{"rendered":"https:\/\/mirrix.be\/shasta-combs-pour-petits-et-moyens-metiers-a-tisser\/"},"modified":"2025-11-18T20:47:49","modified_gmt":"2025-11-18T19:47:49","slug":"shasta-combs-pour-petits-et-moyens-metiers-a-tisser","status":"publish","type":"product","link":"https:\/\/mirrix.be\/fr\/shasta-combs-pour-petits-et-moyens-metiers-a-tisser\/","title":{"rendered":"Shasta combs pour petits et moyens m\u00e9tiers \u00e0 tisser"},"content":{"rendered":"<h2>Que sont les Shasta combs ?<\/h2>\n<p>Les Shasta combs sont des accessoires sp\u00e9cialement con\u00e7us pour faciliter la mise en cha\u00eene de votre m\u00e9tier \u00e0 tisser, c\u2019est \u00e0 dire les fils verticaux de votre ouvrage.<\/p>\n<p>Ils ont \u00e9t\u00e9 d\u00e9velopp\u00e9s avec quatre objectifs clairs :<\/p>\n<ul>\n<li>une m\u00e9thode simple et rapide pour tendre la cha\u00eene,<\/li>\n<li>moins de finitions, puisque seuls le d\u00e9but et la fin de la cha\u00eene doivent \u00eatre fix\u00e9s,<\/li>\n<li>moins de gaspillage de fil de cha\u00eene pour les petits projets,<\/li>\n<li>une seule couche de fils de cha\u00eene au lieu de deux.<\/li>\n<\/ul>\n<p>&nbsp;<\/p>\n<p>Vous gagnez ainsi du temps et du fil, sans perdre en qualit\u00e9.<\/p>\n<h2>Comment fonctionnent les Shasta combs ?<\/h2>\n<p>Les Shasta combs transforment votre m\u00e9tier Mirrix en un grand <a href=\"https:\/\/mirrix.be\/fr\/metier-a-tisser-chloe-pocket\/\" target=\"_blank\" rel=\"noopener\">m\u00e9tier Chloe<\/a>, mais avec le <a href=\"https:\/\/mirrix.be\/blog\/hoe-werkt-het-hevelsysteem-van-mirrix\/\" target=\"_blank\" rel=\"noopener\">syst\u00e8me de tension Mirrix<\/a> et la possibilit\u00e9 d\u2019utiliser le syst\u00e8me de lisses Mirrix.<\/p>\n<p>Vous b\u00e9n\u00e9ficiez donc de la stabilit\u00e9 d\u2019un m\u00e9tier professionnel combin\u00e9e \u00e0 la simplicit\u00e9 d\u2019un mod\u00e8le d\u2019initiation.<\/p>\n<p>Remarque : les Shasta combs compl\u00e8tent le syst\u00e8me de mise en cha\u00eene existant, mais ne le remplacent pas. Vous pouvez choisir entre la m\u00e9thode classique ou la m\u00e9thode rapide Shasta, selon votre projet. <\/p>\n<h2>Fixation et r\u00e9glage faciles<\/h2>\n<p>Gr\u00e2ce \u00e0 leur conception ing\u00e9nieuse, les Shasta combs poss\u00e8dent trois c\u00f4t\u00e9s.<br \/>\nIls se fixent directement sur la barre sup\u00e9rieure et la barre inf\u00e9rieure de votre m\u00e9tier \u00e0 tisser.<br \/>\nVous pouvez les installer ou les retirer en quelques secondes, sans vis ni modifications du cadre.<\/p>\n<h2>Un seul peigne, de multiples possibilit\u00e9s<\/h2>\n<p>Les peignes sont disponibles avec diff\u00e9rentes densit\u00e9s de cha\u00eene : 3, 4 ou 5 fils par cm.<br \/>\nEn les combinant avec le <a href=\"https:\/\/mirrix.be\/bodemveren-kit\/\" target=\"_blank\" rel=\"noopener\">kit de ressorts<\/a> (en bas ou en haut et en bas), vous pouvez obtenir pratiquement n\u2019importe quelle densit\u00e9 souhait\u00e9e.<\/p>\n<p>Les Shasta combs conviennent ainsi \u00e0 presque toutes les tailles de perles et sont adapt\u00e9s au tissage de tapisserie comme au tissage de perles.<\/p>\n<h2>Pour quels m\u00e9tiers Mirrix ?<\/h2>\n<table>\n<thead>\n<tr>\n<td><strong>M\u00e9tier \u00e0 tisser<\/strong><\/td>\n<td><strong>Shasta comb compatible<\/strong><\/td>\n<td><strong>Remarque<\/strong><\/td>\n<\/tr>\n<\/thead>\n<tbody>\n<tr>\n<a href=\"https:\/\/mirrix.be\/little-guy\/\" target=\"_blank\" rel=\"noopener\">Little Guy<\/a><\/p>\n<td><\/td>\n<td>Shasta comb standard<\/td>\n<td>Parfait pour les petits tissages et les projets de perles<\/td>\n<\/tr>\n<tr>\n<a href=\"https:\/\/mirrix.be\/big-sister\/\" target=\"_blank\" rel=\"noopener\">Big Sister<\/a><\/p>\n<td>Shasta comb standard<\/td>\n<td><\/td>\n<td>Pratique pour les tapisserie plus courtes<\/td>\n<\/tr>\n<tr>\n<a href=\"https:\/\/mirrix.be\/mirrix-deb-weefgetouw\/\" target=\"_blank\" rel=\"noopener\">Deb<\/a> &amp; <a href=\"https:\/\/mirrix.be\/zach\/\" target=\"_blank\" rel=\"noopener\">Zach<\/a><\/p>\n<td>Shasta comb standard<\/td>\n<td><\/td>\n<td>Mise en cha\u00eene rapide, sans gaspillage<\/td>\n<\/tr>\n<tr>\n<td>Grands m\u00e9tiers Mirrix (double barre)<\/td>\n<p><a href=\"https:\/\/mirrix.be\/shasta-combs-voor-grote-weefgetouwen\/\" target=\"_blank\" rel=\"noopener\">Double Beam Shasta combs<\/a><\/p>\n<td><\/td>\n<td>Mod\u00e8le sp\u00e9cial pour m\u00e9tiers \u00e0 double barre<\/td>\n<\/tr>\n<\/tbody>\n<\/table>\n<p>La version standard est fabriqu\u00e9e en aluminium thermolaqu\u00e9 avec des dents l\u00e9g\u00e8rement courb\u00e9es : durable, l\u00e9g\u00e8re et pr\u00e9cise. <\/p>\n<h2>Pourquoi choisir les Shasta combs pour petits et moyens m\u00e9tiers ?<\/h2>\n<p>\u2705 Moins de finitions au d\u00e9but et \u00e0 la fin<br \/>\n\u2705 Mise en cha\u00eene plus rapide et plus simple<br \/>\n\u2705 Moins de gaspillage de fil de cha\u00eene<br \/>\n\u2705 Convient au tissage de tapisserie et au tissage de perles<br \/>\n\u2705 Accessoire Mirrix d\u2019origine : qualit\u00e9 100 % garantie<\/p>\n<h2>Commandez vos Shasta combs d\u00e8s aujourd\u2019hui<\/h2>\n<p>Pr\u00eat\u00b7e \u00e0 tisser plus vite et plus efficacement ?<br \/>\nCommandez vos Shasta combs pour petits et moyens m\u00e9tiers Mirrix et d\u00e9couvrez la diff\u00e9rence.<\/p>\n<p>\ud83d\udc46 Ajoutez ce produit \u00e0 votre <strong>panier<\/strong>.<\/p>\n<p>Des questions ? <a href=\"https:\/\/mirrix.be\/contact\/\" target=\"_blank\" rel=\"noopener\">Contactez-nous.<\/a> Nous serons ravis de vous aider.<\/p>\n","protected":false},"excerpt":{"rendered":"<p>Simplifiez la mise en cha\u00eene avec les <strong>Shasta combs<\/strong> pour petits et moyens m\u00e9tiers Mirrix.<\/p>\n<p>Ces peignes intelligents en aluminium vous permettent d\u2019utiliser des cha\u00eenes plus courtes, de tisser plus serr\u00e9 et de r\u00e9duire le travail de finition. Parfaits pour celles et ceux qui veulent tisser avec efficacit\u00e9 et pr\u00e9cision. <\/p>\n<p>Vous cherchez des <a href=\"http:\/\/weefweelde.be\/shasta-combs-voor-grote-weefgetouwen\/\" target=\"_blank\" rel=\"noopener\">Shasta combs pour grands m\u00e9tiers \u00e0 tisser<\/a> ?<\/p>\n","protected":false},"featured_media":19884,"template":"","meta":[],"product_brand":[],"product_cat":[439,672,461],"product_tag":[],"merk":[176],"class_list":{"0":"post-20318","1":"product","2":"type-product","3":"status-publish","4":"has-post-thumbnail","6":"product_cat-accessoires-mirrix","7":"product_cat-mirrix-accessoires-fr-2","8":"product_cat-mirrix-accessoires-fr","9":"merk-mirrix","11":"first","12":"instock","13":"sale","14":"taxable","15":"shipping-taxable","16":"purchasable","17":"product-type-variable"},"_links":{"self":[{"href":"https:\/\/mirrix.be\/fr\/wp-json\/wp\/v2\/product\/20318","targetHints":{"allow":["GET"]}}],"collection":[{"href":"https:\/\/mirrix.be\/fr\/wp-json\/wp\/v2\/product"}],"about":[{"href":"https:\/\/mirrix.be\/fr\/wp-json\/wp\/v2\/types\/product"}],"wp:featuredmedia":[{"embeddable":true,"href":"https:\/\/mirrix.be\/fr\/wp-json\/wp\/v2\/media\/19884"}],"wp:attachment":[{"href":"https:\/\/mirrix.be\/fr\/wp-json\/wp\/v2\/media?parent=20318"}],"wp:term":[{"taxonomy":"product_brand","embeddable":true,"href":"https:\/\/mirrix.be\/fr\/wp-json\/wp\/v2\/product_brand?post=20318"},{"taxonomy":"product_cat","embeddable":true,"href":"https:\/\/mirrix.be\/fr\/wp-json\/wp\/v2\/product_cat?post=20318"},{"taxonomy":"product_tag","embeddable":true,"href":"https:\/\/mirrix.be\/fr\/wp-json\/wp\/v2\/product_tag?post=20318"},{"taxonomy":"merk","embeddable":true,"href":"https:\/\/mirrix.be\/fr\/wp-json\/wp\/v2\/merk?post=20318"}],"curies":[{"name":"wp","href":"https:\/\/api.w.org\/{rel}","templated":true}]}}