{"id":20735,"date":"2025-12-19T12:02:11","date_gmt":"2025-12-19T11:02:11","guid":{"rendered":"https:\/\/mirrix.be\/peignes-extra-fins-pour-votre-metier-a-tisser-chloe\/"},"modified":"2025-12-19T12:02:11","modified_gmt":"2025-12-19T11:02:11","slug":"peignes-extra-fins-pour-votre-metier-a-tisser-chloe","status":"publish","type":"product","link":"https:\/\/mirrix.be\/fr\/peignes-extra-fins-pour-votre-metier-a-tisser-chloe\/","title":{"rendered":"Peignes extra fins pour votre m\u00e9tier \u00e0 tisser Chloe"},"content":{"rendered":"<h2>Pourquoi ce set de peignes extra fins ?<\/h2>\n<p>Pour les m\u00e9tiers \u00e0 tisser Chloe, vous pouvez acheter un <strong>set suppl\u00e9mentaire de peignes extra fins<\/strong> : 6,3 et 7 fils par cm.<\/p>\n<ul>\n<li>6,3 fils par cm est recommand\u00e9 pour tisser avec des perles Delica 11\/0 \u2013 pour des pi\u00e8ces plus larges.<\/li>\n<li>7 fils par cm est recommand\u00e9 pour tisser avec des perles Delica 11\/0 \u2013 pour des pi\u00e8ces plus \u00e9troites.<\/li>\n<\/ul>\n<p>&nbsp;<\/p>\n<p>Tous les peignes sont thermolaqu\u00e9s. Leurs dents sont l\u00e9g\u00e8rement courb\u00e9es afin que les fils ne puissent pas glisser hors du m\u00e9tier pendant le tissage, et que vos fils de cha\u00eene restent bien tendus. <\/p>\n<p>&nbsp;<\/p>\n","protected":false},"excerpt":{"rendered":"<div class=\"elementor-element elementor-element-6f59b56 elementor-widget elementor-widget-woocommerce-product-short-description\" data-id=\"6f59b56\" data-element_type=\"widget\" data-widget_type=\"woocommerce-product-short-description.default\">\n<div class=\"elementor-widget-container\">\n<div class=\"woocommerce-product-details__short-description\">\n<p>Vous pouvez acheter un <strong>set de peignes extra fins <\/strong>pour votre m\u00e9tier Chloe, comprenant :<\/p>\n<ul>\n<li>2 peignes de 6,3 fils par cm<\/li>\n<li>et 2 peignes de 7 fils par cm<\/li>\n<\/ul>\n<\/div>\n<\/div>\n<\/div>\n","protected":false},"featured_media":21778,"template":"","meta":[],"product_brand":[],"product_cat":[672,439,461],"product_tag":[],"merk":[176],"class_list":{"0":"post-20735","1":"product","2":"type-product","3":"status-publish","4":"has-post-thumbnail","6":"product_cat-mirrix-accessoires-fr-2","7":"product_cat-accessoires-mirrix","8":"product_cat-mirrix-accessoires-fr","9":"merk-mirrix","11":"first","12":"instock","13":"sale","14":"taxable","15":"shipping-taxable","16":"purchasable","17":"product-type-variable"},"_links":{"self":[{"href":"https:\/\/mirrix.be\/fr\/wp-json\/wp\/v2\/product\/20735","targetHints":{"allow":["GET"]}}],"collection":[{"href":"https:\/\/mirrix.be\/fr\/wp-json\/wp\/v2\/product"}],"about":[{"href":"https:\/\/mirrix.be\/fr\/wp-json\/wp\/v2\/types\/product"}],"wp:featuredmedia":[{"embeddable":true,"href":"https:\/\/mirrix.be\/fr\/wp-json\/wp\/v2\/media\/21778"}],"wp:attachment":[{"href":"https:\/\/mirrix.be\/fr\/wp-json\/wp\/v2\/media?parent=20735"}],"wp:term":[{"taxonomy":"product_brand","embeddable":true,"href":"https:\/\/mirrix.be\/fr\/wp-json\/wp\/v2\/product_brand?post=20735"},{"taxonomy":"product_cat","embeddable":true,"href":"https:\/\/mirrix.be\/fr\/wp-json\/wp\/v2\/product_cat?post=20735"},{"taxonomy":"product_tag","embeddable":true,"href":"https:\/\/mirrix.be\/fr\/wp-json\/wp\/v2\/product_tag?post=20735"},{"taxonomy":"merk","embeddable":true,"href":"https:\/\/mirrix.be\/fr\/wp-json\/wp\/v2\/merk?post=20735"}],"curies":[{"name":"wp","href":"https:\/\/api.w.org\/{rel}","templated":true}]}}