{"id":20941,"date":"2026-01-19T11:20:23","date_gmt":"2026-01-19T10:20:23","guid":{"rendered":"https:\/\/mirrix.be\/systeme-de-lisse-supplementaire-a-foule-simple\/"},"modified":"2026-01-19T11:20:23","modified_gmt":"2026-01-19T10:20:23","slug":"systeme-de-lisse-supplementaire-a-foule-simple","status":"publish","type":"product","link":"https:\/\/mirrix.be\/fr\/systeme-de-lisse-supplementaire-a-foule-simple\/","title":{"rendered":"Syst\u00e8me de lisse suppl\u00e9mentaire \u00e0 foule simple"},"content":{"rendered":"<ul>\n<li>Pour Lani, Little Guy, Big Sister, Deb, Zach, McKinley, Joni, Zeus<\/li>\n<\/ul>\n<p>Il s&rsquo;agit d&rsquo;un syst\u00e8me de lisse suppl\u00e9mentaire pour votre m\u00e9tier \u00e0 tisser Mirrix pour ceux qui<\/p>\n<ul>\n<li>\u00e0 l&rsquo;origine ne l&rsquo;ont pas achet\u00e9 ou<\/li>\n<li>souhaitent un deuxi\u00e8me pour leur m\u00e9tier \u00e0 tisser.<\/li>\n<\/ul>\n<p>En ajoutant un deuxi\u00e8me syst\u00e8me de lisse \u00e0 votre Mirrix, vous pouvez utiliser des techniques de tissage de tapisserie, telles que le tissage \u00e0 armure crois\u00e9e.<\/p>\n<p>Vous recevrez le syst\u00e8me de lisse, un jeu de clips (si n\u00e9cessaire), une poign\u00e9e et une cl\u00e9 Allen.<\/p>\n<p>&nbsp;<\/p>\n<p>Avez-vous besoin d&rsquo;un syst\u00e8me de lisse AVEC ou SANS clips en bois ?<\/p>\n<ul>\n<li>Si vous les avez d\u00e9j\u00e0 sur votre m\u00e9tier \u00e0 tisser , vous pouvez acheter un syst\u00e8me suppl\u00e9mentaire SANS clips .<\/li>\n<li>Si vous avez achet\u00e9 un m\u00e9tier \u00e0 tisser Mirrix sans syst\u00e8me de lisse, mais que votre m\u00e9tier \u00e0 tisser est \u00e9quip\u00e9 de petits clips sans espace pour le syst\u00e8me, vous devez acheter le syst\u00e8me de lisse suppl\u00e9mentaire AVEC clips. Si vous achetez le syst\u00e8me en tant que qu&rsquo;un syst\u00e8me suppl\u00e9mentaire, vous devez \u00e9galement choisir l&rsquo;option AVEC clips. <\/li>\n<\/ul>\n<p>Vous avez des doutes ? Envoyez-nous un e-mail et demandez-nous ! <\/p>\n<p>&nbsp;<\/p>\n<p>Voici comment placer vos clips en bois sur votre m\u00e9tier \u00e0 tisser :<\/p>\n<ul>\n<li>Faites glisser la tige en cuivre vers le haut et retirez-la de la partie viss\u00e9e.<\/li>\n<li>\u00c0 l&rsquo;aide d&rsquo;une pince fine, retirez les petits tubes situ\u00e9s au bas des tubes en cuivre.<\/li>\n<li>Retirez les anciennes pinces (si le m\u00e9tier \u00e0 tisser \u00e9tait d\u00e9j\u00e0 \u00e9quip\u00e9 de pinces en bois).<\/li>\n<li>Glissez les nouveaux clips sur les barres lat\u00e9rales en cuivre.<\/li>\n<li>Remettez les douilles m\u00e9talliques dans les barres lat\u00e9rales en cuivre.<\/li>\n<li>Remontez les deux moiti\u00e9s du m\u00e9tier \u00e0 tisser.<\/li>\n<\/ul>\n<p>&nbsp;<\/p>\n<p>&nbsp;<\/p>\n<p>&nbsp;<\/p>\n","protected":false},"excerpt":{"rendered":"<p>\u00c9largissez vos possibilit\u00e9s de tissage avec ce syst\u00e8me de lisse suppl\u00e9mentaire \u00e0 foule simple pour m\u00e9tiers \u00e0 tisser Mirrix. Id\u00e9al pour les armures serg\u00e9es et autres techniques de tapisserie. <\/p>\n<p>Compatible avec Lani, Little Guy, Big Sister, Zach, Joni et Zeus.<\/p>\n","protected":false},"featured_media":10004,"template":"","meta":[],"product_brand":[],"product_cat":[461,439],"product_tag":[],"merk":[176],"class_list":{"0":"post-20941","1":"product","2":"type-product","3":"status-publish","4":"has-post-thumbnail","6":"product_cat-mirrix-accessoires-fr","7":"product_cat-accessoires-mirrix","8":"merk-mirrix","10":"first","11":"instock","12":"sale","13":"taxable","14":"shipping-taxable","15":"purchasable","16":"product-type-variable"},"_links":{"self":[{"href":"https:\/\/mirrix.be\/fr\/wp-json\/wp\/v2\/product\/20941","targetHints":{"allow":["GET"]}}],"collection":[{"href":"https:\/\/mirrix.be\/fr\/wp-json\/wp\/v2\/product"}],"about":[{"href":"https:\/\/mirrix.be\/fr\/wp-json\/wp\/v2\/types\/product"}],"wp:featuredmedia":[{"embeddable":true,"href":"https:\/\/mirrix.be\/fr\/wp-json\/wp\/v2\/media\/10004"}],"wp:attachment":[{"href":"https:\/\/mirrix.be\/fr\/wp-json\/wp\/v2\/media?parent=20941"}],"wp:term":[{"taxonomy":"product_brand","embeddable":true,"href":"https:\/\/mirrix.be\/fr\/wp-json\/wp\/v2\/product_brand?post=20941"},{"taxonomy":"product_cat","embeddable":true,"href":"https:\/\/mirrix.be\/fr\/wp-json\/wp\/v2\/product_cat?post=20941"},{"taxonomy":"product_tag","embeddable":true,"href":"https:\/\/mirrix.be\/fr\/wp-json\/wp\/v2\/product_tag?post=20941"},{"taxonomy":"merk","embeddable":true,"href":"https:\/\/mirrix.be\/fr\/wp-json\/wp\/v2\/merk?post=20941"}],"curies":[{"name":"wp","href":"https:\/\/api.w.org\/{rel}","templated":true}]}}