{"id":20971,"date":"2026-01-19T15:09:47","date_gmt":"2026-01-19T14:09:47","guid":{"rendered":"https:\/\/mirrix.be\/support-pour-systeme-de-lisse-standard-2\/"},"modified":"2026-01-19T16:08:50","modified_gmt":"2026-01-19T15:08:50","slug":"support-pour-systeme-de-lisse-standard-2","status":"publish","type":"product","link":"https:\/\/mirrix.be\/fr\/support-pour-systeme-de-lisse-standard-2\/","title":{"rendered":"Support pour syst\u00e8me de lisse standard"},"content":{"rendered":"<p>Pour Deb, Zach, McKinley, Joni ou Zeus<\/p>\n<p>As-tu un m\u00e9tier \u00e0 tisser avec un prolong\u00e9 syst\u00e8me de levier achet\u00e9 et souhaitez-vous avoir la possibilit\u00e9 d&rsquo;avoir pour un tige normale, plus petite ?<\/p>\n<p>Ce kit contient les clips en bois de longueur normale et les plus courts goupilles pour votre syst\u00e8me de levier. <\/p>\n<p>&nbsp;<\/p>\n<p>Chaque emballage contient : <\/p>\n<p>-Des goupilles d&rsquo;arbre normales pour votre syst\u00e8me de levier (le nombre d\u00e9pend de la taille du m\u00e9tier \u00e0 tisser)<\/p>\n<p>-Un ensemble de deux clips en bois fabriqu\u00e9s \u00e0 la main<\/p>\n<p>-Instructions d&rsquo;installation<\/p>\n","protected":false},"excerpt":{"rendered":"<p>Pour Deb, Zach, McKinley, Joni ou Zeus As-tu un m\u00e9tier \u00e0 tisser avec un prolong\u00e9 syst\u00e8me de levier achet\u00e9 et souhaitez-vous avoir la possibilit\u00e9 d&rsquo;avoir pour un tige normale, plus petite ? Ce kit contient les clips en bois de longueur normale et les plus courts goupilles pour votre syst\u00e8me de levier. &nbsp; Chaque emballage [&hellip;]<\/p>\n","protected":false},"featured_media":9996,"template":"","meta":[],"product_brand":[],"product_cat":[461,439],"product_tag":[],"merk":[176],"class_list":{"0":"post-20971","1":"product","2":"type-product","3":"status-publish","4":"has-post-thumbnail","6":"product_cat-mirrix-accessoires-fr","7":"product_cat-accessoires-mirrix","8":"merk-mirrix","10":"first","11":"instock","12":"sale","13":"taxable","14":"shipping-taxable","15":"purchasable","16":"product-type-variable"},"_links":{"self":[{"href":"https:\/\/mirrix.be\/fr\/wp-json\/wp\/v2\/product\/20971","targetHints":{"allow":["GET"]}}],"collection":[{"href":"https:\/\/mirrix.be\/fr\/wp-json\/wp\/v2\/product"}],"about":[{"href":"https:\/\/mirrix.be\/fr\/wp-json\/wp\/v2\/types\/product"}],"wp:featuredmedia":[{"embeddable":true,"href":"https:\/\/mirrix.be\/fr\/wp-json\/wp\/v2\/media\/9996"}],"wp:attachment":[{"href":"https:\/\/mirrix.be\/fr\/wp-json\/wp\/v2\/media?parent=20971"}],"wp:term":[{"taxonomy":"product_brand","embeddable":true,"href":"https:\/\/mirrix.be\/fr\/wp-json\/wp\/v2\/product_brand?post=20971"},{"taxonomy":"product_cat","embeddable":true,"href":"https:\/\/mirrix.be\/fr\/wp-json\/wp\/v2\/product_cat?post=20971"},{"taxonomy":"product_tag","embeddable":true,"href":"https:\/\/mirrix.be\/fr\/wp-json\/wp\/v2\/product_tag?post=20971"},{"taxonomy":"merk","embeddable":true,"href":"https:\/\/mirrix.be\/fr\/wp-json\/wp\/v2\/merk?post=20971"}],"curies":[{"name":"wp","href":"https:\/\/api.w.org\/{rel}","templated":true}]}}