{"id":21005,"date":"2026-01-19T15:53:07","date_gmt":"2026-01-19T14:53:07","guid":{"rendered":"https:\/\/mirrix.be\/kit-de-ressorts-inferieurs-pour-metiers-mirrix-2\/"},"modified":"2026-01-19T15:53:07","modified_gmt":"2026-01-19T14:53:07","slug":"kit-de-ressorts-inferieurs-pour-metiers-mirrix-2","status":"publish","type":"product","link":"https:\/\/mirrix.be\/fr\/kit-de-ressorts-inferieurs-pour-metiers-mirrix-2\/","title":{"rendered":"Kit de ressorts inf\u00e9rieurs pour m\u00e9tiers Mirrix"},"content":{"rendered":"<h2>\u00c0 quoi sert le kit de ressorts inf\u00e9rieurs\u202f?<\/h2>\n<p>Cet accessoire maintient les fils de cha\u00eene inf\u00e9rieurs aussi bien align\u00e9s que les fils sup\u00e9rieurs.<\/p>\n<p>Il garantit un espacement r\u00e9gulier et une tension parall\u00e8le.<\/p>\n<p>Pour un meilleur contr\u00f4le et plus de pr\u00e9cision pendant le tissage.<\/p>\n<p>&nbsp;<\/p>\n<h2>Que contient le kit\u202f?<\/h2>\n<p>Chaque kit comprend :<\/p>\n<ul>\n<li>deux \u00e9crous en laiton<\/li>\n<li>un guide m\u00e9tallique en forme de U<\/li>\n<li>un set de quatre ressorts (3, 5, 5,5 et 7 dents\/cm)<\/li>\n<\/ul>\n<h2>Compatibilit\u00e9<\/h2>\n<p>Le kit est compatible avec tous les m\u00e9tiers Mirrix \u00e9quip\u00e9s de tiges filet\u00e9es, \u00e0 partir du mod\u00e8le Saffron.<\/p>\n<p>Les ressorts se fixent facilement et restent bien en place pendant le tissage.<\/p>\n<p>Astuce : pour un espacement plus large<\/p>\n<p>Vous souhaitez espacer davantage vos fils de cha\u00eene\u202f? Placez un fil tous les deux ou trois spirales au lieu de chaque spirale. Cela offre plus de contr\u00f4le et un meilleur maintien. <\/p>\n<p>&nbsp;<\/p>\n<h2>Pourquoi utiliser des ressorts inf\u00e9rieurs\u202f?<\/h2>\n<ul>\n<li>Espacement identique en haut et en bas<\/li>\n<li>Fils bien droits et parall\u00e8les<\/li>\n<li>Moins de d\u00e9calage ou de croisement<\/li>\n<li>Mise en tension plus rapide et plus pr\u00e9cise<\/li>\n<\/ul>\n<p>Si vous tissez r\u00e9guli\u00e8rement, ces ressorts vous simplifieront le travail.<\/p>\n<p>&nbsp;<\/p>\n<h2>Pourquoi choisir Weefweelde ?<\/h2>\n<p><a href=\"https:\/\/mirrix.be\/\" target=\"_blank\" rel=\"noopener\">Weefweelde<\/a> est le distributeur officiel des m\u00e9tiers \u00e0 tisser <a href=\"https:\/\/mirrixlooms.com\/\" target=\"_blank\" rel=\"noopener\">Mirrix <\/a>dans l\u2019UE.<\/p>\n<p>Nous proposons :<\/p>\n<ul>\n<li>Des conseils experts et personnalis\u00e9s<\/li>\n<li>Une livraison rapide depuis notre stock<\/li>\n<li>On vous offre :<\/li>\n<\/ul>\n<p>&nbsp;<\/p>\n<p>\u27a1\ufe0f Des questions ? <a href=\"https:\/\/mirrix.be\/contact\/\" target=\"_blank\" rel=\"noopener\">Contactez-nous <\/a>ici.<\/p>\n<p>&nbsp;<\/p>\n<p>D\u00e9couvrez aussi notre <a href=\"https:\/\/mirrix.be\/afwerkingsvrije-ketting-kit\/\" target=\"_blank\" rel=\"noopener\">kit cha\u00eene sans fin<\/a> et nos <a href=\"https:\/\/mirrix.be\/extra-veren\/\" target=\"_blank\" rel=\"noopener\">ressorts de rechange<\/a> pour un tissage encore plus pr\u00e9cis. <\/p>\n","protected":false},"excerpt":{"rendered":"<p>Avec le <strong>kit de ressorts inf\u00e9rieurs<\/strong>, vous ajoutez des ressorts sur la barre inf\u00e9rieure de votre m\u00e9tier Mirrix.<\/p>\n<p>Cela permet de maintenir vos fils de cha\u00eene bien droits, parall\u00e8les et r\u00e9guli\u00e8rement espac\u00e9s, du haut jusqu\u2019en bas.<\/p>\n","protected":false},"featured_media":10883,"template":"","meta":[],"product_brand":[],"product_cat":[461,439],"product_tag":[],"merk":[176],"class_list":{"0":"post-21005","1":"product","2":"type-product","3":"status-publish","4":"has-post-thumbnail","6":"product_cat-mirrix-accessoires-fr","7":"product_cat-accessoires-mirrix","8":"merk-mirrix","10":"first","11":"instock","12":"sale","13":"taxable","14":"shipping-taxable","15":"purchasable","16":"product-type-variable"},"_links":{"self":[{"href":"https:\/\/mirrix.be\/fr\/wp-json\/wp\/v2\/product\/21005","targetHints":{"allow":["GET"]}}],"collection":[{"href":"https:\/\/mirrix.be\/fr\/wp-json\/wp\/v2\/product"}],"about":[{"href":"https:\/\/mirrix.be\/fr\/wp-json\/wp\/v2\/types\/product"}],"wp:featuredmedia":[{"embeddable":true,"href":"https:\/\/mirrix.be\/fr\/wp-json\/wp\/v2\/media\/10883"}],"wp:attachment":[{"href":"https:\/\/mirrix.be\/fr\/wp-json\/wp\/v2\/media?parent=21005"}],"wp:term":[{"taxonomy":"product_brand","embeddable":true,"href":"https:\/\/mirrix.be\/fr\/wp-json\/wp\/v2\/product_brand?post=21005"},{"taxonomy":"product_cat","embeddable":true,"href":"https:\/\/mirrix.be\/fr\/wp-json\/wp\/v2\/product_cat?post=21005"},{"taxonomy":"product_tag","embeddable":true,"href":"https:\/\/mirrix.be\/fr\/wp-json\/wp\/v2\/product_tag?post=21005"},{"taxonomy":"merk","embeddable":true,"href":"https:\/\/mirrix.be\/fr\/wp-json\/wp\/v2\/merk?post=21005"}],"curies":[{"name":"wp","href":"https:\/\/api.w.org\/{rel}","templated":true}]}}