{"id":21038,"date":"2026-01-19T16:15:51","date_gmt":"2026-01-19T15:15:51","guid":{"rendered":"https:\/\/mirrix.be\/tiges-filetees-dextension-pour-metiers-mirrix\/"},"modified":"2026-01-19T16:15:51","modified_gmt":"2026-01-19T15:15:51","slug":"tiges-filetees-dextension-pour-metiers-mirrix","status":"publish","type":"product","link":"https:\/\/mirrix.be\/fr\/tiges-filetees-dextension-pour-metiers-mirrix\/","title":{"rendered":"Tiges filet\u00e9es d\u2019extension pour m\u00e9tiers Mirrix"},"content":{"rendered":"<h2>\u00c0 quoi servent les tiges d\u2019extension\u202f?<\/h2>\n<p>Ces tiges d\u2019extension (ou loom extenders en anglais) se fixent sur les tiges lat\u00e9rales standard de votre m\u00e9tier Mirrix.<\/p>\n<p>Elles permettent d\u2019augmenter la longueur de tissage, id\u00e9al pour les projets longs comme des ceintures.<\/p>\n<h2>Pour quels m\u00e9tiers sont-elles compatibles\u202f?<\/h2>\n<p>Des versions adapt\u00e9es sont disponibles pour les mod\u00e8les suivants\u202f: <a href=\"https:\/\/mirrix.be\/mini-mirrix-loreli\/\">Loreli<\/a>, <a href=\"https:\/\/mirrix.be\/lani-loom\/\">Lani<\/a>,<a href=\"https:\/\/mirrix.be\/little-guy\/\"> Little Guy<\/a>, <a href=\"https:\/\/mirrix.be\/big-sister\/\">Big Sister<\/a> et <a href=\"https:\/\/mirrix.be\/zach\/\">Zach<\/a>. <\/p>\n<table>\n<thead>\n<tr>\n<td><strong>Mod\u00e8le<\/strong><\/td>\n<td><strong>Longueur de tissage ajout\u00e9e<\/strong><\/td>\n<td><strong>Longueur des tiges<\/strong><\/td>\n<td><strong>Inclus<\/strong><\/td>\n<\/tr>\n<\/thead>\n<tbody>\n<tr>\n<td>5&Prime; Loreli<\/td>\n<td>60 cm<\/td>\n<td>30 cm<\/td>\n<td>&#8211;<\/td>\n<\/tr>\n<tr>\n<td>8&Prime; Lani<\/td>\n<td>60 cm<\/td>\n<td>30 cm<\/td>\n<td>repose-pieds suppl\u00e9mentaires<\/td>\n<\/tr>\n<tr>\n<td>12&Prime; Little Guy<\/td>\n<td>60 cm<\/td>\n<td>30 cm<\/td>\n<td>rallonges pour repose-pieds<\/td>\n<\/tr>\n<tr>\n<td>16&Prime; Big Sister<\/td>\n<td>60 cm<\/td>\n<td>30 cm<\/td>\n<td>rallonges pour repose-pieds<\/td>\n<\/tr>\n<tr>\n<td>22&Prime; Zach<\/td>\n<td>33 cm<\/td>\n<td>16,5 cm<\/td>\n<td>rallonges pour repose-pieds<\/td>\n<\/tr>\n<\/tbody>\n<\/table>\n<p>&nbsp;<\/p>\n<p><strong>Remarque<\/strong> : ces longueurs sont valables en cas d\u2019utilisation d\u2019une <strong>cha\u00eene continue<\/strong>.<\/p>\n<p>&nbsp;<\/p>\n<h2>Comment les utiliser\u202f?<\/h2>\n<p>Il suffit de fixer les tiges sur les c\u00f4t\u00e9s de votre m\u00e9tier.<\/p>\n<p>Certains mod\u00e8les sont livr\u00e9s avec des supports suppl\u00e9mentaires pour garantir la stabilit\u00e9. Vous tissez comme d\u2019habitude, mais avec plus de libert\u00e9 en longueur. <\/p>\n<p>Exemple : avec le Loreli, vous pouvez tisser \u00e0 plat sur une table, sur vos genoux ou en l\u2019installant sur le <a href=\"https:\/\/mirrix.be\/harvey-staander\/\">support Harvey<\/a>. <\/p>\n<p>&nbsp;<\/p>\n<h2>Pourquoi ne pas acheter un m\u00e9tier plus grand\u202f?<\/h2>\n<p>Gr\u00e2ce \u00e0 ce kit d\u2019extension\u202f:<\/p>\n<ul>\n<li>vous gagnez de la place et \u00e9conomisez de l\u2019argent<\/li>\n<li>vous prolongez la vie de votre m\u00e9tier actuel<\/li>\n<\/ul>\n<ul>\n<li>vous \u00e9vitez l\u2019achat d\u2019un m\u00e9tier plus grand<\/li>\n<\/ul>\n<p>Parfait pour celles et ceux qui tissent occasionnellement de grandes pi\u00e8ces.<\/p>\n<p>&nbsp;<\/p>\n<h2>Pourquoi choisir Weefweelde ?<\/h2>\n<p><a href=\"https:\/\/weefweelde.be\/\" target=\"_blank\" rel=\"noopener\">Weefweelde<\/a> est le distributeur officiel des m\u00e9tiers \u00e0 tisser <a href=\"https:\/\/mirrixlooms.com\/\" target=\"_blank\" rel=\"noopener\">Mirrix <\/a>dans l\u2019UE.<\/p>\n<p>Nous proposons :<\/p>\n<ul>\n<li>Des conseils experts et personnalis\u00e9s<\/li>\n<li>Une livraison rapide depuis notre stock<\/li>\n<li>On vous offre :<\/li>\n<\/ul>\n<p>&nbsp;<\/p>\n<p>\u27a1\ufe0f Des questions ? <a href=\"https:\/\/mirrix.be\/contact\/\">Contactez-nous <\/a>ici. Nous sommes l\u00e0 pour vous aider.<\/p>\n<p>&nbsp;<\/p>\n<p>Vous cherchez un m\u00e9tier ou des accessoires\u202f? D\u00e9couvrez notre collection de <a href=\"https:\/\/mirrix.be\/weefshop\/?jsf=epro-loop-builder:weefproducten&amp;tax=merk:176\">m\u00e9tiers Mirrix<\/a> et nos <a href=\"https:\/\/mirrix.be\/algemene-toebehoren\/\">outils et extensions<\/a><\/p>\n<p>&nbsp;<\/p>\n","protected":false},"excerpt":{"rendered":"<p>Tissez de plus longues pi\u00e8ces sans devoir acheter un m\u00e9tier plus grand. Les <strong>tiges filet\u00e9es d\u2019extension<\/strong> Mirrix sont une solution ing\u00e9nieuse compatible avec cinq mod\u00e8les Mirrix. <\/p>\n","protected":false},"featured_media":10757,"template":"","meta":[],"product_brand":[],"product_cat":[461,439],"product_tag":[],"merk":[176],"class_list":{"0":"post-21038","1":"product","2":"type-product","3":"status-publish","4":"has-post-thumbnail","6":"product_cat-mirrix-accessoires-fr","7":"product_cat-accessoires-mirrix","8":"merk-mirrix","10":"first","11":"instock","12":"sale","13":"taxable","14":"shipping-taxable","15":"purchasable","16":"product-type-variable"},"_links":{"self":[{"href":"https:\/\/mirrix.be\/fr\/wp-json\/wp\/v2\/product\/21038","targetHints":{"allow":["GET"]}}],"collection":[{"href":"https:\/\/mirrix.be\/fr\/wp-json\/wp\/v2\/product"}],"about":[{"href":"https:\/\/mirrix.be\/fr\/wp-json\/wp\/v2\/types\/product"}],"wp:featuredmedia":[{"embeddable":true,"href":"https:\/\/mirrix.be\/fr\/wp-json\/wp\/v2\/media\/10757"}],"wp:attachment":[{"href":"https:\/\/mirrix.be\/fr\/wp-json\/wp\/v2\/media?parent=21038"}],"wp:term":[{"taxonomy":"product_brand","embeddable":true,"href":"https:\/\/mirrix.be\/fr\/wp-json\/wp\/v2\/product_brand?post=21038"},{"taxonomy":"product_cat","embeddable":true,"href":"https:\/\/mirrix.be\/fr\/wp-json\/wp\/v2\/product_cat?post=21038"},{"taxonomy":"product_tag","embeddable":true,"href":"https:\/\/mirrix.be\/fr\/wp-json\/wp\/v2\/product_tag?post=21038"},{"taxonomy":"merk","embeddable":true,"href":"https:\/\/mirrix.be\/fr\/wp-json\/wp\/v2\/merk?post=21038"}],"curies":[{"name":"wp","href":"https:\/\/api.w.org\/{rel}","templated":true}]}}