{"id":21060,"date":"2026-01-19T16:53:52","date_gmt":"2026-01-19T15:53:52","guid":{"rendered":"https:\/\/mirrix.be\/chloe-pocket-loom-10-25-cm-draagbaar-precies-en-veelzijdig\/"},"modified":"2026-01-19T17:10:39","modified_gmt":"2026-01-19T16:10:39","slug":"chloe-pocket-loom-10-25-cm-draagbaar-precies-en-veelzijdig","status":"publish","type":"product","link":"https:\/\/mirrix.be\/fr\/chloe-pocket-loom-10-25-cm-draagbaar-precies-en-veelzijdig\/","title":{"rendered":"Chloe Pocket Loom 10\u2033 (25 cm) : M\u00e9tier \u00e0 tisser portable, pr\u00e9cis et polyvalent"},"content":{"rendered":"<h2>Pourquoi choisir le Chloe Pocket Loom 10\u2033 ?<\/h2>\n<ol>\n<li><strong>L\u2019\u00e9quilibre id\u00e9al entre portabilit\u00e9 et professionnalisme<\/strong><\/li>\n<\/ol>\n<p>Il ne tient peut-\u00eatre pas dans votre poche, mais le Chloe Pocket Loom 10\u2033 est \u00e9tonnamment l\u00e9ger (1 kg) et facile \u00e0 emporter. Et en m\u00eame temps, il permet de r\u00e9aliser des \u0153uvres plus grandes et raffin\u00e9es : <\/p>\n<ol start=\"2\">\n<li><strong>Pour perles et tapisserie<\/strong><\/li>\n<\/ol>\n<p>Avec le Chloe Pocket Loom 10\u2033, vous pouvez facilement tisser des perles ou de la tapisserie. Les peignes l\u00e9g\u00e8rement incurv\u00e9s et thermolaqu\u00e9s en haut et en bas permettent de tendre la cha\u00eene rapidement et avec pr\u00e9cision, pour un r\u00e9sultat net et r\u00e9gulier. <\/p>\n<p>Gr\u00e2ce \u00e0 l\u2019utilisation d\u2019une cha\u00eene continue, vous n\u2019avez \u00e0 finir que le d\u00e9but et la fin de votre tissage. R\u00e9sultat ? Quatre lisi\u00e8res nettes et bien finies. <\/p>\n<p>Les peignes sont interchangeables, ce qui vous permet d\u2019adapter votre m\u00e9tier \u00e0 diff\u00e9rents types de perles ou de fils.<\/p>\n<ol start=\"3\">\n<li><strong>Parfait pour les d\u00e9butants et les pros<\/strong><\/li>\n<\/ol>\n<p>Les d\u00e9butants appr\u00e9cient sa facilit\u00e9 d\u2019utilisation et sa taille compacte. Les tisserands exp\u00e9riment\u00e9s l\u2019utilisent comme m\u00e9tier de voyage ou pour r\u00e9aliser des \u00e9chantillons. Le m\u00e9tier \u00e0 tisser Chloe combine apprentissage et r\u00e9sultats professionnels.  <\/p>\n<h2>Sp\u00e9cifications Chloe Pocket Loom 10\u2033<\/h2>\n<table>\n<thead>\n<tr>\n<td>Caract\u00e9ristique<\/td>\n<td width=\"139\">D\u00e9tail<\/td>\n<p>\n<\/tr>\n<\/thead>\n<tbody>\n<tr>\n<td width=\"139\">Largeur de tissage<\/td>\n<td>25 cm<\/td>\n<\/tr>\n<tr>\n<td>Longueur de tissage<\/td>\n<td width=\"139\">28 cm<\/td>\n<\/tr>\n<tr>\n<td width=\"139\">Largeur totale<\/td>\n<td>26,5 cm<\/td>\n<\/tr>\n<tr>\n<td width=\"139\">Poids<\/td>\n<td>1 kg<\/td>\n<\/tr>\n<tr>\n<td width=\"139\">Mat\u00e9riau<\/td>\n<td>Aluminium (comme la S\u00e9rie <a href=\"https:\/\/mirrixlooms.com\/collections\/classic-series-looms\" target=\"_blank\" rel=\"noopener\">Classic<\/a>)<\/td>\n<\/tr>\n<tr>\n<td width=\"139\">Kamdichtheden<\/td>\n<td>3, 4, 5, 5.5, 6.5 et7 fils\/cm (8\u201318 EPI)<\/td>\n<\/tr>\n<\/tbody>\n<\/table>\n<p>&nbsp;<\/p>\n<h2>Contenu du pack Chloe Pocket Loom 10\u2033<\/h2>\n<p>En commandant le Chloe Pocket Loom 10\u2033, vous recevrez :<\/p>\n<ul>\n<li>1 boven- en 1 onderbalk<\/li>\n<li>4 syst\u00e8mes de peignes m\u00e9talliques (densit\u00e9s de 3 \u00e0 5,5 fils\/cm)<\/li>\n<li>2 barres de cha\u00eene (pour 28 cm de longeur de tissage)<\/li>\n<li>2 cl\u00e9s de montage personnalis\u00e9es<\/li>\n<li>4 \u00e9crous papillon<\/li>\n<li>6 rondelles<\/li>\n<li>2 \u00e9crous hexagonaux<\/li>\n<li>2 \u00e9crous borgnes<\/li>\n<li>2 capuchons noirs<\/li>\n<li>Instructions imprim\u00e9es<\/li>\n<\/ul>\n<p>&nbsp;<\/p>\n<p>\ud83d\udc49 Consultez aussi notre tutoriel ci-dessous pour bien d\u00e9buter.<\/p>\n<h2>Quelle est la diff\u00e9rence entre les Chloe Pocket Looms ?<\/h2>\n<table style=\"height: 241px;\" width=\"429\">\n<thead>\n<tr>\n<td>Mod\u00e8le<\/td>\n<td>Largeur de tissage<\/td>\n<td>Poids<\/td>\n<\/tr>\n<\/thead>\n<tbody>\n<tr>\n<td>Chloe 5&Prime;<\/td>\n<td>12,7 cm<\/td>\n<td>0,3 kg<\/td>\n<\/tr>\n<tr>\n<td>Chloe 8&Prime;<\/td>\n<td>20 cm<\/td>\n<td>0,8 kg<\/td>\n<\/tr>\n<tr>\n<td>Chloe 10&Prime;<\/td>\n<td>25 cm<\/td>\n<td>1 kg<\/td>\n<\/tr>\n<\/tbody>\n<\/table>\n<p>\ud83d\udc49 Comparez avec les pages <a href=\"https:\/\/mirrix.be\/fr\/metier-a-tisser-chloe-pocket\/\" target=\"_blank\" rel=\"noopener\">Chloe 5\u2033 <\/a>et <a href=\"https:\/\/mirrix.be\/fr\/metier-a-tisser-chloe-pocket\/\" target=\"_blank\" rel=\"noopener\">Chloe 8\u2033<\/a>.<\/p>\n<h2>Accessoires utilesMeer handige accessoires<\/h2>\n<ul>\n<li>Vous aimez tisser \u00e0 table ? Ajoutez <a href=\"https:\/\/mirrix.be\/fr\/chloe-staander-2\/\" target=\"_blank\" rel=\"noopener\">le support Chloe<\/a>. <\/li>\n<li>Besoin <a href=\"https:\/\/mirrix.be\/set-extra-fijne-kammen-voor-chloe\/\" target=\"_blank\" rel=\"noopener\">d\u2019un jeu de peignes<\/a> suppl\u00e9mentaires avec 6,3 et 7 dents par cm? D\u00e9couvrez nos<a href=\"https:\/\/mirrix.be\/fr\/divers-fr\/divers-fr-fr\/\"> accessoires Mirrix<\/a>. <\/li>\n<\/ul>\n","protected":false},"excerpt":{"rendered":"<p>Le <strong>Chloe Pocket Loom 10&Prime;<\/strong> est un m\u00e9tier \u00e0 tisser l\u00e9ger et puissant pour la tapisserie et les perles, adapt\u00e9 aussi bien aux d\u00e9butants qu\u2019aux tisserands professionnels.<\/p>\n<p>Met een breedte van 25 cm is dit het grootste model uit de Chloe-reeks van Mirrix. Ideaal voor wie meer wil weven zonder in te boeten aan draagbaarheid. <\/p>\n","protected":false},"featured_media":20721,"template":"","meta":[],"product_brand":[],"product_cat":[354,394],"product_tag":[],"merk":[176],"class_list":{"0":"post-21060","1":"product","2":"type-product","3":"status-publish","4":"has-post-thumbnail","6":"product_cat-metiers-a-tisser-mirrix","7":"product_cat-mirrix-metiers-a-tisser","8":"merk-mirrix","10":"first","11":"onbackorder","12":"sale","13":"taxable","14":"shipping-taxable","15":"purchasable","16":"product-type-variable"},"_links":{"self":[{"href":"https:\/\/mirrix.be\/fr\/wp-json\/wp\/v2\/product\/21060","targetHints":{"allow":["GET"]}}],"collection":[{"href":"https:\/\/mirrix.be\/fr\/wp-json\/wp\/v2\/product"}],"about":[{"href":"https:\/\/mirrix.be\/fr\/wp-json\/wp\/v2\/types\/product"}],"wp:featuredmedia":[{"embeddable":true,"href":"https:\/\/mirrix.be\/fr\/wp-json\/wp\/v2\/media\/20721"}],"wp:attachment":[{"href":"https:\/\/mirrix.be\/fr\/wp-json\/wp\/v2\/media?parent=21060"}],"wp:term":[{"taxonomy":"product_brand","embeddable":true,"href":"https:\/\/mirrix.be\/fr\/wp-json\/wp\/v2\/product_brand?post=21060"},{"taxonomy":"product_cat","embeddable":true,"href":"https:\/\/mirrix.be\/fr\/wp-json\/wp\/v2\/product_cat?post=21060"},{"taxonomy":"product_tag","embeddable":true,"href":"https:\/\/mirrix.be\/fr\/wp-json\/wp\/v2\/product_tag?post=21060"},{"taxonomy":"merk","embeddable":true,"href":"https:\/\/mirrix.be\/fr\/wp-json\/wp\/v2\/merk?post=21060"}],"curies":[{"name":"wp","href":"https:\/\/api.w.org\/{rel}","templated":true}]}}