{"id":9504,"date":"2025-03-04T21:47:08","date_gmt":"2025-03-04T20:47:08","guid":{"rendered":"https:\/\/mirrix.be\/metier-a-tisser-zeus-38-97-cm\/"},"modified":"2025-08-19T20:03:31","modified_gmt":"2025-08-19T18:03:31","slug":"metier-a-tisser-zeus-38-97-cm","status":"publish","type":"product","link":"https:\/\/mirrix.be\/fr\/metier-a-tisser-zeus-38-97-cm\/","title":{"rendered":"M\u00e9tier \u00e0 tisser Zeus 38\u2033 = 97 cm \u2013 Puissant, large et con\u00e7u pour les grands projets"},"content":{"rendered":"<h2>Quelle longueur de tissage\u202fdu Zeus 38\u2033 ?<\/h2>\n<ul>\n<li>Sans syst\u00e8me de lisses : jusqu\u2019\u00e0 155 cm de longueur de tissage (avec cha\u00eene continue)<\/li>\n<li>Avec syst\u00e8me de lisses : jusqu\u2019\u00e0 145 cm (avec cha\u00eene continue)<\/li>\n<\/ul>\n<p>Ces longueurs tiennent d\u00e9j\u00e0 compte d\u2019une petite perte de fil de cha\u00eene au d\u00e9but et \u00e0 la fin de votre ouvrage.<\/p>\n<p>\ud83d\udca1 <strong>Astuce<\/strong> : commencez avec le syst\u00e8me de lisses et retirez-le \u00e0 la fin. Vous profiterez ainsi de presque toute la longueur de 155 cm, avec le confort du syst\u00e8me de lisses. <\/p>\n<h2>Contenu de la bo\u00eete<\/h2>\n<p>Lors de l\u2019achat du m\u00e9tier Zeus 38&Prime;, vous recevez :<\/p>\n<ul>\n<li>Le syst\u00e8me de lisses avec poign\u00e9e du dispositif de lisse<\/li>\n<li>Une cl\u00e9 plate et une cl\u00e9 Allen<\/li>\n<li>Une barre sup\u00e9rieure avec ressorts<\/li>\n<li>Quatre ressorts sup\u00e9rieurs (3, 5, 5,5 et 7 fils\/cm)<\/li>\n<li>Instructions imprim\u00e9es<\/li>\n<\/ul>\n<p>\ud83d\udca1 <strong>Conseil<\/strong> : commandez \u00e9galement des <a href=\"https:\/\/mirrix.be\/fr\/cordons-texsolv-pour-metiers-mirrix\/\" target=\"_blank\" rel=\"noopener\">cordons Texsolv <\/a>pour pour bien attacher vos fils de cha\u00eene.<\/p>\n<h2>Options et accessoires suppl\u00e9mentaires<\/h2>\n<p>Vous souhaitez tirer encore plus parti de votre Zeus 38&Prime; ? Pensez \u00e0 ces accessoires : <\/p>\n<ul>\n<li>Support Harvey : pied stable pour utiliser le m\u00e9tier \u00e0 la verticale<\/li>\n<li>Kit de barre de cha\u00eene suppl\u00e9mentaire : pour tendre la cha\u00eene sans n\u0153ud<\/li>\n<li>Kit de ressorts de cha\u00eene inf\u00e9rieurs et ressorts suppl\u00e9mentaires : plus de flexibilit\u00e9 lors du montage<\/li>\n<li>Repose-pieds prolong\u00e9s et tiges filet\u00e9es : +25 cm de longueur de tissage suppl\u00e9mentaire<\/li>\n<li>Cordons Texsolv : pour un meilleur maintien<\/li>\n<\/ul>\n<h2>Caract\u00e9ristiques techniques \u2013 M\u00e9tier Zeus 38\u201d<\/h2>\n<table>\n<thead>\n<tr>\n<td>Caract\u00e9ristique<\/td>\n<td>Valeur<\/td>\n<\/tr>\n<\/thead>\n<tbody>\n<tr>\n<td>Largeur de tissage<\/td>\n<td>89 cm<\/td>\n<\/tr>\n<tr>\n<td>Longueur de tissage max.<\/td>\n<td>155 cm<\/td>\n<\/tr>\n<tr>\n<td>Largeur du m\u00e9tier<\/td>\n<td>97 cm<\/td>\n<\/tr>\n<tr>\n<td>Poids<\/td>\n<td>6,4 kg<\/td>\n<\/tr>\n<tr>\n<td>Mat\u00e9riaux<\/td>\n<td>Aluminium, acier, cuivre, \u00e9rable<\/td>\n<\/tr>\n<tr>\n<td><\/td>\n<td><\/td>\n<\/tr>\n<\/tbody>\n<\/table>\n<p>\ud83d\udd17 D\u00e9couvrez aussi nos autres mod\u00e8les, comme le <a href=\"https:\/\/mirrix.be\/fr\/metier-a-tisser-zach-22-55-cm\/\" target=\"_blank\" rel=\"noopener\">Zach 22&Prime;<\/a> ou le <a href=\"https:\/\/mirrix.be\/fr\/metier-a-tisser-little-guy-12-30-cm\/\" target=\"_blank\" rel=\"noopener\">Little Guy 12&Prime;<\/a>.<\/p>\n<h2>Pourquoi choisir Weefweelde ?<\/h2>\n<p><a href=\"https:\/\/mirrix.be\/\" target=\"_blank\" rel=\"noopener\">Weefweelde<\/a> est le distributeur officiel des m\u00e9tiers \u00e0 tisser <a href=\"https:\/\/mirrixlooms.com\/\" target=\"_blank\" rel=\"noopener\">Mirrix<\/a> dans l\u2019UE.<\/p>\n<p>Nous proposons :<\/p>\n<ul>\n<li>Des conseils experts et personnalis\u00e9s<\/li>\n<li>Une livraison rapide depuis notre stock<\/li>\n<li>Un accompagnement en ligne et hors ligne par Weefweelde<\/li>\n<\/ul>\n<h2>Vid\u00e9os : Bien d\u00e9marrer avec votre m\u00e9tier<\/h2>\n<p>Vous voulez savoir comment installer correctement votre m\u00e9tier Zeus 38&Prime; ? Regardez nos vid\u00e9os explicatives sur : <\/p>\n<ul>\n<li>Le montage avec cha\u00eene continue pour la tapisserie<\/li>\n<li>Le montage avec cha\u00eene continue pour le tissage de perles<\/li>\n<li>Le tissage de perles avec et sans syst\u00e8me de lisses<\/li>\n<\/ul>\n<p>&nbsp;<\/p>\n<p>\u27a1\ufe0f Des questions ? <a href=\"https:\/\/mirrix.be\/fr\/contact\/\" target=\"_blank\" rel=\"noopener\">Contactez-nous ici.<\/a> <\/p>\n","protected":false},"excerpt":{"rendered":"<p>Le <strong>Zeus<\/strong> 38&Prime; de Mirrix est un m\u00e9tier \u00e0 tisser puissant pour des cr\u00e9ations de grande envergure. Solide et large, il offre une largeur de tissage utile de 89 cm. Id\u00e9al pour celles et ceux qui souhaitent r\u00e9aliser de grandes tapisseries murales ou tisser plusieurs pi\u00e8ces plus petites c\u00f4te \u00e0 c\u00f4te (m\u00eame simultan\u00e9ment). Comme tous nos m\u00e9tiers, il est \u00e9galement adapt\u00e9 au tissage de perles.   <\/p>\n<p>Gr\u00e2ce \u00e0 sa structure robuste, il reste stable m\u00eame lors de longues sessions. Les tiges filet\u00e9es vous permettent d\u2019ajuster la tension de la cha\u00eene facilement et avec pr\u00e9cision, \u00e0 tout moment.  Gr\u00e2ce \u00e0 son design intelligent avec pieds repliables, vous pouvez facilement le ranger.<\/p>\n","protected":false},"featured_media":9564,"template":"","meta":[],"product_brand":[],"product_cat":[354,394],"product_tag":[357,355,356],"merk":[],"class_list":{"0":"post-9504","1":"product","2":"type-product","3":"status-publish","4":"has-post-thumbnail","6":"product_cat-metiers-a-tisser-mirrix","7":"product_cat-mirrix-metiers-a-tisser","8":"product_tag-metiers-a-tapisserie","9":"product_tag-mirrix-fr","10":"product_tag-zeus-fr","12":"first","13":"instock","14":"sale","15":"taxable","16":"shipping-taxable","17":"purchasable","18":"product-type-variable"},"_links":{"self":[{"href":"https:\/\/mirrix.be\/fr\/wp-json\/wp\/v2\/product\/9504","targetHints":{"allow":["GET"]}}],"collection":[{"href":"https:\/\/mirrix.be\/fr\/wp-json\/wp\/v2\/product"}],"about":[{"href":"https:\/\/mirrix.be\/fr\/wp-json\/wp\/v2\/types\/product"}],"wp:featuredmedia":[{"embeddable":true,"href":"https:\/\/mirrix.be\/fr\/wp-json\/wp\/v2\/media\/9564"}],"wp:attachment":[{"href":"https:\/\/mirrix.be\/fr\/wp-json\/wp\/v2\/media?parent=9504"}],"wp:term":[{"taxonomy":"product_brand","embeddable":true,"href":"https:\/\/mirrix.be\/fr\/wp-json\/wp\/v2\/product_brand?post=9504"},{"taxonomy":"product_cat","embeddable":true,"href":"https:\/\/mirrix.be\/fr\/wp-json\/wp\/v2\/product_cat?post=9504"},{"taxonomy":"product_tag","embeddable":true,"href":"https:\/\/mirrix.be\/fr\/wp-json\/wp\/v2\/product_tag?post=9504"},{"taxonomy":"merk","embeddable":true,"href":"https:\/\/mirrix.be\/fr\/wp-json\/wp\/v2\/merk?post=9504"}],"curies":[{"name":"wp","href":"https:\/\/api.w.org\/{rel}","templated":true}]}}